{"id":4429,"date":"2015-08-03T18:25:13","date_gmt":"2015-08-04T00:25:13","guid":{"rendered":"http:\/\/www.guiamedicamorelos.com\/wp-medicos\/angiologos-en-cuernavaca-copy\/"},"modified":"2019-11-11T16:39:18","modified_gmt":"2019-11-11T22:39:18","slug":"cardiologos-en-cuernavaca","status":"publish","type":"page","link":"https:\/\/www.guiamedicamorelos.com\/wp-medicos\/cardiologos-en-cuernavaca\/","title":{"rendered":"Cardi\u00f3logos en Cuernavaca"},"content":{"rendered":"<!--themify_builder_content-->\n<div id=\"themify_builder_content-4429\" data-postid=\"4429\" class=\"themify_builder_content themify_builder_content-4429 themify_builder tf_clear\">\n                    <div  data-lazy=\"1\" class=\"module_row themify_builder_row tb_2yaj107 tb_first tf_w\">\n                        <div class=\"row_inner gutter-narrow col_align_top tb_col_count_2 tf_box tf_rel\">\n                        <div  data-lazy=\"1\" class=\"module_column tb-column col3-2 tb_s4wf993 first\">\n                    <!-- module text -->\n<div  class=\"module module-text tb_u3y3095   \" data-lazy=\"1\">\n        <div  class=\"tb_text_wrap\">\n        <div class=\"tb_layout_part_wrap tf_w\"><!--themify_builder_content-->\n    <div  class=\"themify_builder_content themify_builder_content-5987 themify_builder not_editable_builder in_the_loop\" data-postid=\"5987\">\n                        <div  data-lazy=\"1\" class=\"module_row themify_builder_row tb_tb72447 tf_w\">\n                        <div class=\"row_inner col_align_top tb_col_count_1 tf_box tf_rel\">\n                        <div  data-lazy=\"1\" class=\"module_column tb-column col-full  tb_urq0777 first\">\n                    <!-- module image -->\n<div  class=\"module module-image tb_z3pd710 image-center    auto_fullwidth tf_mw\" data-lazy=\"1\">\n        <div class=\"image-wrap tf_rel tf_mw\">\n            <a href=\"http:\/\/www.guiamedicamorelos.com\/torre-medica-cuernavaca\">\n                   <img loading=\"lazy\" decoding=\"async\" src=\"http:\/\/www.guiamedicamorelos.com\/wp-medicos\/wp-content\/uploads\/2017\/05\/banner-torremedicacuernavaca-02.jpg\" width=\"700\" height=\"100\" title=\"Cardi\u00f3logos en Cuernavaca\" alt=\"Cardi\u00f3logos en Cuernavaca\">        <\/a>\n    \n        <\/div>\n    <!-- \/image-wrap -->\n    \n        <\/div>\n<!-- \/module image -->        <\/div>\n                        <\/div>\n        <\/div>\n            <\/div>\n<!--\/themify_builder_content--><\/div>\n    <\/div>\n<\/div>\n<!-- \/module text --><!-- module text -->\n<div  class=\"module module-text tb_2jzr040   \" data-lazy=\"1\">\n        <div  class=\"tb_text_wrap\">\n        <p>Cardi\u00f3logos\u00a0en Cuernavaca<\/p>    <\/div>\n<\/div>\n<!-- \/module text --><!-- module text -->\n<div  class=\"module module-text tb_n70g509  repeat \" data-lazy=\"1\">\n        <div  class=\"tb_text_wrap\">\n        <p><strong>Dr. Efra\u00edn Arizmendi Uribe<\/strong><br \/>Tel. (777) 322-7703<br \/>Cuenavaca, Mor.<br \/><hr class=\"shortcode hr light-gray\" style=\"width:100%;border-width:1px;\" \/><\/p>\n<p><strong><br \/>Dr. Javier Mendoza Duarte<\/strong><br \/>Tel. (777) 314-0187 y 312-2443<br \/>Cuenavaca, Mor.<br \/><hr class=\"shortcode hr light-gray\" style=\"width:100%;border-width:1px;\" \/><\/p>\n<p><strong>Dr. Alejandro Del Rio Meraza<\/strong><br \/>Tel. (777) 312-6761 y 318-3192<br \/>Cuenavaca, Mor.<br \/><hr class=\"shortcode hr light-gray\" style=\"width:100%;border-width:1px;\" \/><\/p>\n<p><strong>C\u00e1rdica<\/strong> <br \/>Tel. (777) 314-2847<br \/>Cuernavaca, Mor.<\/p>\n<p>\u00a0<\/p>\n<p><strong>\u00a0<\/strong><\/p>    <\/div>\n<\/div>\n<!-- \/module text -->        <\/div>\n                    <div  data-lazy=\"1\" class=\"module_column tb-column col3-1 tb_dzew500 last\">\n                    <!-- module text -->\n<div  class=\"module module-text tb_8hls503   \" data-lazy=\"1\">\n        <div  class=\"tb_text_wrap\">\n            <\/div>\n<\/div>\n<!-- \/module text --><!-- module text -->\n<div  class=\"module module-text tb_2zqu055   \" data-lazy=\"1\">\n        <div  class=\"tb_text_wrap\">\n        <div class=\"tb_layout_part_wrap tf_w\"><!--themify_builder_content-->\n    <div  class=\"themify_builder_content themify_builder_content-4771 themify_builder not_editable_builder in_the_loop\" data-postid=\"4771\">\n                        <div  data-lazy=\"1\" class=\"module_row themify_builder_row tb_57360ad tf_w\">\n                        <div class=\"row_inner col_align_top tb_col_count_1 tf_box tf_rel\">\n                        <div  data-lazy=\"1\" class=\"module_column tb-column col-full tb_065d41e first\">\n                    <!-- module image -->\n<div  class=\"module module-image tb_ee06636 image-center   tf_mw\" data-lazy=\"1\">\n        <div class=\"image-wrap tf_rel tf_mw\">\n            <a href=\"https:\/\/www.guiamedicamorelos.com\/wp-medicos\/contacto\">\n                   <img loading=\"lazy\" decoding=\"async\" width=\"278\" height=\"111\" src=\"https:\/\/www.guiamedicamorelos.com\/wp-medicos\/wp-content\/uploads\/2015\/07\/anunciate-guiamedicamorelos.jpg\" class=\"wp-post-image wp-image-4347\" alt=\"Gu\u00eda Medica Morelos\" srcset=\"https:\/\/www.guiamedicamorelos.com\/wp-medicos\/wp-content\/uploads\/2015\/07\/anunciate-guiamedicamorelos.jpg 278w, https:\/\/www.guiamedicamorelos.com\/wp-medicos\/wp-content\/uploads\/2015\/07\/anunciate-guiamedicamorelos-375x150.jpg 375w, https:\/\/www.guiamedicamorelos.com\/wp-medicos\/wp-content\/uploads\/2015\/07\/anunciate-guiamedicamorelos-200x80.jpg 200w\" sizes=\"auto, (max-width: 278px) 100vw, 278px\" \/>        <\/a>\n    \n        <\/div>\n    <!-- \/image-wrap -->\n    \n        <\/div>\n<!-- \/module image -->        <\/div>\n                        <\/div>\n        <\/div>\n                        <div  data-lazy=\"1\" class=\"module_row themify_builder_row tb_g0w1509 tf_w\">\n                        <div class=\"row_inner col_align_top tb_col_count_1 tf_box tf_rel\">\n                        <div  data-lazy=\"1\" class=\"module_column tb-column col-full tb_7e8a530 first\">\n                            <\/div>\n                        <\/div>\n        <\/div>\n            <\/div>\n<!--\/themify_builder_content--><\/div>\n    <\/div>\n<\/div>\n<!-- \/module text -->        <\/div>\n                        <\/div>\n        <\/div>\n                        <div  data-lazy=\"1\" class=\"module_row themify_builder_row tb_kr7o555 tf_w\">\n                        <div class=\"row_inner col_align_top tb_col_count_1 tf_box tf_rel\">\n                        <div  data-lazy=\"1\" class=\"module_column tb-column col-full tb_033z555 first\">\n                    <!-- module text -->\n<div  class=\"module module-text tb_aeu2053   \" data-lazy=\"1\">\n        <div  class=\"tb_text_wrap\">\n        <div class=\"tb_layout_part_wrap tf_w\"><!--themify_builder_content-->\n    <div  class=\"themify_builder_content themify_builder_content-4420 themify_builder not_editable_builder in_the_loop\" data-postid=\"4420\">\n                        <div  data-lazy=\"1\" class=\"module_row themify_builder_row tb_aa4f163 tf_w\">\n                        <div class=\"row_inner col_align_top tb_col_count_1 tf_box tf_rel\">\n                        <div  data-lazy=\"1\" class=\"module_column tb-column col-full tb_487b434 first\">\n                    <!-- module text -->\n<div  class=\"module module-text tb_3490387  repeat \" data-lazy=\"1\">\n        <div  class=\"tb_text_wrap\">\n        <p><strong>NOTA IMPORTANTE:<\/strong> El objetivo de Gu\u00eda M\u00e9dica Morelos, es meramente informativo y de uso publicitario, sin recomendar expl\u00edcitamente alg\u00fan servicio y\/o producto aqu\u00ed anunciado o listado.<\/p>    <\/div>\n<\/div>\n<!-- \/module text -->        <\/div>\n                        <\/div>\n        <\/div>\n            <\/div>\n<!--\/themify_builder_content--><\/div>\n    <\/div>\n<\/div>\n<!-- \/module text -->        <\/div>\n                        <\/div>\n        <\/div>\n        <\/div>\n<!--\/themify_builder_content-->","protected":false},"excerpt":{"rendered":"<p>Cardi\u00f3logos\u00a0en Cuernavaca Dr. Efra\u00edn Arizmendi UribeTel. (777) 322-7703Cuenavaca, Mor. Dr. Javier Mendoza DuarteTel. (777) 314-0187 y 312-2443Cuenavaca, Mor. Dr. Alejandro Del Rio MerazaTel. (777) 312-6761 y 318-3192Cuenavaca, Mor. C\u00e1rdica Tel. (777) 314-2847Cuernavaca, Mor. \u00a0 \u00a0<\/p>\n","protected":false},"author":1,"featured_media":0,"parent":0,"menu_order":0,"comment_status":"open","ping_status":"open","template":"","meta":{"_monsterinsights_skip_tracking":false,"_monsterinsights_sitenote_active":false,"_monsterinsights_sitenote_note":"","_monsterinsights_sitenote_category":0,"footnotes":""},"class_list":["post-4429","page","type-page","status-publish","hentry","has-post-title","has-post-date","has-post-category","has-post-tag","has-post-comment","has-post-author",""],"amp_enabled":true,"builder_content":"[themify_layout_part id=5987]\n<p>Cardi\u00f3logos\u00a0en Cuernavaca<\/p>\n<p><strong>Dr. Efra\u00edn Arizmendi Uribe<\/strong><br \/>Tel. (777) 322-7703<br \/>Cuenavaca, Mor.<br \/>[themify_hr color=\"light-gray\" width=\"100%\" border_width=\"1px\" ]<\/p> <p><strong><br \/>Dr. Javier Mendoza Duarte<\/strong><br \/>Tel. (777) 314-0187 y 312-2443<br \/>Cuenavaca, Mor.<br \/>[themify_hr color=\"light-gray\" width=\"100%\" border_width=\"1px\" ]<\/p> <p><strong>Dr. Alejandro Del Rio Meraza<\/strong><br \/>Tel. (777) 312-6761 y 318-3192<br \/>Cuenavaca, Mor.<br \/>[themify_hr color=\"light-gray\" width=\"100%\" border_width=\"1px\" ]<\/p> <p><strong>C\u00e1rdica<\/strong> <br \/>Tel. (777) 314-2847<br \/>Cuernavaca, Mor.<\/p> <p>\u00a0<\/p> <p><strong>\u00a0<\/strong><\/p>\n<p>[themify_layout_part slug=\"siguenos-facebook\"]<\/p>\n<p>[themify_layout_part id=\"4771\"]<\/p>\n<p>[themify_layout_part id=4420]<\/p>","_links":{"self":[{"href":"https:\/\/www.guiamedicamorelos.com\/wp-medicos\/wp-json\/wp\/v2\/pages\/4429","targetHints":{"allow":["GET"]}}],"collection":[{"href":"https:\/\/www.guiamedicamorelos.com\/wp-medicos\/wp-json\/wp\/v2\/pages"}],"about":[{"href":"https:\/\/www.guiamedicamorelos.com\/wp-medicos\/wp-json\/wp\/v2\/types\/page"}],"author":[{"embeddable":true,"href":"https:\/\/www.guiamedicamorelos.com\/wp-medicos\/wp-json\/wp\/v2\/users\/1"}],"replies":[{"embeddable":true,"href":"https:\/\/www.guiamedicamorelos.com\/wp-medicos\/wp-json\/wp\/v2\/comments?post=4429"}],"version-history":[{"count":14,"href":"https:\/\/www.guiamedicamorelos.com\/wp-medicos\/wp-json\/wp\/v2\/pages\/4429\/revisions"}],"predecessor-version":[{"id":7961,"href":"https:\/\/www.guiamedicamorelos.com\/wp-medicos\/wp-json\/wp\/v2\/pages\/4429\/revisions\/7961"}],"wp:attachment":[{"href":"https:\/\/www.guiamedicamorelos.com\/wp-medicos\/wp-json\/wp\/v2\/media?parent=4429"}],"curies":[{"name":"wp","href":"https:\/\/api.w.org\/{rel}","templated":true}]}}