{"id":4444,"date":"2015-08-04T12:59:25","date_gmt":"2015-08-04T18:59:25","guid":{"rendered":"http:\/\/www.guiamedicamorelos.com\/wp-medicos\/cirujanos-maxilofaciales-en-cuernavaca-copy\/"},"modified":"2020-10-06T18:29:21","modified_gmt":"2020-10-06T23:29:21","slug":"dentistas-en-cuernavaca","status":"publish","type":"page","link":"https:\/\/www.guiamedicamorelos.com\/wp-medicos\/dentistas-en-cuernavaca\/","title":{"rendered":"Dentistas en Cuernavaca"},"content":{"rendered":"<!--themify_builder_content-->\n<div id=\"themify_builder_content-4444\" data-postid=\"4444\" class=\"themify_builder_content themify_builder_content-4444 themify_builder tf_clear\">\n                    <div  data-lazy=\"1\" class=\"module_row themify_builder_row tb_3469b1c tb_first tf_w\">\n                        <div class=\"row_inner gutter-narrow col_align_top tb_col_count_2 tf_box tf_rel\">\n                        <div  data-lazy=\"1\" class=\"module_column tb-column col3-2 tb_e87a162 first\">\n                    <!-- module text -->\n<div  class=\"module module-text tb_7f87c71   \" data-lazy=\"1\">\n        <div  class=\"tb_text_wrap\">\n        <div class=\"tb_layout_part_wrap tf_w\"><!--themify_builder_content-->\n    <div  class=\"themify_builder_content themify_builder_content-5987 themify_builder not_editable_builder in_the_loop\" data-postid=\"5987\">\n                        <div  data-lazy=\"1\" class=\"module_row themify_builder_row tb_tb72447 tf_w\">\n                        <div class=\"row_inner col_align_top tb_col_count_1 tf_box tf_rel\">\n                        <div  data-lazy=\"1\" class=\"module_column tb-column col-full  tb_urq0777 first\">\n                    <!-- module image -->\n<div  class=\"module module-image tb_z3pd710 image-center    auto_fullwidth tf_mw\" data-lazy=\"1\">\n        <div class=\"image-wrap tf_rel tf_mw\">\n            <a href=\"http:\/\/www.guiamedicamorelos.com\/torre-medica-cuernavaca\">\n                   <img loading=\"lazy\" decoding=\"async\" src=\"http:\/\/www.guiamedicamorelos.com\/wp-medicos\/wp-content\/uploads\/2017\/05\/banner-torremedicacuernavaca-02.jpg\" width=\"700\" height=\"100\" title=\"Dentistas en Cuernavaca\" alt=\"Dentistas en Cuernavaca\">        <\/a>\n    \n        <\/div>\n    <!-- \/image-wrap -->\n    \n        <\/div>\n<!-- \/module image -->        <\/div>\n                        <\/div>\n        <\/div>\n            <\/div>\n<!--\/themify_builder_content--><\/div>\n    <\/div>\n<\/div>\n<!-- \/module text --><!-- module text -->\n<div  class=\"module module-text tb_76a9fdc   \" data-lazy=\"1\">\n        <div  class=\"tb_text_wrap\">\n        <p>Dentistas en Cuernavaca<\/p>    <\/div>\n<\/div>\n<!-- \/module text --><!-- module text -->\n<div  class=\"module module-text tb_g6ym40  repeat \" data-lazy=\"1\">\n        <div  class=\"tb_text_wrap\">\n        <p><a href=\"https:\/\/www.guiamedicamorelos.com\/wp-medicos\/wp-content\/uploads\/2015\/08\/insercion-vip.png\"><img loading=\"lazy\" decoding=\"async\" class=\"alignnone size-full wp-image-4414\" src=\"https:\/\/www.guiamedicamorelos.com\/wp-medicos\/wp-content\/uploads\/2015\/08\/insercion-vip.png\" alt=\"\" width=\"133\" height=\"30\" \/><\/a><\/p>\n<p><span style=\"color: #434b6e; font-family: 'Ubuntu', sans-serif; font-size: 1.5em;\"><strong>Dra. Aida Isabel Cedillo Valtierra<br \/><\/strong><\/span>ODONTOLOGIA PEDI\u00c1TRICA<\/p>\n<p>Tratamientos dentales integrales al ni\u00f1o y al adolescente. Ortodoncia, Cirug\u00eda, Endodoncia, Rehabilitaci\u00f3n, Odontolog\u00eda Preventiva, Manejo de h\u00e1bitos perniciosos.<br \/><br \/><img loading=\"lazy\" decoding=\"async\" class=\"alignnone wp-image-9569 size-full\" src=\"https:\/\/www.guiamedicamorelos.com\/wp-medicos\/wp-content\/uploads\/2020\/10\/dra-cedillo-odontlogia-pediatrica.jpg\" alt=\"\" width=\"300\" height=\"235\" \/><\/p>\n<p>\u00a0<\/p>\n<p><b>CONSULTORIO<\/b><br \/>Privada del Carmen No.9<br \/>Col. Las Palmas, Chipitl\u00e1n.<br \/>Cuernavaca, Mor.<\/p>\n<p><strong>CONSULTA PREVIA CITA<br \/><\/strong>Tel. (777) 169-6504<br \/>Puede enviar WhatsApp <img loading=\"lazy\" decoding=\"async\" class=\"alignnone wp-image-5092\" src=\"https:\/\/www.guiamedicamorelos.com\/wp-medicos\/wp-content\/uploads\/2016\/07\/logo-whatsapp.png\" alt=\"\" width=\"15\" height=\"14\" \/><\/p>    <\/div>\n<\/div>\n<!-- \/module text --><!-- module accordion -->\n<div  class=\"module module-accordion tb_cg5i811 \" data-behavior=\"toggle\" data-lazy=\"1\">\n    \n    <ul class=\"ui module-accordion  rounded shadow tb_default_color\">\n            <li>\n            <div class=\"accordion-title tf_rel\">\n                <a href=\"#acc-cg5i811-0\" class=\"tb_title_accordion\" aria-controls=\"acc-cg5i811-0-content\" aria-expanded=\"false\">\n                    <i class=\"accordion-icon\"><svg  class=\"tf_fa tf-fas-chevron-down\" aria-hidden=\"true\"><use href=\"#tf-fas-chevron-down\"><\/use><\/svg><\/i>                    <i class=\"accordion-active-icon tf_hide\"><svg  class=\"tf_fa tf-fas-chevron-up\" aria-hidden=\"true\"><use href=\"#tf-fas-chevron-up\"><\/use><\/svg><\/i>                    Formaci\u00f3n Dra. Aida Isabel Cedillo Valtierra                <\/a>\n            <\/div><!-- .accordion-title -->\n            <div id=\"acc-cg5i811-0-content\" data-id=\"acc-cg5i811-0\" aria-hidden=\"true\" class=\"accordion-content tf_hide tf_clearfix\">\n                                    <div class=\"tb_text_wrap\">\n                        <div><span class=\" author-d-iz88z86z86za0dz67zz78zz78zz74zz68zjz80zz71z9iz90z95iyz85zz78z1xz122zz68zz71zfqbfje6rfr5z86zxfz76zz79zuz81zz68zz85z\"><strong>LICENCIATURA: CIRUJANO DENTISTA<\/strong><\/span><\/div>\n<div><span class=\" author-d-iz88z86z86za0dz67zz78zz78zz74zz68zjz80zz71z9iz90z95iyz85zz78z1xz122zz68zz71zfqbfje6rfr5z86zxfz76zz79zuz81zz68zz85z\">Universidad Nacional Aut\u00f3noma de M\u00e9xico<\/span><\/div>\n<div><span class=\" author-d-iz88z86z86za0dz67zz78zz78zz74zz68zjz80zz71z9iz90z95iyz85zz78z1xz122zz68zz71zfqbfje6rfr5z86zxfz76zz79zuz81zz68zz85z\">Ciudad de M\u00e9xico<\/span><\/div>\n<div><span class=\" author-d-iz88z86z86za0dz67zz78zz78zz74zz68zjz80zz71z9iz90z95iyz85zz78z1xz122zz68zz71zfqbfje6rfr5z86zxfz76zz79zuz81zz68zz85z\">Ced. Prof. 1329278<\/span><\/div>\n<div>\u00a0<\/div>\n<div><strong><span class=\" author-d-iz88z86z86za0dz67zz78zz78zz74zz68zjz80zz71z9iz90z95iyz85zz78z1xz122zz68zz71zfqbfje6rfr5z86zxfz76zz79zuz81zz68zz85z\">ESPECIALIDAD: ODONTOPEDIATR\u00cdA<\/span><\/strong><\/div>\n<div><span class=\" author-d-iz88z86z86za0dz67zz78zz78zz74zz68zjz80zz71z9iz90z95iyz85zz78z1xz122zz68zz71zfqbfje6rfr5z86zxfz76zz79zuz81zz68zz85z\">Universidad Nacional Aut\u00f3noma de M\u00e9xico<\/span><\/div>\n<div><span class=\" author-d-iz88z86z86za0dz67zz78zz78zz74zz68zjz80zz71z9iz90z95iyz85zz78z1xz122zz68zz71zfqbfje6rfr5z86zxfz76zz79zuz81zz68zz85z\">Ciudad de M\u00e9xico<\/span><\/div>\n<div><span class=\" author-d-iz88z86z86za0dz67zz78zz78zz74zz68zjz80zz71z9iz90z95iyz85zz78z1xz122zz68zz71zfqbfje6rfr5z86zxfz76zz79zuz81zz68zz85z\">Ced. Esp. 4512684<\/span><\/div>\n<div>\u00a0<\/div>\n<div><span class=\" author-d-iz88z86z86za0dz67zz78zz78zz74zz68zjz80zz71z9iz90z95iyz85zz78z1xz122zz68zz71zfqbfje6rfr5z86zxfz76zz79zuz81zz68zz85z\">Ex Presidenta del Colegio de Odontolog\u00eda<\/span><\/div>\n<div><span class=\" author-d-iz88z86z86za0dz67zz78zz78zz74zz68zjz80zz71z9iz90z95iyz85zz78z1xz122zz68zz71zfqbfje6rfr5z86zxfz76zz79zuz81zz68zz85z\">Infantil del Estado de Morelos A.C.<\/span><\/div>\n<div>\u00a0<\/div>\n<div><span class=\" author-d-iz88z86z86za0dz67zz78zz78zz74zz68zjz80zz71z9iz90z95iyz85zz78z1xz122zz68zz71zfqbfje6rfr5z86zxfz76zz79zuz81zz68zz85z\">Miembro Fundador del Colegio de Odontolog\u00eda<\/span><\/div>\n<div><span class=\" author-d-iz88z86z86za0dz67zz78zz78zz74zz68zjz80zz71z9iz90z95iyz85zz78z1xz122zz68zz71zfqbfje6rfr5z86zxfz76zz79zuz81zz68zz85z\">Infantil del Estado de Morelos A.C.<\/span><\/div>                    <\/div>\n                            <\/div><!-- .accordion-content -->\n        <\/li>\n        <\/ul>\n\n<\/div><!-- \/module accordion --><!-- module text -->\n<div  class=\"module module-text tb_jxzc450   \" data-lazy=\"1\">\n        <div  class=\"tb_text_wrap\">\n        <a href=\"https:\/\/www.odontologacedillo.com\" class=\"shortcode button    large\" style=\"background-color: #9a9fb9;color: #ffffff;\" target=\"_blank\">Ir a P\u00e1gina Web del Dra. Aida Cedillo<\/a>\n<hr class=\"shortcode hr light-gray\" style=\"width:100%;border-width:1px;\" \/>    <\/div>\n<\/div>\n<!-- \/module text --><!-- module text -->\n<div  class=\"module module-text tb_dc5975a  repeat \" data-lazy=\"1\">\n        <div  class=\"tb_text_wrap\">\n        <p><a href=\"https:\/\/www.guiamedicamorelos.com\/wp-medicos\/wp-content\/uploads\/2015\/08\/insercion-vip.png\"><img loading=\"lazy\" decoding=\"async\" class=\"alignnone size-full wp-image-4414\" src=\"https:\/\/www.guiamedicamorelos.com\/wp-medicos\/wp-content\/uploads\/2015\/08\/insercion-vip.png\" alt=\"\" width=\"133\" height=\"30\" \/><\/a><\/p>\n<p><span style=\"color: #434b6e; font-family: 'Ubuntu', sans-serif; font-size: 1.5em;\"><strong>Dra. Gabriela Garc\u00eda Verazaluce<br \/><\/strong><\/span>CIRUJANO DENTISTA MILITAR<br \/>ESPECIALISTA EN ORTODONCIA<\/p>\n<p>Bracket Est\u00e9tico, Bracket Inteligente, Resinas, Ortodoncia Correctiva y Preventiva, Restauraci\u00f3n de dientes con caries, Est\u00e9tica Dental (Dise\u00f1o de Sonrisa), Ortopedia Dental, Blanqueamiento.<\/p>\n<p><img loading=\"lazy\" decoding=\"async\" class=\"alignnone size-full wp-image-9388\" src=\"https:\/\/www.guiamedicamorelos.com\/wp-medicos\/wp-content\/uploads\/2020\/03\/dra-gabriela-garcia-verazaluce-dentista-cuernavaca.jpg\" alt=\"\" width=\"300\" height=\"235\" \/><\/p>\n<p><strong>CONSULTA PREVIA CITA<\/strong><br \/>Tels. (777) 235-5964<br \/>Puede enviar WhatsApp <img loading=\"lazy\" decoding=\"async\" class=\"alignnone wp-image-5092\" src=\"https:\/\/www.guiamedicamorelos.com\/wp-medicos\/wp-content\/uploads\/2016\/07\/logo-whatsapp.png\" alt=\"\" width=\"15\" height=\"14\" \/><\/p>    <\/div>\n<\/div>\n<!-- \/module text -->        <\/div>\n                    <div  data-lazy=\"1\" class=\"module_column tb-column col3-1 tb_bf6aad2 last\">\n                    <!-- module text -->\n<div  class=\"module module-text tb_ee60914   \" data-lazy=\"1\">\n        <div  class=\"tb_text_wrap\">\n            <\/div>\n<\/div>\n<!-- \/module text --><!-- module text -->\n<div  class=\"module module-text tb_c345252   \" data-lazy=\"1\">\n        <div  class=\"tb_text_wrap\">\n        <div class=\"tb_layout_part_wrap tf_w\"><!--themify_builder_content-->\n    <div  class=\"themify_builder_content themify_builder_content-4771 themify_builder not_editable_builder in_the_loop\" data-postid=\"4771\">\n                        <div  data-lazy=\"1\" class=\"module_row themify_builder_row tb_57360ad tf_w\">\n                        <div class=\"row_inner col_align_top tb_col_count_1 tf_box tf_rel\">\n                        <div  data-lazy=\"1\" class=\"module_column tb-column col-full tb_065d41e first\">\n                    <!-- module image -->\n<div  class=\"module module-image tb_ee06636 image-center   tf_mw\" data-lazy=\"1\">\n        <div class=\"image-wrap tf_rel tf_mw\">\n            <a href=\"https:\/\/www.guiamedicamorelos.com\/wp-medicos\/contacto\">\n                   <img loading=\"lazy\" decoding=\"async\" width=\"278\" height=\"111\" src=\"https:\/\/www.guiamedicamorelos.com\/wp-medicos\/wp-content\/uploads\/2015\/07\/anunciate-guiamedicamorelos.jpg\" class=\"wp-post-image wp-image-4347\" alt=\"Gu\u00eda Medica Morelos\" srcset=\"https:\/\/www.guiamedicamorelos.com\/wp-medicos\/wp-content\/uploads\/2015\/07\/anunciate-guiamedicamorelos.jpg 278w, https:\/\/www.guiamedicamorelos.com\/wp-medicos\/wp-content\/uploads\/2015\/07\/anunciate-guiamedicamorelos-375x150.jpg 375w, https:\/\/www.guiamedicamorelos.com\/wp-medicos\/wp-content\/uploads\/2015\/07\/anunciate-guiamedicamorelos-200x80.jpg 200w\" sizes=\"auto, (max-width: 278px) 100vw, 278px\" \/>        <\/a>\n    \n        <\/div>\n    <!-- \/image-wrap -->\n    \n        <\/div>\n<!-- \/module image -->        <\/div>\n                        <\/div>\n        <\/div>\n                        <div  data-lazy=\"1\" class=\"module_row themify_builder_row tb_g0w1509 tf_w\">\n                        <div class=\"row_inner col_align_top tb_col_count_1 tf_box tf_rel\">\n                        <div  data-lazy=\"1\" class=\"module_column tb-column col-full tb_7e8a530 first\">\n                            <\/div>\n                        <\/div>\n        <\/div>\n            <\/div>\n<!--\/themify_builder_content--><\/div>\n    <\/div>\n<\/div>\n<!-- \/module text -->        <\/div>\n                        <\/div>\n        <\/div>\n                        <div  data-lazy=\"1\" class=\"module_row themify_builder_row tb_e048eb6 tf_w\">\n                        <div class=\"row_inner col_align_top tb_col_count_1 tf_box tf_rel\">\n                        <div  data-lazy=\"1\" class=\"module_column tb-column col-full tb_d6df4bf first\">\n                    <!-- module text -->\n<div  class=\"module module-text tb_a2145f6   \" data-lazy=\"1\">\n        <div  class=\"tb_text_wrap\">\n        <div class=\"tb_layout_part_wrap tf_w\"><!--themify_builder_content-->\n    <div  class=\"themify_builder_content themify_builder_content-4420 themify_builder not_editable_builder in_the_loop\" data-postid=\"4420\">\n                        <div  data-lazy=\"1\" class=\"module_row themify_builder_row tb_aa4f163 tf_w\">\n                        <div class=\"row_inner col_align_top tb_col_count_1 tf_box tf_rel\">\n                        <div  data-lazy=\"1\" class=\"module_column tb-column col-full tb_487b434 first\">\n                    <!-- module text -->\n<div  class=\"module module-text tb_3490387  repeat \" data-lazy=\"1\">\n        <div  class=\"tb_text_wrap\">\n        <p><strong>NOTA IMPORTANTE:<\/strong> El objetivo de Gu\u00eda M\u00e9dica Morelos, es meramente informativo y de uso publicitario, sin recomendar expl\u00edcitamente alg\u00fan servicio y\/o producto aqu\u00ed anunciado o listado.<\/p>    <\/div>\n<\/div>\n<!-- \/module text -->        <\/div>\n                        <\/div>\n        <\/div>\n            <\/div>\n<!--\/themify_builder_content--><\/div>\n    <\/div>\n<\/div>\n<!-- \/module text -->        <\/div>\n                        <\/div>\n        <\/div>\n        <\/div>\n<!--\/themify_builder_content-->","protected":false},"excerpt":{"rendered":"<p>Dentistas en Cuernavaca Dra. Aida Isabel Cedillo ValtierraODONTOLOGIA PEDI\u00c1TRICA Tratamientos dentales integrales al ni\u00f1o y al adolescente. Ortodoncia, Cirug\u00eda, Endodoncia, Rehabilitaci\u00f3n, Odontolog\u00eda Preventiva, Manejo de h\u00e1bitos perniciosos. \u00a0 CONSULTORIOPrivada del Carmen No.9Col. Las Palmas, Chipitl\u00e1n.Cuernavaca, Mor. CONSULTA PREVIA CITATel. (777) 169-6504Puede enviar WhatsApp Formaci\u00f3n Dra. Aida Isabel Cedillo Valtierra LICENCIATURA: CIRUJANO DENTISTA Universidad Nacional Aut\u00f3noma [&hellip;]<\/p>\n","protected":false},"author":1,"featured_media":0,"parent":0,"menu_order":0,"comment_status":"closed","ping_status":"closed","template":"","meta":{"_monsterinsights_skip_tracking":false,"_monsterinsights_sitenote_active":false,"_monsterinsights_sitenote_note":"","_monsterinsights_sitenote_category":0,"footnotes":""},"class_list":["post-4444","page","type-page","status-publish","hentry","has-post-title","has-post-date","has-post-category","has-post-tag","has-post-comment","has-post-author",""],"amp_enabled":true,"builder_content":"[themify_layout_part id=5987]\n<p>Dentistas en Cuernavaca<\/p>\n<p><a href=\"https:\/\/www.guiamedicamorelos.com\/wp-medicos\/wp-content\/uploads\/2015\/08\/insercion-vip.png\"><img loading=\"lazy\" decoding=\"async\" src=\"https:\/\/www.guiamedicamorelos.com\/wp-medicos\/wp-content\/uploads\/2015\/08\/insercion-vip.png\" alt=\"\" width=\"133\" height=\"30\" \/><\/a><\/p> <p><strong>Dra. Aida Isabel Cedillo Valtierra<br \/><\/strong>ODONTOLOGIA PEDI\u00c1TRICA<\/p> <p>Tratamientos dentales integrales al ni\u00f1o y al adolescente. Ortodoncia, Cirug\u00eda, Endodoncia, Rehabilitaci\u00f3n, Odontolog\u00eda Preventiva, Manejo de h\u00e1bitos perniciosos.<br \/><br \/><img loading=\"lazy\" decoding=\"async\" src=\"https:\/\/www.guiamedicamorelos.com\/wp-medicos\/wp-content\/uploads\/2020\/10\/dra-cedillo-odontlogia-pediatrica.jpg\" alt=\"\" width=\"300\" height=\"235\" \/><\/p> <p>\u00a0<\/p> <p><b>CONSULTORIO<\/b><br \/>Privada del Carmen No.9<br \/>Col. Las Palmas, Chipitl\u00e1n.<br \/>Cuernavaca, Mor.<\/p> <p><strong>CONSULTA PREVIA CITA<br \/><\/strong>Tel. (777) 169-6504<br \/>Puede enviar WhatsApp <img loading=\"lazy\" decoding=\"async\" src=\"https:\/\/www.guiamedicamorelos.com\/wp-medicos\/wp-content\/uploads\/2016\/07\/logo-whatsapp.png\" alt=\"\" width=\"15\" height=\"14\" \/><\/p>\n<ul><li><h4>Formaci\u00f3n Dra. Aida Isabel Cedillo Valtierra<\/h4><strong>LICENCIATURA: CIRUJANO DENTISTA<\/strong> Universidad Nacional Aut\u00f3noma de M\u00e9xico Ciudad de M\u00e9xico Ced. Prof. 1329278 \u00a0 <strong>ESPECIALIDAD: ODONTOPEDIATR\u00cdA<\/strong> Universidad Nacional Aut\u00f3noma de M\u00e9xico Ciudad de M\u00e9xico Ced. Esp. 4512684 \u00a0 Ex Presidenta del Colegio de Odontolog\u00eda Infantil del Estado de Morelos A.C. \u00a0 Miembro Fundador del Colegio de Odontolog\u00eda Infantil del Estado de Morelos A.C.<\/li><\/ul>\n<p>[themify_button style=\"large\" color=\"#9a9fb9\" link=\"https:\/\/www.odontologacedillo.com\" target=\"_blank\" text=\"#ffffff\" ]Ir a P\u00e1gina Web del Dra. Aida Cedillo[\/themify_button]<\/p> <p>[themify_hr color=\"light-gray\" width=\"100%\" border_width=\"1px\" ]<\/p>\n<p><a href=\"https:\/\/www.guiamedicamorelos.com\/wp-medicos\/wp-content\/uploads\/2015\/08\/insercion-vip.png\"><img loading=\"lazy\" decoding=\"async\" src=\"https:\/\/www.guiamedicamorelos.com\/wp-medicos\/wp-content\/uploads\/2015\/08\/insercion-vip.png\" alt=\"\" width=\"133\" height=\"30\" \/><\/a><\/p> <p><strong>Dra. Gabriela Garc\u00eda Verazaluce<br \/><\/strong>CIRUJANO DENTISTA MILITAR<br \/>ESPECIALISTA EN ORTODONCIA<\/p> <p>Bracket Est\u00e9tico, Bracket Inteligente, Resinas, Ortodoncia Correctiva y Preventiva, Restauraci\u00f3n de dientes con caries, Est\u00e9tica Dental (Dise\u00f1o de Sonrisa), Ortopedia Dental, Blanqueamiento.<\/p> <p><img loading=\"lazy\" decoding=\"async\" src=\"https:\/\/www.guiamedicamorelos.com\/wp-medicos\/wp-content\/uploads\/2020\/03\/dra-gabriela-garcia-verazaluce-dentista-cuernavaca.jpg\" alt=\"\" width=\"300\" height=\"235\" \/><\/p> <p><strong>CONSULTA PREVIA CITA<\/strong><br \/>Tels. (777) 235-5964<br \/>Puede enviar WhatsApp <img loading=\"lazy\" decoding=\"async\" src=\"https:\/\/www.guiamedicamorelos.com\/wp-medicos\/wp-content\/uploads\/2016\/07\/logo-whatsapp.png\" alt=\"\" width=\"15\" height=\"14\" \/><\/p>\n<p>[themify_layout_part slug=\"siguenos-facebook\"]<\/p>\n<p>[themify_layout_part id=\"4771\"]<\/p>\n<p>[themify_layout_part id=4420]<\/p>","_links":{"self":[{"href":"https:\/\/www.guiamedicamorelos.com\/wp-medicos\/wp-json\/wp\/v2\/pages\/4444","targetHints":{"allow":["GET"]}}],"collection":[{"href":"https:\/\/www.guiamedicamorelos.com\/wp-medicos\/wp-json\/wp\/v2\/pages"}],"about":[{"href":"https:\/\/www.guiamedicamorelos.com\/wp-medicos\/wp-json\/wp\/v2\/types\/page"}],"author":[{"embeddable":true,"href":"https:\/\/www.guiamedicamorelos.com\/wp-medicos\/wp-json\/wp\/v2\/users\/1"}],"replies":[{"embeddable":true,"href":"https:\/\/www.guiamedicamorelos.com\/wp-medicos\/wp-json\/wp\/v2\/comments?post=4444"}],"version-history":[{"count":58,"href":"https:\/\/www.guiamedicamorelos.com\/wp-medicos\/wp-json\/wp\/v2\/pages\/4444\/revisions"}],"predecessor-version":[{"id":9572,"href":"https:\/\/www.guiamedicamorelos.com\/wp-medicos\/wp-json\/wp\/v2\/pages\/4444\/revisions\/9572"}],"wp:attachment":[{"href":"https:\/\/www.guiamedicamorelos.com\/wp-medicos\/wp-json\/wp\/v2\/media?parent=4444"}],"curies":[{"name":"wp","href":"https:\/\/api.w.org\/{rel}","templated":true}]}}