{"id":4465,"date":"2015-08-04T18:12:18","date_gmt":"2015-08-05T00:12:18","guid":{"rendered":"http:\/\/www.guiamedicamorelos.com\/wp-medicos\/geriatras-en-cuernavaca-copy\/"},"modified":"2025-08-15T15:18:47","modified_gmt":"2025-08-15T21:18:47","slug":"ginecologos-en-cuernavaca","status":"publish","type":"page","link":"https:\/\/www.guiamedicamorelos.com\/wp-medicos\/ginecologos-en-cuernavaca\/","title":{"rendered":"Ginec\u00f3logos en Cuernavaca"},"content":{"rendered":"<!--themify_builder_content-->\n<div id=\"themify_builder_content-4465\" data-postid=\"4465\" class=\"themify_builder_content themify_builder_content-4465 themify_builder tf_clear\">\n                    <div  data-lazy=\"1\" class=\"module_row themify_builder_row tb_5f4fbd0 tb_first tf_w\">\n                        <div class=\"row_inner col_align_top gutter-narrow tb_col_count_2 tf_box tf_rel\">\n                        <div  data-lazy=\"1\" class=\"module_column tb-column col3-2 tb_8e2c996 first\">\n                    <!-- module text -->\n<div  class=\"module module-text tb_549b5a8   \" data-lazy=\"1\">\n        <div  class=\"tb_text_wrap\">\n        <div class=\"tb_layout_part_wrap tf_w\"><!--themify_builder_content-->\n    <div  class=\"themify_builder_content themify_builder_content-5987 themify_builder not_editable_builder in_the_loop\" data-postid=\"5987\">\n                        <div  data-lazy=\"1\" class=\"module_row themify_builder_row tb_tb72447 tf_w\">\n                        <div class=\"row_inner col_align_top tb_col_count_1 tf_box tf_rel\">\n                        <div  data-lazy=\"1\" class=\"module_column tb-column col-full  tb_urq0777 first\">\n                    <!-- module image -->\n<div  class=\"module module-image tb_z3pd710 image-center    auto_fullwidth tf_mw\" data-lazy=\"1\">\n        <div class=\"image-wrap tf_rel tf_mw\">\n            <a href=\"http:\/\/www.guiamedicamorelos.com\/torre-medica-cuernavaca\">\n                   <img loading=\"lazy\" decoding=\"async\" src=\"http:\/\/www.guiamedicamorelos.com\/wp-medicos\/wp-content\/uploads\/2017\/05\/banner-torremedicacuernavaca-02.jpg\" width=\"700\" height=\"100\" title=\"Ginec\u00f3logos en Cuernavaca\" alt=\"Ginec\u00f3logos en Cuernavaca\">        <\/a>\n    \n        <\/div>\n    <!-- \/image-wrap -->\n    \n        <\/div>\n<!-- \/module image -->        <\/div>\n                        <\/div>\n        <\/div>\n            <\/div>\n<!--\/themify_builder_content--><\/div>\n    <\/div>\n<\/div>\n<!-- \/module text --><!-- module text -->\n<div  class=\"module module-text tb_011c6c8   \" data-lazy=\"1\">\n        <div  class=\"tb_text_wrap\">\n        <p>Ginec\u00f3logos y Obstetras en Cuernavaca<\/p>    <\/div>\n<\/div>\n<!-- \/module text --><!-- module text -->\n<div  class=\"module module-text tb_e5b7903   \" data-lazy=\"1\">\n        <div  class=\"tb_text_wrap\">\n        <p><strong><a href=\"https:\/\/www.guiamedicamorelos.com\/wp-medicos\/wp-content\/uploads\/2015\/08\/insercion-vip.png\"><img loading=\"lazy\" decoding=\"async\" class=\"alignnone size-full wp-image-4414\" src=\"https:\/\/www.guiamedicamorelos.com\/wp-medicos\/wp-content\/uploads\/2015\/08\/insercion-vip.png\" alt=\"\" width=\"133\" height=\"30\"><\/a><\/strong><\/p>\n<p><span style=\"color: #434b6e; font-family: 'Ubuntu', sans-serif; font-size: 1.5em;\"><strong>Dr. Pablo E. Chernicoff Kachka <br><\/strong><\/span>Facultad de Medicina de Buenos Aires, Argentina.<br><strong><br>Ginecolog\u00eda, Obstetricia, Colposcop\u00eda, Esterilidad e Infertilidad y Laparoscop\u00eda.<\/strong><\/p>\n<p><img loading=\"lazy\" decoding=\"async\" class=\"alignnone wp-image-8638 size-full\" src=\"https:\/\/www.guiamedicamorelos.com\/wp-medicos\/wp-content\/uploads\/2018\/11\/dr-pablo-chernicoff-ginecologo-obstetra-cuerna.jpg\" alt=\"\" width=\"300\" height=\"235\"><\/p>\n<div>\n<p><strong><span class=\"shortcode themify-icon \"><a href=\"http:\/\/\" class=\"themify-icon-link\"><i class=\"themify-icon-icon\" style=\"color: #155185;\"><svg  class=\"tf_fa tf-far-hospital-o\" aria-hidden=\"true\"><use href=\"#tf-far-hospital-o\"><\/use><\/svg><\/i><\/a><\/span> <b>CONSULTORIO<\/b><\/strong><br>Teopanzolco 408, Piso 2<br>(Enfrente de Librer\u00eda Gandhi)<br>Col. Reforma<br>Cuernavaca, Mor.<\/p>\n<p><strong><span class=\"shortcode themify-icon \"><a href=\"http:\/\/\" class=\"themify-icon-link\"><i class=\"themify-icon-icon\" style=\"color: #155185;\"><svg  class=\"tf_fa tf-fas-phone-square\" aria-hidden=\"true\"><use href=\"#tf-fas-phone-square\"><\/use><\/svg><\/i><\/a><\/span> PREVIA CITA<br><\/strong>Cel. (55) 1295-7686 <img loading=\"lazy\" decoding=\"async\" class=\"alignnone wp-image-5092\" src=\"https:\/\/www.guiamedicamorelos.com\/wp-medicos\/wp-content\/uploads\/2016\/07\/logo-whatsapp.png\" alt=\"\" width=\"15\" height=\"14\"><\/p>\n<\/div>\n<div>\n<p><strong><span class=\"shortcode themify-icon \"><a href=\"http:\/\/\" class=\"themify-icon-link\"><i class=\"themify-icon-icon\" style=\"color: #155185;\"><svg  class=\"tf_fa tf-far-id-card-o\" aria-hidden=\"true\"><use href=\"#tf-far-id-card-o\"><\/use><\/svg><\/i><\/a><\/span> FORMACI\u00d3N<br>Licenciatura: M\u00e9dico Cirujano<\/strong> <br>Facultad de Medicina de Buenos Aires<br>Buenos Aires, Argentina<br>C\u00e9dula Profesional: 1535188<\/p>\n<p><strong>Especialidad: Gineco-Obstetra en Hospital Parmenio Pi\u00f1ero<\/strong><br>Buenos Aires, Argentina<br>C\u00e9dula Especialidad: 3177746<br><hr class=\"shortcode hr light-gray\" style=\"width:100%;border-width:1px;\" \/><\/p>\n<\/div>    <\/div>\n<\/div>\n<!-- \/module text --><!-- module text -->\n<div  class=\"module module-text tb_fcc0e36   \" data-lazy=\"1\">\n        <div  class=\"tb_text_wrap\">\n        <p><strong><a href=\"https:\/\/www.guiamedicamorelos.com\/wp-medicos\/wp-content\/uploads\/2015\/08\/insercion-vip.png\"><img loading=\"lazy\" decoding=\"async\" class=\"alignnone size-full wp-image-4414\" src=\"https:\/\/www.guiamedicamorelos.com\/wp-medicos\/wp-content\/uploads\/2015\/08\/insercion-vip.png\" alt=\"\" width=\"133\" height=\"30\"><\/a><\/strong><\/p>\n<p><span style=\"color: #434b6e; font-family: 'Ubuntu', sans-serif; font-size: 1.5em;\"><strong>Dra. Citlali Edith Serrano Medina<\/strong><\/span><br>Certificada por el Consejo Mexicano de Ginecolog\u00eda y Obstetricia<\/p>\n<p><strong>Colposcopia, Papanicolau, Crioterapia,<br>Cono por asa diat\u00e9rmica Vacuna papiloma humano.<\/strong><\/p>\n<p><a href=\"https:\/\/www.guiamedicamorelos.com\/wp-medicos\/wp-content\/uploads\/2023\/08\/0000dra-serrano-ginecologa-obstetra-cuernavaca.jpg\"><img loading=\"lazy\" decoding=\"async\" class=\"alignnone size-full wp-image-9872\" src=\"https:\/\/www.guiamedicamorelos.com\/wp-medicos\/wp-content\/uploads\/2023\/08\/0000dra-serrano-ginecologa-obstetra-cuernavaca.jpg\" alt=\"\" width=\"300\" height=\"235\"><\/a><\/p>\n<p><strong><i class=\"themify-icon-icon\" style=\"color: #155185;\"><\/i> <b>CONSULTORIO<\/b><\/strong><br>Priv. del Carmen No.9<br>Col. Las Palmas<br>Cuernavaca, Mor.<br><\/p>\n<p><strong><i class=\"themify-icon-icon\" style=\"color: #155185;\"><\/i> CONSULTA PREVIA CITA<\/strong><br>Tel. (777) 290-0100 <\/p>\n<p><b><strong><i class=\"themify-icon-icon\" style=\"color: #155185;\"><\/i> FORMACI\u00d3N<\/strong><br>Licenciatura: M\u00e9dico Cirujano y Partero<\/b><br>Universidad Aut\u00f3noma de Morelos<br>Cuernavaca, Mor.<br>C\u00e9dula Profesional: 4125388<\/p>\n<p><strong>Especialidad: Ginecolog\u00eda y Obstetricia<br><\/strong>Unidad M\u00e9dica de Alta Especialidad \u201cLuis Castelazo Ayala\u201d<br>(Gineco 4, IMSS), Ciudad de M\u00e9xico<br>C\u00e9dula Especialidad: 10998214<\/p>\n<p><a class=\"shortcode button large\" style=\"background-color: #9a9fb9; color: #ffffff;\" href=\"http:\/\/www.ginecologaserrano.com\" target=\"_blank\" rel=\"noopener\">Ir a P\u00e1gina Web del la Dra. Edith Serrano Medina<\/a><\/p>\n<hr class=\"shortcode hr light-gray\" style=\"width: 100%; border-width: 1px;\">    <\/div>\n<\/div>\n<!-- \/module text -->        <\/div>\n                    <div  data-lazy=\"1\" class=\"module_column tb-column col3-1 tb_ef866ff last\">\n                    <!-- module text -->\n<div  class=\"module module-text tb_b380968   \" data-lazy=\"1\">\n        <div  class=\"tb_text_wrap\">\n            <\/div>\n<\/div>\n<!-- \/module text --><!-- module text -->\n<div  class=\"module module-text tb_60ee06e   \" data-lazy=\"1\">\n        <div  class=\"tb_text_wrap\">\n        <div class=\"tb_layout_part_wrap tf_w\"><!--themify_builder_content-->\n    <div  class=\"themify_builder_content themify_builder_content-4771 themify_builder not_editable_builder in_the_loop\" data-postid=\"4771\">\n                        <div  data-lazy=\"1\" class=\"module_row themify_builder_row tb_57360ad tf_w\">\n                        <div class=\"row_inner col_align_top tb_col_count_1 tf_box tf_rel\">\n                        <div  data-lazy=\"1\" class=\"module_column tb-column col-full tb_065d41e first\">\n                    <!-- module image -->\n<div  class=\"module module-image tb_ee06636 image-center   tf_mw\" data-lazy=\"1\">\n        <div class=\"image-wrap tf_rel tf_mw\">\n            <a href=\"https:\/\/www.guiamedicamorelos.com\/wp-medicos\/contacto\">\n                   <img loading=\"lazy\" decoding=\"async\" width=\"278\" height=\"111\" src=\"https:\/\/www.guiamedicamorelos.com\/wp-medicos\/wp-content\/uploads\/2015\/07\/anunciate-guiamedicamorelos.jpg\" class=\"wp-post-image wp-image-4347\" alt=\"Gu\u00eda Medica Morelos\" srcset=\"https:\/\/www.guiamedicamorelos.com\/wp-medicos\/wp-content\/uploads\/2015\/07\/anunciate-guiamedicamorelos.jpg 278w, https:\/\/www.guiamedicamorelos.com\/wp-medicos\/wp-content\/uploads\/2015\/07\/anunciate-guiamedicamorelos-375x150.jpg 375w, https:\/\/www.guiamedicamorelos.com\/wp-medicos\/wp-content\/uploads\/2015\/07\/anunciate-guiamedicamorelos-200x80.jpg 200w\" sizes=\"auto, (max-width: 278px) 100vw, 278px\" \/>        <\/a>\n    \n        <\/div>\n    <!-- \/image-wrap -->\n    \n        <\/div>\n<!-- \/module image -->        <\/div>\n                        <\/div>\n        <\/div>\n                        <div  data-lazy=\"1\" class=\"module_row themify_builder_row tb_g0w1509 tf_w\">\n                        <div class=\"row_inner col_align_top tb_col_count_1 tf_box tf_rel\">\n                        <div  data-lazy=\"1\" class=\"module_column tb-column col-full tb_7e8a530 first\">\n                            <\/div>\n                        <\/div>\n        <\/div>\n            <\/div>\n<!--\/themify_builder_content--><\/div>\n    <\/div>\n<\/div>\n<!-- \/module text -->        <\/div>\n                        <\/div>\n        <\/div>\n                        <div  data-lazy=\"1\" class=\"module_row themify_builder_row tb_c0f0bdb tf_w\">\n                        <div class=\"row_inner col_align_top tb_col_count_1 tf_box tf_rel\">\n                        <div  data-lazy=\"1\" class=\"module_column tb-column col-full tb_2e0c290 first\">\n                    <!-- module text -->\n<div  class=\"module module-text tb_390b811   \" data-lazy=\"1\">\n        <div  class=\"tb_text_wrap\">\n        <div class=\"tb_layout_part_wrap tf_w\"><!--themify_builder_content-->\n    <div  class=\"themify_builder_content themify_builder_content-4420 themify_builder not_editable_builder in_the_loop\" data-postid=\"4420\">\n                        <div  data-lazy=\"1\" class=\"module_row themify_builder_row tb_aa4f163 tf_w\">\n                        <div class=\"row_inner col_align_top tb_col_count_1 tf_box tf_rel\">\n                        <div  data-lazy=\"1\" class=\"module_column tb-column col-full tb_487b434 first\">\n                    <!-- module text -->\n<div  class=\"module module-text tb_3490387  repeat \" data-lazy=\"1\">\n        <div  class=\"tb_text_wrap\">\n        <p><strong>NOTA IMPORTANTE:<\/strong> El objetivo de Gu\u00eda M\u00e9dica Morelos, es meramente informativo y de uso publicitario, sin recomendar expl\u00edcitamente alg\u00fan servicio y\/o producto aqu\u00ed anunciado o listado.<\/p>    <\/div>\n<\/div>\n<!-- \/module text -->        <\/div>\n                        <\/div>\n        <\/div>\n            <\/div>\n<!--\/themify_builder_content--><\/div>\n    <\/div>\n<\/div>\n<!-- \/module text -->        <\/div>\n                        <\/div>\n        <\/div>\n        <\/div>\n<!--\/themify_builder_content-->","protected":false},"excerpt":{"rendered":"<div class=\"tb_layout_part_wrap tf_w\">\n<!--themify_builder_content-->\n    <div  class=\"themify_builder_content themify_builder_content-5987 themify_builder not_editable_builder\" data-postid=\"5987\">\n                        <div  data-lazy=\"1\" class=\"module_row themify_builder_row tb_tb72447 tf_w\">\n                        <div class=\"row_inner col_align_top tb_col_count_1 tf_box tf_rel\">\n                        <div  data-lazy=\"1\" class=\"module_column tb-column col-full  tb_urq0777 first\">\n                    <!-- module image -->\n<div  class=\"module module-image tb_z3pd710 image-center    auto_fullwidth tf_mw\" data-lazy=\"1\">\n        <div class=\"image-wrap tf_rel tf_mw\">\n            <a href=\"http:\/\/www.guiamedicamorelos.com\/torre-medica-cuernavaca\">\n                   <img loading=\"lazy\" decoding=\"async\" src=\"http:\/\/www.guiamedicamorelos.com\/wp-medicos\/wp-content\/uploads\/2017\/05\/banner-torremedicacuernavaca-02.jpg\" width=\"700\" height=\"100\" title=\"Ginec\u00f3logos en Cuernavaca\" alt=\"Ginec\u00f3logos en Cuernavaca\">        <\/a>\n    \n        <\/div>\n    <!-- \/image-wrap -->\n    \n        <\/div>\n<!-- \/module image -->        <\/div>\n                        <\/div>\n        <\/div>\n            <\/div>\n<!--\/themify_builder_content-->\n<\/div>\n\n","protected":false},"author":1,"featured_media":0,"parent":0,"menu_order":0,"comment_status":"closed","ping_status":"closed","template":"","meta":{"_monsterinsights_skip_tracking":false,"_monsterinsights_sitenote_active":false,"_monsterinsights_sitenote_note":"","_monsterinsights_sitenote_category":0,"footnotes":""},"class_list":["post-4465","page","type-page","status-publish","hentry","has-post-title","has-post-date","has-post-category","has-post-tag","has-post-comment","has-post-author",""],"amp_enabled":true,"builder_content":"[themify_layout_part id=5987]\n<p>Ginec\u00f3logos y Obstetras en Cuernavaca<\/p>\n<p><strong><a href=\"https:\/\/www.guiamedicamorelos.com\/wp-medicos\/wp-content\/uploads\/2015\/08\/insercion-vip.png\"><img loading=\"lazy\" decoding=\"async\" src=\"https:\/\/www.guiamedicamorelos.com\/wp-medicos\/wp-content\/uploads\/2015\/08\/insercion-vip.png\" alt=\"\" width=\"133\" height=\"30\"><\/a><\/strong><\/p> <p><strong>Dr. Pablo E. Chernicoff Kachka <br><\/strong>Facultad de Medicina de Buenos Aires, Argentina.<br><strong><br>Ginecolog\u00eda, Obstetricia, Colposcop\u00eda, Esterilidad e Infertilidad y Laparoscop\u00eda.<\/strong><\/p> <p><img loading=\"lazy\" decoding=\"async\" src=\"https:\/\/www.guiamedicamorelos.com\/wp-medicos\/wp-content\/uploads\/2018\/11\/dr-pablo-chernicoff-ginecologo-obstetra-cuerna.jpg\" alt=\"\" width=\"300\" height=\"235\"><\/p>\n<p><strong>[themify_icon icon=\"fa-hospital-o \" link=\"http:\/\/\" icon_color=\"#155185\"] <b>CONSULTORIO<\/b><\/strong><br>Teopanzolco 408, Piso 2<br>(Enfrente de Librer\u00eda Gandhi)<br>Col. Reforma<br>Cuernavaca, Mor.<\/p> <p><strong>[themify_icon icon=\"fa-phone-square\" link=\"http:\/\/\" icon_color=\"#155185\"] PREVIA CITA<br><\/strong>Cel. (55) 1295-7686 <img loading=\"lazy\" decoding=\"async\" src=\"https:\/\/www.guiamedicamorelos.com\/wp-medicos\/wp-content\/uploads\/2016\/07\/logo-whatsapp.png\" alt=\"\" width=\"15\" height=\"14\"><\/p>\n<p><strong>[themify_icon icon=\"fa-id-card-o\" link=\"http:\/\/\" icon_color=\"#155185\"] FORMACI\u00d3N<br>Licenciatura: M\u00e9dico Cirujano<\/strong> <br>Facultad de Medicina de Buenos Aires<br>Buenos Aires, Argentina<br>C\u00e9dula Profesional: 1535188<\/p> <p><strong>Especialidad: Gineco-Obstetra en Hospital Parmenio Pi\u00f1ero<\/strong><br>Buenos Aires, Argentina<br>C\u00e9dula Especialidad: 3177746<br>[themify_hr color=\"light-gray\" width=\"100%\" border_width=\"1px\" ]<\/p>\n<p><strong><a href=\"https:\/\/www.guiamedicamorelos.com\/wp-medicos\/wp-content\/uploads\/2015\/08\/insercion-vip.png\"><img loading=\"lazy\" decoding=\"async\" src=\"https:\/\/www.guiamedicamorelos.com\/wp-medicos\/wp-content\/uploads\/2015\/08\/insercion-vip.png\" alt=\"\" width=\"133\" height=\"30\"><\/a><\/strong><\/p> <p><strong>Dra. Citlali Edith Serrano Medina<\/strong><br>Certificada por el Consejo Mexicano de Ginecolog\u00eda y Obstetricia<\/p> <p><strong>Colposcopia, Papanicolau, Crioterapia,<br>Cono por asa diat\u00e9rmica Vacuna papiloma humano.<\/strong><\/p> <p><a href=\"https:\/\/www.guiamedicamorelos.com\/wp-medicos\/wp-content\/uploads\/2023\/08\/0000dra-serrano-ginecologa-obstetra-cuernavaca.jpg\"><img loading=\"lazy\" decoding=\"async\" src=\"https:\/\/www.guiamedicamorelos.com\/wp-medicos\/wp-content\/uploads\/2023\/08\/0000dra-serrano-ginecologa-obstetra-cuernavaca.jpg\" alt=\"\" width=\"300\" height=\"235\"><\/a><\/p> <p><strong> <b>CONSULTORIO<\/b><\/strong><br>Priv. del Carmen No.9<br>Col. Las Palmas<br>Cuernavaca, Mor.<br><\/p> <p><strong> CONSULTA PREVIA CITA<\/strong><br>Tel. (777) 290-0100 <\/p> <p><b><strong> FORMACI\u00d3N<\/strong><br>Licenciatura: M\u00e9dico Cirujano y Partero<\/b><br>Universidad Aut\u00f3noma de Morelos<br>Cuernavaca, Mor.<br>C\u00e9dula Profesional: 4125388<\/p> <p><strong>Especialidad: Ginecolog\u00eda y Obstetricia<br><\/strong>Unidad M\u00e9dica de Alta Especialidad \u201cLuis Castelazo Ayala\u201d<br>(Gineco 4, IMSS), Ciudad de M\u00e9xico<br>C\u00e9dula Especialidad: 10998214<\/p> <p><a style=\"background-color: #9a9fb9; color: #ffffff;\" href=\"http:\/\/www.ginecologaserrano.com\" target=\"_blank\" rel=\"noopener\">Ir a P\u00e1gina Web del la Dra. Edith Serrano Medina<\/a><\/p> <hr style=\"width: 100%; border-width: 1px;\">\n<p>[themify_layout_part slug=\"siguenos-facebook\"]<\/p>\n<p>[themify_layout_part id=\"4771\"]<\/p>\n<p>[themify_layout_part id=4420]<\/p>","_links":{"self":[{"href":"https:\/\/www.guiamedicamorelos.com\/wp-medicos\/wp-json\/wp\/v2\/pages\/4465","targetHints":{"allow":["GET"]}}],"collection":[{"href":"https:\/\/www.guiamedicamorelos.com\/wp-medicos\/wp-json\/wp\/v2\/pages"}],"about":[{"href":"https:\/\/www.guiamedicamorelos.com\/wp-medicos\/wp-json\/wp\/v2\/types\/page"}],"author":[{"embeddable":true,"href":"https:\/\/www.guiamedicamorelos.com\/wp-medicos\/wp-json\/wp\/v2\/users\/1"}],"replies":[{"embeddable":true,"href":"https:\/\/www.guiamedicamorelos.com\/wp-medicos\/wp-json\/wp\/v2\/comments?post=4465"}],"version-history":[{"count":145,"href":"https:\/\/www.guiamedicamorelos.com\/wp-medicos\/wp-json\/wp\/v2\/pages\/4465\/revisions"}],"predecessor-version":[{"id":10002,"href":"https:\/\/www.guiamedicamorelos.com\/wp-medicos\/wp-json\/wp\/v2\/pages\/4465\/revisions\/10002"}],"wp:attachment":[{"href":"https:\/\/www.guiamedicamorelos.com\/wp-medicos\/wp-json\/wp\/v2\/media?parent=4465"}],"curies":[{"name":"wp","href":"https:\/\/api.w.org\/{rel}","templated":true}]}}