{"id":4478,"date":"2015-08-05T12:57:16","date_gmt":"2015-08-05T18:57:16","guid":{"rendered":"http:\/\/www.guiamedicamorelos.com\/wp-medicos\/homeopatas-en-cuernavaca-copy\/"},"modified":"2023-05-19T09:48:49","modified_gmt":"2023-05-19T15:48:49","slug":"internistas-en-cuernavaca","status":"publish","type":"page","link":"https:\/\/www.guiamedicamorelos.com\/wp-medicos\/internistas-en-cuernavaca\/","title":{"rendered":"Internistas en Cuernavaca"},"content":{"rendered":"<!--themify_builder_content-->\n<div id=\"themify_builder_content-4478\" data-postid=\"4478\" class=\"themify_builder_content themify_builder_content-4478 themify_builder tf_clear\">\n                    <div  data-lazy=\"1\" class=\"module_row themify_builder_row tb_53610f5 tb_first tf_w\">\n                        <div class=\"row_inner col_align_top gutter-narrow tb_col_count_2 tf_box tf_rel\">\n                        <div  data-lazy=\"1\" class=\"module_column tb-column col3-2 tb_7c19b38 first\">\n                    <!-- module text -->\n<div  class=\"module module-text tb_afe7bcf   \" data-lazy=\"1\">\n        <div  class=\"tb_text_wrap\">\n        <div class=\"tb_layout_part_wrap tf_w\"><!--themify_builder_content-->\n    <div  class=\"themify_builder_content themify_builder_content-5987 themify_builder not_editable_builder in_the_loop\" data-postid=\"5987\">\n                        <div  data-lazy=\"1\" class=\"module_row themify_builder_row tb_tb72447 tf_w\">\n                        <div class=\"row_inner col_align_top tb_col_count_1 tf_box tf_rel\">\n                        <div  data-lazy=\"1\" class=\"module_column tb-column col-full  tb_urq0777 first\">\n                    <!-- module image -->\n<div  class=\"module module-image tb_z3pd710 image-center    auto_fullwidth tf_mw\" data-lazy=\"1\">\n        <div class=\"image-wrap tf_rel tf_mw\">\n            <a href=\"http:\/\/www.guiamedicamorelos.com\/torre-medica-cuernavaca\">\n                   <img loading=\"lazy\" decoding=\"async\" src=\"http:\/\/www.guiamedicamorelos.com\/wp-medicos\/wp-content\/uploads\/2017\/05\/banner-torremedicacuernavaca-02.jpg\" width=\"700\" height=\"100\" title=\"Internistas en Cuernavaca\" alt=\"Internistas en Cuernavaca\">        <\/a>\n    \n        <\/div>\n    <!-- \/image-wrap -->\n    \n        <\/div>\n<!-- \/module image -->        <\/div>\n                        <\/div>\n        <\/div>\n            <\/div>\n<!--\/themify_builder_content--><\/div>\n    <\/div>\n<\/div>\n<!-- \/module text --><!-- module text -->\n<div  class=\"module module-text tb_1a07c79   \" data-lazy=\"1\">\n        <div  class=\"tb_text_wrap\">\n        <p>Internistas en Cuernavaca<\/p>    <\/div>\n<\/div>\n<!-- \/module text --><!-- module text -->\n<div  class=\"module module-text tb_b67d4c7  repeat \" data-lazy=\"1\">\n        <div  class=\"tb_text_wrap\">\n        <p><a href=\"https:\/\/www.guiamedicamorelos.com\/wp-medicos\/wp-content\/uploads\/2015\/08\/insercion-vip.png\"><img loading=\"lazy\" decoding=\"async\" class=\"alignnone size-full wp-image-4414\" src=\"https:\/\/www.guiamedicamorelos.com\/wp-medicos\/wp-content\/uploads\/2015\/08\/insercion-vip.png\" alt=\"\" width=\"133\" height=\"30\" \/><\/a><\/p>\n<p><span style=\"color: #434b6e; font-family: 'Ubuntu', sans-serif; font-size: 1.5em;\"><strong>Dr. Rub\u00e9n Guzm\u00e1n Pineda<br \/><\/strong><\/span>M\u00c9DICO INTERNISTA Y ENDOCRIN\u00d3LOGO<\/p>\n<p><img loading=\"lazy\" decoding=\"async\" class=\"alignnone size-full wp-image-7313\" src=\"https:\/\/www.guiamedicamorelos.com\/wp-medicos\/wp-content\/uploads\/2017\/11\/dr-roberto-endocrino-00.jpg\" alt=\"\" width=\"300\" height=\"235\" \/><\/p>\n<p><b>CONSULTORIO<\/b><br \/>Privada del Carmen No.9<br \/>Col. Las Palmas, Chipitl\u00e1n.<br \/>Cuernavaca, Mor.<br \/>Estacionamiento Gratis<\/p>\n<p><strong>CONSULTA PREVIA CITA<\/strong><br \/>Tels. (777) 290-0100 y (777) 312-8776<br \/>Ext. 3010 y 3011<\/p>\n<div><span class=\"ace-all-bold-hthree\"><span class=\" author-d-iz88z86z86za0dz67zz78zz78zz74zz68zjz80zz71z9iz90z95iyz85zz78z1xz122zz68zz71zfqbfje6rfr5z86zxfz76zz79zuz81zz68zz85z\"><b>LICENCIATURA: M\u00e9dico Cirujano<\/b><\/span><\/span><\/div>\n<div><span class=\" author-d-iz88z86z86za0dz67zz78zz78zz74zz68zjz80zz71z9iz90z95iyz85zz78z1xz122zz68zz71zfqbfje6rfr5z86zxfz76zz79zuz81zz68zz85z\">UNAM<\/span><\/div>\n<div><span class=\" author-d-iz88z86z86za0dz67zz78zz78zz74zz68zjz80zz71z9iz90z95iyz85zz78z1xz122zz68zz71zfqbfje6rfr5z86zxfz76zz79zuz81zz68zz85z\">Ciudad de M\u00e9xico<\/span><\/div>\n<div><span class=\" author-d-iz88z86z86za0dz67zz78zz78zz74zz68zjz80zz71z9iz90z95iyz85zz78z1xz122zz68zz71zfqbfje6rfr5z86zxfz76zz79zuz81zz68zz85z\">C\u00e9dula Profesional: 1759218<\/span><\/div>\n<div>\u00a0<\/div>\n<div><span class=\"ace-all-bold-hthree\"><span class=\" author-d-iz88z86z86za0dz67zz78zz78zz74zz68zjz80zz71z9iz90z95iyz85zz78z1xz122zz68zz71zfqbfje6rfr5z86zxfz76zz79zuz81zz68zz85z\"><b>ESPECIALIDAD: Medicina Interna<\/b><\/span><\/span><\/div>\n<div><span class=\" author-d-iz88z86z86za0dz67zz78zz78zz74zz68zjz80zz71z9iz90z95iyz85zz78z1xz122zz68zz71zfqbfje6rfr5z86zxfz76zz79zuz81zz68zz85z\">Hospital Central<\/span> <span class=\" author-d-iz88z86z86za0dz67zz78zz78zz74zz68zjz80zz71z9iz90z95iyz85zz78z1xz122zz68zz71zfqbfje6rfr5z86zxfz76zz79zuz81zz68zz85z h-ldquo\">\u201cDr.<\/span><span class=\" author-d-iz88z86z86za0dz67zz78zz78zz74zz68zjz80zz71z9iz90z95iyz85zz78z1xz122zz68zz71zfqbfje6rfr5z86zxfz76zz79zuz81zz68zz85z\"> Ignacio Morones Prieto\u201d SSA.\u00a0<\/span><\/div>\n<div><span class=\" author-d-iz88z86z86za0dz67zz78zz78zz74zz68zjz80zz71z9iz90z95iyz85zz78z1xz122zz68zz71zfqbfje6rfr5z86zxfz76zz79zuz81zz68zz85z\">Universidad Aut\u00f3noma de San Luis Potos\u00ed.<\/span><\/div>\n<div><span class=\" author-d-iz88z86z86za0dz67zz78zz78zz74zz68zjz80zz71z9iz90z95iyz85zz78z1xz122zz68zz71zfqbfje6rfr5z86zxfz76zz79zuz81zz68zz85z\">C\u00e9dula Especialidad: AESSA23162<\/span><\/div>\n<div>\u00a0<\/div>\n<div><span class=\"ace-all-bold-hthree\"><span class=\" author-d-iz88z86z86za0dz67zz78zz78zz74zz68zjz80zz71z9iz90z95iyz85zz78z1xz122zz68zz71zfqbfje6rfr5z86zxfz76zz79zuz81zz68zz85z\"><b>SUBESPECIALIDAD: Endocrinolog\u00eda y Nutrici\u00f3n<\/b><\/span><\/span><\/div>\n<div><span class=\" author-d-iz88z86z86za0dz67zz78zz78zz74zz68zjz80zz71z9iz90z95iyz85zz78z1xz122zz68zz71zfqbfje6rfr5z86zxfz76zz79zuz81zz68zz85z\">Instituto Nacional de la Nutrici\u00f3n<\/span> <span class=\" author-d-iz88z86z86za0dz67zz78zz78zz74zz68zjz80zz71z9iz90z95iyz85zz78z1xz122zz68zz71zfqbfje6rfr5z86zxfz76zz79zuz81zz68zz85z h-ldquo\">\u201cSalvador<\/span><span class=\" author-d-iz88z86z86za0dz67zz78zz78zz74zz68zjz80zz71z9iz90z95iyz85zz78z1xz122zz68zz71zfqbfje6rfr5z86zxfz76zz79zuz81zz68zz85z\"> Zubiran\u201d<\/span><\/div>\n<div><span class=\" author-d-iz88z86z86za0dz67zz78zz78zz74zz68zjz80zz71z9iz90z95iyz85zz78z1xz122zz68zz71zfqbfje6rfr5z86zxfz76zz79zuz81zz68zz85z\">Ciudad de M\u00e9xico<\/span><\/div>\n<div><span class=\" author-d-iz88z86z86za0dz67zz78zz78zz74zz68zjz80zz71z9iz90z95iyz85zz78z1xz122zz68zz71zfqbfje6rfr5z86zxfz76zz79zuz81zz68zz85z\">C\u00e9dula Especialidad: 4111197<br \/><br \/><\/span><\/div>\n<a href=\"https:\/\/www.endocrinologiaencuernavaca.com\" class=\"shortcode button    large\" style=\"background-color: #9a9fb9;color: #ffffff;\" target=\"_blank\">Ir a P\u00e1gina Web del Dr. Rub\u00e9n Guzm\u00e1n Pineda<\/a>\n<hr class=\"shortcode hr light-gray\" style=\"width:100%;border-width:1px;\" \/>    <\/div>\n<\/div>\n<!-- \/module text -->        <\/div>\n                    <div  data-lazy=\"1\" class=\"module_column tb-column col3-1 tb_4158a0c last\">\n                    <!-- module text -->\n<div  class=\"module module-text tb_5737ff4   \" data-lazy=\"1\">\n        <div  class=\"tb_text_wrap\">\n            <\/div>\n<\/div>\n<!-- \/module text --><!-- module text -->\n<div  class=\"module module-text tb_f85da1d   \" data-lazy=\"1\">\n        <div  class=\"tb_text_wrap\">\n        <div class=\"tb_layout_part_wrap tf_w\"><!--themify_builder_content-->\n    <div  class=\"themify_builder_content themify_builder_content-4771 themify_builder not_editable_builder in_the_loop\" data-postid=\"4771\">\n                        <div  data-lazy=\"1\" class=\"module_row themify_builder_row tb_57360ad tf_w\">\n                        <div class=\"row_inner col_align_top tb_col_count_1 tf_box tf_rel\">\n                        <div  data-lazy=\"1\" class=\"module_column tb-column col-full tb_065d41e first\">\n                    <!-- module image -->\n<div  class=\"module module-image tb_ee06636 image-center   tf_mw\" data-lazy=\"1\">\n        <div class=\"image-wrap tf_rel tf_mw\">\n            <a href=\"https:\/\/www.guiamedicamorelos.com\/wp-medicos\/contacto\">\n                   <img loading=\"lazy\" decoding=\"async\" width=\"278\" height=\"111\" src=\"https:\/\/www.guiamedicamorelos.com\/wp-medicos\/wp-content\/uploads\/2015\/07\/anunciate-guiamedicamorelos.jpg\" class=\"wp-post-image wp-image-4347\" alt=\"Gu\u00eda Medica Morelos\" srcset=\"https:\/\/www.guiamedicamorelos.com\/wp-medicos\/wp-content\/uploads\/2015\/07\/anunciate-guiamedicamorelos.jpg 278w, https:\/\/www.guiamedicamorelos.com\/wp-medicos\/wp-content\/uploads\/2015\/07\/anunciate-guiamedicamorelos-375x150.jpg 375w, https:\/\/www.guiamedicamorelos.com\/wp-medicos\/wp-content\/uploads\/2015\/07\/anunciate-guiamedicamorelos-200x80.jpg 200w\" sizes=\"auto, (max-width: 278px) 100vw, 278px\" \/>        <\/a>\n    \n        <\/div>\n    <!-- \/image-wrap -->\n    \n        <\/div>\n<!-- \/module image -->        <\/div>\n                        <\/div>\n        <\/div>\n                        <div  data-lazy=\"1\" class=\"module_row themify_builder_row tb_g0w1509 tf_w\">\n                        <div class=\"row_inner col_align_top tb_col_count_1 tf_box tf_rel\">\n                        <div  data-lazy=\"1\" class=\"module_column tb-column col-full tb_7e8a530 first\">\n                            <\/div>\n                        <\/div>\n        <\/div>\n            <\/div>\n<!--\/themify_builder_content--><\/div>\n    <\/div>\n<\/div>\n<!-- \/module text -->        <\/div>\n                        <\/div>\n        <\/div>\n        <\/div>\n<!--\/themify_builder_content-->","protected":false},"excerpt":{"rendered":"<p>Internistas en Cuernavaca Dr. Rub\u00e9n Guzm\u00e1n PinedaM\u00c9DICO INTERNISTA Y ENDOCRIN\u00d3LOGO CONSULTORIOPrivada del Carmen No.9Col. Las Palmas, Chipitl\u00e1n.Cuernavaca, Mor.Estacionamiento Gratis CONSULTA PREVIA CITATels. (777) 290-0100 y (777) 312-8776Ext. 3010 y 3011 LICENCIATURA: M\u00e9dico Cirujano UNAM Ciudad de M\u00e9xico C\u00e9dula Profesional: 1759218 \u00a0 ESPECIALIDAD: Medicina Interna Hospital Central \u201cDr. Ignacio Morones Prieto\u201d SSA.\u00a0 Universidad Aut\u00f3noma de San [&hellip;]<\/p>\n","protected":false},"author":1,"featured_media":0,"parent":0,"menu_order":0,"comment_status":"closed","ping_status":"closed","template":"","meta":{"_monsterinsights_skip_tracking":false,"_monsterinsights_sitenote_active":false,"_monsterinsights_sitenote_note":"","_monsterinsights_sitenote_category":0,"footnotes":""},"class_list":["post-4478","page","type-page","status-publish","hentry","has-post-title","has-post-date","has-post-category","has-post-tag","has-post-comment","has-post-author",""],"amp_enabled":true,"builder_content":"[themify_layout_part id=5987]\n<p>Internistas en Cuernavaca<\/p>\n<p><a href=\"https:\/\/www.guiamedicamorelos.com\/wp-medicos\/wp-content\/uploads\/2015\/08\/insercion-vip.png\"><img loading=\"lazy\" decoding=\"async\" src=\"https:\/\/www.guiamedicamorelos.com\/wp-medicos\/wp-content\/uploads\/2015\/08\/insercion-vip.png\" alt=\"\" width=\"133\" height=\"30\" \/><\/a><\/p> <p><strong>Dr. Rub\u00e9n Guzm\u00e1n Pineda<br \/><\/strong>M\u00c9DICO INTERNISTA Y ENDOCRIN\u00d3LOGO<\/p> <p><img loading=\"lazy\" decoding=\"async\" src=\"https:\/\/www.guiamedicamorelos.com\/wp-medicos\/wp-content\/uploads\/2017\/11\/dr-roberto-endocrino-00.jpg\" alt=\"\" width=\"300\" height=\"235\" \/><\/p> <p><b>CONSULTORIO<\/b><br \/>Privada del Carmen No.9<br \/>Col. Las Palmas, Chipitl\u00e1n.<br \/>Cuernavaca, Mor.<br \/>Estacionamiento Gratis<\/p> <p><strong>CONSULTA PREVIA CITA<\/strong><br \/>Tels. (777) 290-0100 y (777) 312-8776<br \/>Ext. 3010 y 3011<\/p> <b>LICENCIATURA: M\u00e9dico Cirujano<\/b> UNAM Ciudad de M\u00e9xico C\u00e9dula Profesional: 1759218 \u00a0 <b>ESPECIALIDAD: Medicina Interna<\/b> Hospital Central \u201cDr. Ignacio Morones Prieto\u201d SSA.\u00a0 Universidad Aut\u00f3noma de San Luis Potos\u00ed. C\u00e9dula Especialidad: AESSA23162 \u00a0 <b>SUBESPECIALIDAD: Endocrinolog\u00eda y Nutrici\u00f3n<\/b> Instituto Nacional de la Nutrici\u00f3n \u201cSalvador Zubiran\u201d Ciudad de M\u00e9xico C\u00e9dula Especialidad: 4111197<br \/><br \/> <p>[themify_button style=\"large\" color=\"#9a9fb9\" link=\"https:\/\/www.endocrinologiaencuernavaca.com\" target=\"_blank\" text=\"#ffffff\" ]Ir a P\u00e1gina Web del Dr. Rub\u00e9n Guzm\u00e1n Pineda[\/themify_button]<\/p> <p>[themify_hr color=\"light-gray\" width=\"100%\" border_width=\"1px\" ]<\/p>\n<p>[themify_layout_part slug=\"siguenos-facebook\"]<\/p>\n<p>[themify_layout_part id=\"4771\"]<\/p>","_links":{"self":[{"href":"https:\/\/www.guiamedicamorelos.com\/wp-medicos\/wp-json\/wp\/v2\/pages\/4478","targetHints":{"allow":["GET"]}}],"collection":[{"href":"https:\/\/www.guiamedicamorelos.com\/wp-medicos\/wp-json\/wp\/v2\/pages"}],"about":[{"href":"https:\/\/www.guiamedicamorelos.com\/wp-medicos\/wp-json\/wp\/v2\/types\/page"}],"author":[{"embeddable":true,"href":"https:\/\/www.guiamedicamorelos.com\/wp-medicos\/wp-json\/wp\/v2\/users\/1"}],"replies":[{"embeddable":true,"href":"https:\/\/www.guiamedicamorelos.com\/wp-medicos\/wp-json\/wp\/v2\/comments?post=4478"}],"version-history":[{"count":79,"href":"https:\/\/www.guiamedicamorelos.com\/wp-medicos\/wp-json\/wp\/v2\/pages\/4478\/revisions"}],"predecessor-version":[{"id":9850,"href":"https:\/\/www.guiamedicamorelos.com\/wp-medicos\/wp-json\/wp\/v2\/pages\/4478\/revisions\/9850"}],"wp:attachment":[{"href":"https:\/\/www.guiamedicamorelos.com\/wp-medicos\/wp-json\/wp\/v2\/media?parent=4478"}],"curies":[{"name":"wp","href":"https:\/\/api.w.org\/{rel}","templated":true}]}}