{"id":4482,"date":"2015-08-05T13:06:44","date_gmt":"2015-08-05T19:06:44","guid":{"rendered":"http:\/\/www.guiamedicamorelos.com\/wp-medicos\/internistas-en-cuernavaca-copy\/"},"modified":"2024-07-03T15:13:22","modified_gmt":"2024-07-03T21:13:22","slug":"medicos-generales-en-cuernavaca","status":"publish","type":"page","link":"https:\/\/www.guiamedicamorelos.com\/wp-medicos\/medicos-generales-en-cuernavaca\/","title":{"rendered":"M\u00e9dicos Generales en Cuernavaca"},"content":{"rendered":"<!--themify_builder_content-->\n<div id=\"themify_builder_content-4482\" data-postid=\"4482\" class=\"themify_builder_content themify_builder_content-4482 themify_builder tf_clear\">\n                    <div  data-lazy=\"1\" class=\"module_row themify_builder_row tb_zigk723 tb_first tf_w\">\n                        <div class=\"row_inner col_align_top gutter-narrow tb_col_count_2 tf_box tf_rel\">\n                        <div  data-lazy=\"1\" class=\"module_column tb-column col3-2 tb_1rlf750 first\">\n                    <!-- module text -->\n<div  class=\"module module-text tb_bhn2508   \" data-lazy=\"1\">\n        <div  class=\"tb_text_wrap\">\n        <div class=\"tb_layout_part_wrap tf_w\"><!--themify_builder_content-->\n    <div  class=\"themify_builder_content themify_builder_content-5987 themify_builder not_editable_builder in_the_loop\" data-postid=\"5987\">\n                        <div  data-lazy=\"1\" class=\"module_row themify_builder_row tb_tb72447 tf_w\">\n                        <div class=\"row_inner col_align_top tb_col_count_1 tf_box tf_rel\">\n                        <div  data-lazy=\"1\" class=\"module_column tb-column col-full  tb_urq0777 first\">\n                    <!-- module image -->\n<div  class=\"module module-image tb_z3pd710 image-center    auto_fullwidth tf_mw\" data-lazy=\"1\">\n        <div class=\"image-wrap tf_rel tf_mw\">\n            <a href=\"http:\/\/www.guiamedicamorelos.com\/torre-medica-cuernavaca\">\n                   <img loading=\"lazy\" decoding=\"async\" src=\"http:\/\/www.guiamedicamorelos.com\/wp-medicos\/wp-content\/uploads\/2017\/05\/banner-torremedicacuernavaca-02.jpg\" width=\"700\" height=\"100\" title=\"M\u00e9dicos Generales en Cuernavaca\" alt=\"M\u00e9dicos Generales en Cuernavaca\">        <\/a>\n    \n        <\/div>\n    <!-- \/image-wrap -->\n    \n        <\/div>\n<!-- \/module image -->        <\/div>\n                        <\/div>\n        <\/div>\n            <\/div>\n<!--\/themify_builder_content--><\/div>\n    <\/div>\n<\/div>\n<!-- \/module text --><!-- module text -->\n<div  class=\"module module-text tb_pnru260   \" data-lazy=\"1\">\n        <div  class=\"tb_text_wrap\">\n        <p>M\u00e9dicos Generales \u00a0en Cuernavaca<\/p>    <\/div>\n<\/div>\n<!-- \/module text --><!-- module text -->\n<div  class=\"module module-text tb_gcn5775   \" data-lazy=\"1\">\n        <div  class=\"tb_text_wrap\">\n        <p><a href=\"https:\/\/www.guiamedicamorelos.com\/wp-medicos\/wp-content\/uploads\/2015\/08\/insercion-vip.png\"><img loading=\"lazy\" decoding=\"async\" class=\"alignnone size-full wp-image-4414\" src=\"https:\/\/www.guiamedicamorelos.com\/wp-medicos\/wp-content\/uploads\/2015\/08\/insercion-vip.png\" alt=\"\" width=\"133\" height=\"30\" \/><\/a><\/p>\n<p><span style=\"color: #434b6e; font-family: 'Ubuntu', sans-serif; font-size: 1.5em;\"><strong>Dr. Jos\u00e9 Alberto Campos Rayado<\/strong><\/span><\/p>\n<p><em>M\u00e9dico Cirujano con Maestr\u00eda en Nutrici\u00f3n<\/em><br \/><em>y diplomados en Cardiolog\u00eda, Control de Dolor,<\/em><br \/><em>Actualidades en Diabetes Mellitus y<\/em><br \/><em>en S\u00edndrome Cardio Metab\u00f3lico<\/em><\/p>\n<p><strong><br \/><\/strong><b>CONSULTORIO<\/b><br \/>Privada del Carmen No.9<br \/>Col. Las Palmas, Chipitl\u00e1n.<br \/>Cuernavaca, Mor.<\/p>\n<p><strong>CONSULTA PREVIA CITA<\/strong><br \/>Tels. (777) 2900-100 y (777) 312-8776<br \/><hr class=\"shortcode hr light-gray\" style=\"width:100%;border-width:1px;\" \/><\/p>    <\/div>\n<\/div>\n<!-- \/module text -->        <\/div>\n                    <div  data-lazy=\"1\" class=\"module_column tb-column col3-1 tb_2x0t527 last\">\n                    <!-- module text -->\n<div  class=\"module module-text tb_pxuq005   \" data-lazy=\"1\">\n        <div  class=\"tb_text_wrap\">\n            <\/div>\n<\/div>\n<!-- \/module text --><!-- module text -->\n<div  class=\"module module-text tb_a48q572   \" data-lazy=\"1\">\n        <div  class=\"tb_text_wrap\">\n        <div class=\"tb_layout_part_wrap tf_w\"><!--themify_builder_content-->\n    <div  class=\"themify_builder_content themify_builder_content-4771 themify_builder not_editable_builder in_the_loop\" data-postid=\"4771\">\n                        <div  data-lazy=\"1\" class=\"module_row themify_builder_row tb_57360ad tf_w\">\n                        <div class=\"row_inner col_align_top tb_col_count_1 tf_box tf_rel\">\n                        <div  data-lazy=\"1\" class=\"module_column tb-column col-full tb_065d41e first\">\n                    <!-- module image -->\n<div  class=\"module module-image tb_ee06636 image-center   tf_mw\" data-lazy=\"1\">\n        <div class=\"image-wrap tf_rel tf_mw\">\n            <a href=\"https:\/\/www.guiamedicamorelos.com\/wp-medicos\/contacto\">\n                   <img loading=\"lazy\" decoding=\"async\" width=\"278\" height=\"111\" src=\"https:\/\/www.guiamedicamorelos.com\/wp-medicos\/wp-content\/uploads\/2015\/07\/anunciate-guiamedicamorelos.jpg\" class=\"wp-post-image wp-image-4347\" alt=\"Gu\u00eda Medica Morelos\" srcset=\"https:\/\/www.guiamedicamorelos.com\/wp-medicos\/wp-content\/uploads\/2015\/07\/anunciate-guiamedicamorelos.jpg 278w, https:\/\/www.guiamedicamorelos.com\/wp-medicos\/wp-content\/uploads\/2015\/07\/anunciate-guiamedicamorelos-375x150.jpg 375w, https:\/\/www.guiamedicamorelos.com\/wp-medicos\/wp-content\/uploads\/2015\/07\/anunciate-guiamedicamorelos-200x80.jpg 200w\" sizes=\"auto, (max-width: 278px) 100vw, 278px\" \/>        <\/a>\n    \n        <\/div>\n    <!-- \/image-wrap -->\n    \n        <\/div>\n<!-- \/module image -->        <\/div>\n                        <\/div>\n        <\/div>\n                        <div  data-lazy=\"1\" class=\"module_row themify_builder_row tb_g0w1509 tf_w\">\n                        <div class=\"row_inner col_align_top tb_col_count_1 tf_box tf_rel\">\n                        <div  data-lazy=\"1\" class=\"module_column tb-column col-full tb_7e8a530 first\">\n                            <\/div>\n                        <\/div>\n        <\/div>\n            <\/div>\n<!--\/themify_builder_content--><\/div>\n    <\/div>\n<\/div>\n<!-- \/module text -->        <\/div>\n                        <\/div>\n        <\/div>\n                        <div  data-lazy=\"1\" class=\"module_row themify_builder_row tb_vkqa028 tf_w\">\n                        <div class=\"row_inner col_align_top tb_col_count_1 tf_box tf_rel\">\n                        <div  data-lazy=\"1\" class=\"module_column tb-column col-full tb_1802065 first\">\n                    <!-- module text -->\n<div  class=\"module module-text tb_aejj521   \" data-lazy=\"1\">\n        <div  class=\"tb_text_wrap\">\n        <div class=\"tb_layout_part_wrap tf_w\"><!--themify_builder_content-->\n    <div  class=\"themify_builder_content themify_builder_content-4420 themify_builder not_editable_builder in_the_loop\" data-postid=\"4420\">\n                        <div  data-lazy=\"1\" class=\"module_row themify_builder_row tb_aa4f163 tf_w\">\n                        <div class=\"row_inner col_align_top tb_col_count_1 tf_box tf_rel\">\n                        <div  data-lazy=\"1\" class=\"module_column tb-column col-full tb_487b434 first\">\n                    <!-- module text -->\n<div  class=\"module module-text tb_3490387  repeat \" data-lazy=\"1\">\n        <div  class=\"tb_text_wrap\">\n        <p><strong>NOTA IMPORTANTE:<\/strong> El objetivo de Gu\u00eda M\u00e9dica Morelos, es meramente informativo y de uso publicitario, sin recomendar expl\u00edcitamente alg\u00fan servicio y\/o producto aqu\u00ed anunciado o listado.<\/p>    <\/div>\n<\/div>\n<!-- \/module text -->        <\/div>\n                        <\/div>\n        <\/div>\n            <\/div>\n<!--\/themify_builder_content--><\/div>\n    <\/div>\n<\/div>\n<!-- \/module text -->        <\/div>\n                        <\/div>\n        <\/div>\n        <\/div>\n<!--\/themify_builder_content-->","protected":false},"excerpt":{"rendered":"<p>M\u00e9dicos Generales \u00a0en Cuernavaca Dr. Jos\u00e9 Alberto Campos Rayado M\u00e9dico Cirujano con Maestr\u00eda en Nutrici\u00f3ny diplomados en Cardiolog\u00eda, Control de Dolor,Actualidades en Diabetes Mellitus yen S\u00edndrome Cardio Metab\u00f3lico CONSULTORIOPrivada del Carmen No.9Col. Las Palmas, Chipitl\u00e1n.Cuernavaca, Mor. CONSULTA PREVIA CITATels. (777) 2900-100 y (777) 312-8776<\/p>\n","protected":false},"author":1,"featured_media":0,"parent":0,"menu_order":0,"comment_status":"closed","ping_status":"closed","template":"","meta":{"_monsterinsights_skip_tracking":false,"_monsterinsights_sitenote_active":false,"_monsterinsights_sitenote_note":"","_monsterinsights_sitenote_category":0,"footnotes":""},"class_list":["post-4482","page","type-page","status-publish","hentry","has-post-title","has-post-date","has-post-category","has-post-tag","has-post-comment","has-post-author",""],"amp_enabled":true,"builder_content":"[themify_layout_part id=5987]\n<p>M\u00e9dicos Generales \u00a0en Cuernavaca<\/p>\n<p><a href=\"https:\/\/www.guiamedicamorelos.com\/wp-medicos\/wp-content\/uploads\/2015\/08\/insercion-vip.png\"><img loading=\"lazy\" decoding=\"async\" src=\"https:\/\/www.guiamedicamorelos.com\/wp-medicos\/wp-content\/uploads\/2015\/08\/insercion-vip.png\" alt=\"\" width=\"133\" height=\"30\" \/><\/a><\/p> <p><strong>Dr. Jos\u00e9 Alberto Campos Rayado<\/strong><\/p> <p><em>M\u00e9dico Cirujano con Maestr\u00eda en Nutrici\u00f3n<\/em><br \/><em>y diplomados en Cardiolog\u00eda, Control de Dolor,<\/em><br \/><em>Actualidades en Diabetes Mellitus y<\/em><br \/><em>en S\u00edndrome Cardio Metab\u00f3lico<\/em><\/p> <p><strong><br \/><\/strong><b>CONSULTORIO<\/b><br \/>Privada del Carmen No.9<br \/>Col. Las Palmas, Chipitl\u00e1n.<br \/>Cuernavaca, Mor.<\/p> <p><strong>CONSULTA PREVIA CITA<\/strong><br \/>Tels. (777) 2900-100 y (777) 312-8776<br \/>[themify_hr color=\"light-gray\" width=\"100%\" border_width=\"1px\" ]<\/p>\n<p>[themify_layout_part slug=\"siguenos-facebook\"]<\/p>\n<p>[themify_layout_part id=\"4771\"]<\/p>\n<p>[themify_layout_part id=4420]<\/p>","_links":{"self":[{"href":"https:\/\/www.guiamedicamorelos.com\/wp-medicos\/wp-json\/wp\/v2\/pages\/4482","targetHints":{"allow":["GET"]}}],"collection":[{"href":"https:\/\/www.guiamedicamorelos.com\/wp-medicos\/wp-json\/wp\/v2\/pages"}],"about":[{"href":"https:\/\/www.guiamedicamorelos.com\/wp-medicos\/wp-json\/wp\/v2\/types\/page"}],"author":[{"embeddable":true,"href":"https:\/\/www.guiamedicamorelos.com\/wp-medicos\/wp-json\/wp\/v2\/users\/1"}],"replies":[{"embeddable":true,"href":"https:\/\/www.guiamedicamorelos.com\/wp-medicos\/wp-json\/wp\/v2\/comments?post=4482"}],"version-history":[{"count":24,"href":"https:\/\/www.guiamedicamorelos.com\/wp-medicos\/wp-json\/wp\/v2\/pages\/4482\/revisions"}],"predecessor-version":[{"id":9904,"href":"https:\/\/www.guiamedicamorelos.com\/wp-medicos\/wp-json\/wp\/v2\/pages\/4482\/revisions\/9904"}],"wp:attachment":[{"href":"https:\/\/www.guiamedicamorelos.com\/wp-medicos\/wp-json\/wp\/v2\/media?parent=4482"}],"curies":[{"name":"wp","href":"https:\/\/api.w.org\/{rel}","templated":true}]}}