{"id":4486,"date":"2015-08-05T16:24:42","date_gmt":"2015-08-05T22:24:42","guid":{"rendered":"http:\/\/www.guiamedicamorelos.com\/wp-medicos\/medicos-generales-en-cuernavaca-copy\/"},"modified":"2022-04-27T18:54:27","modified_gmt":"2022-04-27T23:54:27","slug":"nefrologos-en-cuernavaca","status":"publish","type":"page","link":"https:\/\/www.guiamedicamorelos.com\/wp-medicos\/nefrologos-en-cuernavaca\/","title":{"rendered":"Nefr\u00f3logos en Cuernavaca"},"content":{"rendered":"<!--themify_builder_content-->\n<div id=\"themify_builder_content-4486\" data-postid=\"4486\" class=\"themify_builder_content themify_builder_content-4486 themify_builder tf_clear\">\n                    <div  data-lazy=\"1\" class=\"module_row themify_builder_row tb_4f606f9 tb_first tf_w\">\n                        <div class=\"row_inner gutter-narrow col_align_top tb_col_count_2 tf_box tf_rel\">\n                        <div  data-lazy=\"1\" class=\"module_column tb-column col4-3 tb_3dc03d6 first\">\n                    <!-- module text -->\n<div  class=\"module module-text tb_a03d77f   \" data-lazy=\"1\">\n        <div  class=\"tb_text_wrap\">\n        <p>Nefr\u00f3logos\u00a0en Cuernavaca<\/p>    <\/div>\n<\/div>\n<!-- \/module text --><!-- module text -->\n<div  class=\"module module-text tb_5d03253  repeat \" data-lazy=\"1\">\n        <div  class=\"tb_text_wrap\">\n        <p>\u00a0<br><strong style=\"color: #434b6e; font-family: Ubuntu, sans-serif; font-size: 1.5em; background-color: initial;\">Dr. Rub\u00e9n Jes\u00fas Bautista Jim\u00e9nez<\/strong><\/p>\n<p><em>Certificado por el Consejo Mexicano de Nefrolog\u00eda<\/em><\/p>\n<p><b>Diagn\u00f3stico y tratamiento de enfermedades del ri\u00f1\u00f3n.<\/b><\/p>\n<p>Hemodi\u00e1lisis convencional, Hemofiltraci\u00f3n (veno venosa continua), Hemodiafiltraci\u00f3n (veno venosa continua), Di\u00e1lisis peritoneal (continua ambulatoria), Di\u00e1lisis peritoneal automatizada.<\/p>\n<p><strong>CONSULTAS PREVIA CITA<br><\/strong>Cel. (777) 534-6783 <a href=\"https:\/\/www.guiamedicamorelos.com\/wp-medicos\/wp-content\/uploads\/2016\/07\/logo-whatsapp.png\"><img loading=\"lazy\" decoding=\"async\" class=\"alignnone wp-image-5092\" src=\"https:\/\/www.guiamedicamorelos.com\/wp-medicos\/wp-content\/uploads\/2016\/07\/logo-whatsapp.png\" alt=\"\" width=\"15\" height=\"14\"><\/a><\/p>    <\/div>\n<\/div>\n<!-- \/module text --><!-- module accordion -->\n<div  class=\"module module-accordion tb_pfsh800 \" data-behavior=\"toggle\" data-lazy=\"1\">\n    \n    <ul class=\"ui module-accordion  rounded shadow tb_default_color\">\n            <li>\n            <div class=\"accordion-title tf_rel\">\n                <a href=\"#acc-pfsh800-0\" class=\"tb_title_accordion\" aria-controls=\"acc-pfsh800-0-content\" aria-expanded=\"false\">\n                    <i class=\"accordion-icon\"><svg  class=\"tf_fa tf-fas-chevron-down\" aria-hidden=\"true\"><use href=\"#tf-fas-chevron-down\"><\/use><\/svg><\/i>                    <i class=\"accordion-active-icon tf_hide\"><svg  class=\"tf_fa tf-fas-chevron-up\" aria-hidden=\"true\"><use href=\"#tf-fas-chevron-up\"><\/use><\/svg><\/i>                    Formaci\u00f3n Dr. Rub\u00e9n Jes\u00fas Bautista Jim\u00e9nez                <\/a>\n            <\/div><!-- .accordion-title -->\n            <div id=\"acc-pfsh800-0-content\" data-id=\"acc-pfsh800-0\" aria-hidden=\"true\" class=\"accordion-content tf_hide tf_clearfix\">\n                                    <div class=\"tb_text_wrap\">\n                        <p><em>Certificado por el Consejo Mexicano de Nefrolog\u00eda\u00a0<br \/><\/em>No. 1424 | Vigencia 2018-2023<\/p>\n<p><strong>LICENCIATURA: M\u00c9DICO CIRUJANO\u00a0<\/strong><br \/>Universidad Latinoamericana<br \/>Cuernavaca, Mor.<br \/>C\u00e9dula Prof. 7722705<\/p>\n<p><strong>ESPECIALIDAD: NEFROLOG\u00cdA<\/strong><br \/>Centro M\u00e9dico Nacional Siglo XXI UNAM<br \/>Ciudad de M\u00e9xico<br \/>C\u00e9dula Especialidad: 10922431<\/p>                    <\/div>\n                            <\/div><!-- .accordion-content -->\n        <\/li>\n        <\/ul>\n\n<\/div><!-- \/module accordion --><!-- module text -->\n<div  class=\"module module-text tb_fd348c0  repeat \" data-lazy=\"1\">\n        <div  class=\"tb_text_wrap\">\n        <p><hr class=\"shortcode hr light-gray\" style=\"width:100%;border-width:1px;\" \/><strong><br>Dr. Miguel \u00c1ngel Guerrero Chapa<\/strong><br>Nefrolog\u00eda\u00a0<\/p>\n<p>Enfermedad renal cr\u00f3nica, Di\u00e1lisis, Hemodi\u00e1lisis y Trasplante renal.<\/p>\n<p>Priv. del Carmen No.9<br>Col. Las Palmas<br>Cuernavaca, Mor.<br>Tel. (777) 290-0100<br><hr class=\"shortcode hr light-gray\" style=\"width:100%;border-width:1px;\" \/><\/p>    <\/div>\n<\/div>\n<!-- \/module text -->        <\/div>\n                    <div  data-lazy=\"1\" class=\"module_column tb-column col4-1 tb_08dccb5 last\">\n                    <!-- module text -->\n<div  class=\"module module-text tb_69a59f3   \" data-lazy=\"1\">\n        <div  class=\"tb_text_wrap\">\n            <\/div>\n<\/div>\n<!-- \/module text --><!-- module text -->\n<div  class=\"module module-text tb_6b58b41   \" data-lazy=\"1\">\n        <div  class=\"tb_text_wrap\">\n        <div class=\"tb_layout_part_wrap tf_w\"><!--themify_builder_content-->\n    <div  class=\"themify_builder_content themify_builder_content-4771 themify_builder not_editable_builder in_the_loop\" data-postid=\"4771\">\n                        <div  data-lazy=\"1\" class=\"module_row themify_builder_row tb_57360ad tf_w\">\n                        <div class=\"row_inner col_align_top tb_col_count_1 tf_box tf_rel\">\n                        <div  data-lazy=\"1\" class=\"module_column tb-column col-full tb_065d41e first\">\n                    <!-- module image -->\n<div  class=\"module module-image tb_ee06636 image-center   tf_mw\" data-lazy=\"1\">\n        <div class=\"image-wrap tf_rel tf_mw\">\n            <a href=\"https:\/\/www.guiamedicamorelos.com\/wp-medicos\/contacto\">\n                   <img loading=\"lazy\" decoding=\"async\" width=\"278\" height=\"111\" src=\"https:\/\/www.guiamedicamorelos.com\/wp-medicos\/wp-content\/uploads\/2015\/07\/anunciate-guiamedicamorelos.jpg\" class=\"wp-post-image wp-image-4347\" alt=\"Gu\u00eda Medica Morelos\" srcset=\"https:\/\/www.guiamedicamorelos.com\/wp-medicos\/wp-content\/uploads\/2015\/07\/anunciate-guiamedicamorelos.jpg 278w, https:\/\/www.guiamedicamorelos.com\/wp-medicos\/wp-content\/uploads\/2015\/07\/anunciate-guiamedicamorelos-375x150.jpg 375w, https:\/\/www.guiamedicamorelos.com\/wp-medicos\/wp-content\/uploads\/2015\/07\/anunciate-guiamedicamorelos-200x80.jpg 200w\" sizes=\"auto, (max-width: 278px) 100vw, 278px\" \/>        <\/a>\n    \n        <\/div>\n    <!-- \/image-wrap -->\n    \n        <\/div>\n<!-- \/module image -->        <\/div>\n                        <\/div>\n        <\/div>\n                        <div  data-lazy=\"1\" class=\"module_row themify_builder_row tb_g0w1509 tf_w\">\n                        <div class=\"row_inner col_align_top tb_col_count_1 tf_box tf_rel\">\n                        <div  data-lazy=\"1\" class=\"module_column tb-column col-full tb_7e8a530 first\">\n                            <\/div>\n                        <\/div>\n        <\/div>\n            <\/div>\n<!--\/themify_builder_content--><\/div>\n    <\/div>\n<\/div>\n<!-- \/module text -->        <\/div>\n                        <\/div>\n        <\/div>\n                        <div  data-lazy=\"1\" class=\"module_row themify_builder_row tb_b059790 tf_w\">\n                        <div class=\"row_inner col_align_top tb_col_count_1 tf_box tf_rel\">\n                        <div  data-lazy=\"1\" class=\"module_column tb-column col-full tb_56db5ca first\">\n                    <!-- module text -->\n<div  class=\"module module-text tb_d6f2e1d   \" data-lazy=\"1\">\n        <div  class=\"tb_text_wrap\">\n        <div class=\"tb_layout_part_wrap tf_w\"><!--themify_builder_content-->\n    <div  class=\"themify_builder_content themify_builder_content-4420 themify_builder not_editable_builder in_the_loop\" data-postid=\"4420\">\n                        <div  data-lazy=\"1\" class=\"module_row themify_builder_row tb_aa4f163 tf_w\">\n                        <div class=\"row_inner col_align_top tb_col_count_1 tf_box tf_rel\">\n                        <div  data-lazy=\"1\" class=\"module_column tb-column col-full tb_487b434 first\">\n                    <!-- module text -->\n<div  class=\"module module-text tb_3490387  repeat \" data-lazy=\"1\">\n        <div  class=\"tb_text_wrap\">\n        <p><strong>NOTA IMPORTANTE:<\/strong> El objetivo de Gu\u00eda M\u00e9dica Morelos, es meramente informativo y de uso publicitario, sin recomendar expl\u00edcitamente alg\u00fan servicio y\/o producto aqu\u00ed anunciado o listado.<\/p>    <\/div>\n<\/div>\n<!-- \/module text -->        <\/div>\n                        <\/div>\n        <\/div>\n            <\/div>\n<!--\/themify_builder_content--><\/div>\n    <\/div>\n<\/div>\n<!-- \/module text -->        <\/div>\n                        <\/div>\n        <\/div>\n        <\/div>\n<!--\/themify_builder_content-->","protected":false},"excerpt":{"rendered":"<p>Nefr\u00f3logos\u00a0en Cuernavaca \u00a0Dr. Rub\u00e9n Jes\u00fas Bautista Jim\u00e9nez Certificado por el Consejo Mexicano de Nefrolog\u00eda Diagn\u00f3stico y tratamiento de enfermedades del ri\u00f1\u00f3n. Hemodi\u00e1lisis convencional, Hemofiltraci\u00f3n (veno venosa continua), Hemodiafiltraci\u00f3n (veno venosa continua), Di\u00e1lisis peritoneal (continua ambulatoria), Di\u00e1lisis peritoneal automatizada. CONSULTAS PREVIA CITACel. (777) 534-6783 Formaci\u00f3n Dr. Rub\u00e9n Jes\u00fas Bautista Jim\u00e9nez Certificado por el Consejo Mexicano de [&hellip;]<\/p>\n","protected":false},"author":1,"featured_media":0,"parent":0,"menu_order":0,"comment_status":"closed","ping_status":"closed","template":"","meta":{"_monsterinsights_skip_tracking":false,"_monsterinsights_sitenote_active":false,"_monsterinsights_sitenote_note":"","_monsterinsights_sitenote_category":0,"footnotes":""},"class_list":["post-4486","page","type-page","status-publish","hentry","has-post-title","has-post-date","has-post-category","has-post-tag","has-post-comment","has-post-author",""],"amp_enabled":true,"builder_content":"<p>Nefr\u00f3logos\u00a0en Cuernavaca<\/p>\n<p>\u00a0<br><strong style=\"color: #434b6e; font-family: Ubuntu, sans-serif; font-size: 1.5em; background-color: initial;\">Dr. Rub\u00e9n Jes\u00fas Bautista Jim\u00e9nez<\/strong><\/p> <p><em>Certificado por el Consejo Mexicano de Nefrolog\u00eda<\/em><\/p> <p><b>Diagn\u00f3stico y tratamiento de enfermedades del ri\u00f1\u00f3n.<\/b><\/p> <p>Hemodi\u00e1lisis convencional, Hemofiltraci\u00f3n (veno venosa continua), Hemodiafiltraci\u00f3n (veno venosa continua), Di\u00e1lisis peritoneal (continua ambulatoria), Di\u00e1lisis peritoneal automatizada.<\/p> <p><strong>CONSULTAS PREVIA CITA<br><\/strong>Cel. (777) 534-6783 <a href=\"https:\/\/www.guiamedicamorelos.com\/wp-medicos\/wp-content\/uploads\/2016\/07\/logo-whatsapp.png\"><img loading=\"lazy\" decoding=\"async\" src=\"https:\/\/www.guiamedicamorelos.com\/wp-medicos\/wp-content\/uploads\/2016\/07\/logo-whatsapp.png\" alt=\"\" width=\"15\" height=\"14\"><\/a><\/p>\n<ul><li><h4>Formaci\u00f3n Dr. Rub\u00e9n Jes\u00fas Bautista Jim\u00e9nez<\/h4><p><em>Certificado por el Consejo Mexicano de Nefrolog\u00eda\u00a0<br \/><\/em>No. 1424 | Vigencia 2018-2023<\/p> <p><strong>LICENCIATURA: M\u00c9DICO CIRUJANO\u00a0<\/strong><br \/>Universidad Latinoamericana<br \/>Cuernavaca, Mor.<br \/>C\u00e9dula Prof. 7722705<\/p> <p><strong>ESPECIALIDAD: NEFROLOG\u00cdA<\/strong><br \/>Centro M\u00e9dico Nacional Siglo XXI UNAM<br \/>Ciudad de M\u00e9xico<br \/>C\u00e9dula Especialidad: 10922431<\/p><\/li><\/ul>\n<p>[themify_hr color=\"light-gray\" width=\"100%\" border_width=\"1px\" ]<strong><br>Dr. Miguel \u00c1ngel Guerrero Chapa<\/strong><br>Nefrolog\u00eda\u00a0<\/p> <p>Enfermedad renal cr\u00f3nica, Di\u00e1lisis, Hemodi\u00e1lisis y Trasplante renal.<\/p> <p>Priv. del Carmen No.9<br>Col. Las Palmas<br>Cuernavaca, Mor.<br>Tel. (777) 290-0100<br>[themify_hr color=\"light-gray\" width=\"100%\" border_width=\"1px\" ]<\/p>\n<p>[themify_layout_part slug=\"siguenos-facebook\"]<\/p>\n<p>[themify_layout_part id=\"4771\"]<\/p>\n<p>[themify_layout_part id=4420]<\/p>","_links":{"self":[{"href":"https:\/\/www.guiamedicamorelos.com\/wp-medicos\/wp-json\/wp\/v2\/pages\/4486","targetHints":{"allow":["GET"]}}],"collection":[{"href":"https:\/\/www.guiamedicamorelos.com\/wp-medicos\/wp-json\/wp\/v2\/pages"}],"about":[{"href":"https:\/\/www.guiamedicamorelos.com\/wp-medicos\/wp-json\/wp\/v2\/types\/page"}],"author":[{"embeddable":true,"href":"https:\/\/www.guiamedicamorelos.com\/wp-medicos\/wp-json\/wp\/v2\/users\/1"}],"replies":[{"embeddable":true,"href":"https:\/\/www.guiamedicamorelos.com\/wp-medicos\/wp-json\/wp\/v2\/comments?post=4486"}],"version-history":[{"count":65,"href":"https:\/\/www.guiamedicamorelos.com\/wp-medicos\/wp-json\/wp\/v2\/pages\/4486\/revisions"}],"predecessor-version":[{"id":9732,"href":"https:\/\/www.guiamedicamorelos.com\/wp-medicos\/wp-json\/wp\/v2\/pages\/4486\/revisions\/9732"}],"wp:attachment":[{"href":"https:\/\/www.guiamedicamorelos.com\/wp-medicos\/wp-json\/wp\/v2\/media?parent=4486"}],"curies":[{"name":"wp","href":"https:\/\/api.w.org\/{rel}","templated":true}]}}