{"id":4494,"date":"2015-08-05T16:37:52","date_gmt":"2015-08-05T22:37:52","guid":{"rendered":"http:\/\/www.guiamedicamorelos.com\/wp-medicos\/neumologos-en-cuernavaca-copy\/"},"modified":"2023-04-11T15:58:25","modified_gmt":"2023-04-11T21:58:25","slug":"neurologos-en-cuernavaca","status":"publish","type":"page","link":"https:\/\/www.guiamedicamorelos.com\/wp-medicos\/neurologos-en-cuernavaca\/","title":{"rendered":"Neur\u00f3logos en Cuernavaca"},"content":{"rendered":"<!--themify_builder_content-->\n<div id=\"themify_builder_content-4494\" data-postid=\"4494\" class=\"themify_builder_content themify_builder_content-4494 themify_builder tf_clear\">\n                    <div  data-lazy=\"1\" class=\"module_row themify_builder_row tb_08cbd8b tb_first tf_w\">\n                        <div class=\"row_inner col_align_top gutter-narrow tb_col_count_2 tf_box tf_rel\">\n                        <div  data-lazy=\"1\" class=\"module_column tb-column col3-2 tb_2a168a4 first\">\n                    <!-- module text -->\n<div  class=\"module module-text tb_78913aa   \" data-lazy=\"1\">\n        <div  class=\"tb_text_wrap\">\n        <div class=\"tb_layout_part_wrap tf_w\"><!--themify_builder_content-->\n    <div  class=\"themify_builder_content themify_builder_content-5987 themify_builder not_editable_builder in_the_loop\" data-postid=\"5987\">\n                        <div  data-lazy=\"1\" class=\"module_row themify_builder_row tb_tb72447 tf_w\">\n                        <div class=\"row_inner col_align_top tb_col_count_1 tf_box tf_rel\">\n                        <div  data-lazy=\"1\" class=\"module_column tb-column col-full  tb_urq0777 first\">\n                    <!-- module image -->\n<div  class=\"module module-image tb_z3pd710 image-center    auto_fullwidth tf_mw\" data-lazy=\"1\">\n        <div class=\"image-wrap tf_rel tf_mw\">\n            <a href=\"http:\/\/www.guiamedicamorelos.com\/torre-medica-cuernavaca\">\n                   <img loading=\"lazy\" decoding=\"async\" src=\"http:\/\/www.guiamedicamorelos.com\/wp-medicos\/wp-content\/uploads\/2017\/05\/banner-torremedicacuernavaca-02.jpg\" width=\"700\" height=\"100\" title=\"Neur\u00f3logos en Cuernavaca\" alt=\"Neur\u00f3logos en Cuernavaca\">        <\/a>\n    \n        <\/div>\n    <!-- \/image-wrap -->\n    \n        <\/div>\n<!-- \/module image -->        <\/div>\n                        <\/div>\n        <\/div>\n            <\/div>\n<!--\/themify_builder_content--><\/div>\n    <\/div>\n<\/div>\n<!-- \/module text --><!-- module text -->\n<div  class=\"module module-text tb_kull925  repeat \" data-lazy=\"1\">\n        <div  class=\"tb_text_wrap\">\n        <p><strong><a href=\"https:\/\/www.guiamedicamorelos.com\/wp-medicos\/wp-content\/uploads\/2015\/08\/insercion-vip.png\"><img loading=\"lazy\" decoding=\"async\" class=\"alignnone size-full wp-image-4414\" src=\"https:\/\/www.guiamedicamorelos.com\/wp-medicos\/wp-content\/uploads\/2015\/08\/insercion-vip.png\" alt=\"\" width=\"133\" height=\"30\"><\/a><\/strong><\/p>\n<p><span style=\"color: #434b6e; font-family: 'Ubuntu', sans-serif; font-size: 1.5em;\"><strong>Dr. Edgar Filem\u00f3n Huipio M\u00e9ndez<br><\/strong><\/span>M\u00e9dico Neur\u00f3logo<br><strong><br>Epilepsia, Migra\u00f1as, Esclerosis m\u00faltiple, Alzheimer, Parkinson, Temblor esencial, Accidente cerebrovascular isqu\u00e9mico, Par\u00e1lisis facial y oculares, Neuralgia del trig\u00e9mino, V\u00e9rtigo.<br><\/strong><\/p>\n<p><a href=\"https:\/\/www.guiamedicamorelos.com\/wp-medicos\/wp-content\/uploads\/2021\/04\/dr-edgar-huipio-neurologo-cuernavaca.jpg\"><img loading=\"lazy\" decoding=\"async\" class=\"alignnone wp-image-9644 size-full\" src=\"https:\/\/www.guiamedicamorelos.com\/wp-medicos\/wp-content\/uploads\/2021\/04\/dr-edgar-huipio-neurologo-cuernavaca.jpg\" alt=\"\" width=\"400\" height=\"294\" srcset=\"https:\/\/www.guiamedicamorelos.com\/wp-medicos\/wp-content\/uploads\/2021\/04\/dr-edgar-huipio-neurologo-cuernavaca.jpg 400w, https:\/\/www.guiamedicamorelos.com\/wp-medicos\/wp-content\/uploads\/2021\/04\/dr-edgar-huipio-neurologo-cuernavaca-300x221.jpg 300w\" sizes=\"auto, (max-width: 400px) 100vw, 400px\" \/><\/a><\/p>\n<div>\n<p><strong><i class=\"themify-icon-icon\" style=\"color: #155185;\"><\/i> <b>CONSULTORIO<\/b><\/strong><br>Privada del Carmen No.9<br>Col. Las Palmas, Chipitl\u00e1n<br>Cuernavaca, Mor.<\/p>\n<p><strong><i class=\"themify-icon-icon\" style=\"color: #155185;\"><\/i>CONSULTAS PREVIA CITA<br><\/strong>Tel. (777) 2900-100<br><br><\/p>\n<\/div>\n<div>\n<p><strong><i class=\"themify-icon-icon\" style=\"color: #155185;\"><\/i> FORMACI\u00d3N<br><\/strong><\/p>\n<div class=\"tb_text_wrap\">\n<p><strong>Licenciatura en Medicina<\/strong><br>Escuela Latinoamericana de Medicina<br>Rep\u00fablica de Cuba<br>C\u00e9dula Profesional: 09291584<\/p>\n<p><strong>Especialidad: Neurolog\u00eda<\/strong><br>Hospital de Especialidades, Centro M\u00e9dico Nacional de Occidente<br>Universidad de Guadalajara<br>C\u00e9dula Especialidad: En tr\u00e1mite.<\/p>\n<p><strong>Certificado por el Consejo Mexicano de Neurolog\u00eda<br><\/strong>2021-2026<\/p>\n<\/div>\n<hr class=\"shortcode hr light-gray\" style=\"width: 80; border-width: 1;\">\n<p><strong>\u00a0<\/strong><\/p>\n<\/div>    <\/div>\n<\/div>\n<!-- \/module text --><!-- module text -->\n<div  class=\"module module-text tb_ca674b0  repeat \" data-lazy=\"1\">\n        <div  class=\"tb_text_wrap\">\n        <p><strong>Dr. Abad Villafuentes Camberos<\/strong><br \/>Tel. (777) 310-2809 Cel. 777 1881940<br \/>Cuernavaca, Mor.<br \/><hr class=\"shortcode hr light-gray\" style=\"width:80;border-width:1;\" \/><\/p>\n<p><strong>Dr. Carlos H. Vel\u00e1zquez Oria<\/strong><br \/>Tel. (777)318-8521<br \/>Cuernavaca, Mor.<br \/><hr class=\"shortcode hr light-gray\" style=\"width:80;border-width:1;\" \/><\/p>\n<p><strong>Dr. Diego V\u00e1zquez Santos<\/strong> <br \/>Tel. (777) 310-3964<br \/>Cuernavaca, Mor.<\/p>    <\/div>\n<\/div>\n<!-- \/module text -->        <\/div>\n                    <div  data-lazy=\"1\" class=\"module_column tb-column col3-1 tb_7c29e1a last\">\n                    <!-- module text -->\n<div  class=\"module module-text tb_f87bf3c   \" data-lazy=\"1\">\n        <div  class=\"tb_text_wrap\">\n            <\/div>\n<\/div>\n<!-- \/module text --><!-- module text -->\n<div  class=\"module module-text tb_1751112   \" data-lazy=\"1\">\n        <div  class=\"tb_text_wrap\">\n        <div class=\"tb_layout_part_wrap tf_w\"><!--themify_builder_content-->\n    <div  class=\"themify_builder_content themify_builder_content-4771 themify_builder not_editable_builder in_the_loop\" data-postid=\"4771\">\n                        <div  data-lazy=\"1\" class=\"module_row themify_builder_row tb_57360ad tf_w\">\n                        <div class=\"row_inner col_align_top tb_col_count_1 tf_box tf_rel\">\n                        <div  data-lazy=\"1\" class=\"module_column tb-column col-full tb_065d41e first\">\n                    <!-- module image -->\n<div  class=\"module module-image tb_ee06636 image-center   tf_mw\" data-lazy=\"1\">\n        <div class=\"image-wrap tf_rel tf_mw\">\n            <a href=\"https:\/\/www.guiamedicamorelos.com\/wp-medicos\/contacto\">\n                   <img loading=\"lazy\" decoding=\"async\" width=\"278\" height=\"111\" src=\"https:\/\/www.guiamedicamorelos.com\/wp-medicos\/wp-content\/uploads\/2015\/07\/anunciate-guiamedicamorelos.jpg\" class=\"wp-post-image wp-image-4347\" alt=\"Gu\u00eda Medica Morelos\" srcset=\"https:\/\/www.guiamedicamorelos.com\/wp-medicos\/wp-content\/uploads\/2015\/07\/anunciate-guiamedicamorelos.jpg 278w, https:\/\/www.guiamedicamorelos.com\/wp-medicos\/wp-content\/uploads\/2015\/07\/anunciate-guiamedicamorelos-375x150.jpg 375w, https:\/\/www.guiamedicamorelos.com\/wp-medicos\/wp-content\/uploads\/2015\/07\/anunciate-guiamedicamorelos-200x80.jpg 200w\" sizes=\"auto, (max-width: 278px) 100vw, 278px\" \/>        <\/a>\n    \n        <\/div>\n    <!-- \/image-wrap -->\n    \n        <\/div>\n<!-- \/module image -->        <\/div>\n                        <\/div>\n        <\/div>\n                        <div  data-lazy=\"1\" class=\"module_row themify_builder_row tb_g0w1509 tf_w\">\n                        <div class=\"row_inner col_align_top tb_col_count_1 tf_box tf_rel\">\n                        <div  data-lazy=\"1\" class=\"module_column tb-column col-full tb_7e8a530 first\">\n                            <\/div>\n                        <\/div>\n        <\/div>\n            <\/div>\n<!--\/themify_builder_content--><\/div>\n    <\/div>\n<\/div>\n<!-- \/module text -->        <\/div>\n                        <\/div>\n        <\/div>\n        <\/div>\n<!--\/themify_builder_content-->","protected":false},"excerpt":{"rendered":"<p>Dr. Edgar Filem\u00f3n Huipio M\u00e9ndezM\u00e9dico Neur\u00f3logoEpilepsia, Migra\u00f1as, Esclerosis m\u00faltiple, Alzheimer, Parkinson, Temblor esencial, Accidente cerebrovascular isqu\u00e9mico, Par\u00e1lisis facial y oculares, Neuralgia del trig\u00e9mino, V\u00e9rtigo. CONSULTORIOPrivada del Carmen No.9Col. Las Palmas, Chipitl\u00e1nCuernavaca, Mor. CONSULTAS PREVIA CITATel. (777) 2900-100 FORMACI\u00d3N Licenciatura en MedicinaEscuela Latinoamericana de MedicinaRep\u00fablica de CubaC\u00e9dula Profesional: 09291584 Especialidad: Neurolog\u00edaHospital de Especialidades, Centro M\u00e9dico Nacional [&hellip;]<\/p>\n","protected":false},"author":1,"featured_media":0,"parent":0,"menu_order":0,"comment_status":"closed","ping_status":"closed","template":"","meta":{"_monsterinsights_skip_tracking":false,"_monsterinsights_sitenote_active":false,"_monsterinsights_sitenote_note":"","_monsterinsights_sitenote_category":0,"footnotes":""},"class_list":["post-4494","page","type-page","status-publish","hentry","has-post-title","has-post-date","has-post-category","has-post-tag","has-post-comment","has-post-author",""],"amp_enabled":true,"builder_content":"[themify_layout_part id=5987]\n<p><strong><a href=\"https:\/\/www.guiamedicamorelos.com\/wp-medicos\/wp-content\/uploads\/2015\/08\/insercion-vip.png\"><img loading=\"lazy\" decoding=\"async\" src=\"https:\/\/www.guiamedicamorelos.com\/wp-medicos\/wp-content\/uploads\/2015\/08\/insercion-vip.png\" alt=\"\" width=\"133\" height=\"30\"><\/a><\/strong><\/p> <p><strong>Dr. Edgar Filem\u00f3n Huipio M\u00e9ndez<br><\/strong>M\u00e9dico Neur\u00f3logo<br><strong><br>Epilepsia, Migra\u00f1as, Esclerosis m\u00faltiple, Alzheimer, Parkinson, Temblor esencial, Accidente cerebrovascular isqu\u00e9mico, Par\u00e1lisis facial y oculares, Neuralgia del trig\u00e9mino, V\u00e9rtigo.<br><\/strong><\/p> <p><a href=\"https:\/\/www.guiamedicamorelos.com\/wp-medicos\/wp-content\/uploads\/2021\/04\/dr-edgar-huipio-neurologo-cuernavaca.jpg\"><img loading=\"lazy\" decoding=\"async\" src=\"https:\/\/www.guiamedicamorelos.com\/wp-medicos\/wp-content\/uploads\/2021\/04\/dr-edgar-huipio-neurologo-cuernavaca.jpg\" alt=\"\" width=\"400\" height=\"294\" srcset=\"https:\/\/www.guiamedicamorelos.com\/wp-medicos\/wp-content\/uploads\/2021\/04\/dr-edgar-huipio-neurologo-cuernavaca.jpg 400w, https:\/\/www.guiamedicamorelos.com\/wp-medicos\/wp-content\/uploads\/2021\/04\/dr-edgar-huipio-neurologo-cuernavaca-300x221.jpg 300w\" sizes=\"auto, (max-width: 400px) 100vw, 400px\" \/><\/a><\/p>\n<p><strong> <b>CONSULTORIO<\/b><\/strong><br>Privada del Carmen No.9<br>Col. Las Palmas, Chipitl\u00e1n<br>Cuernavaca, Mor.<\/p> <p><strong>CONSULTAS PREVIA CITA<br><\/strong>Tel. (777) 2900-100<br><br><\/p>\n<p><strong> FORMACI\u00d3N<br><\/strong><\/p>\n<p><strong>Licenciatura en Medicina<\/strong><br>Escuela Latinoamericana de Medicina<br>Rep\u00fablica de Cuba<br>C\u00e9dula Profesional: 09291584<\/p> <p><strong>Especialidad: Neurolog\u00eda<\/strong><br>Hospital de Especialidades, Centro M\u00e9dico Nacional de Occidente<br>Universidad de Guadalajara<br>C\u00e9dula Especialidad: En tr\u00e1mite.<\/p> <p><strong>Certificado por el Consejo Mexicano de Neurolog\u00eda<br><\/strong>2021-2026<\/p>\n<hr style=\"width: 80; border-width: 1;\"> <p><strong>\u00a0<\/strong><\/p>\n<p><strong>Dr. Abad Villafuentes Camberos<\/strong><br \/>Tel. (777) 310-2809 Cel. 777 1881940<br \/>Cuernavaca, Mor.<br \/>[themify_hr color=\"light-gray\" width=\"80\" border_width=\"1\"]<\/p> <p><strong>Dr. Carlos H. Vel\u00e1zquez Oria<\/strong><br \/>Tel. (777)318-8521<br \/>Cuernavaca, Mor.<br \/>[themify_hr color=\"light-gray\" width=\"80\" border_width=\"1\"]<\/p> <p><strong>Dr. Diego V\u00e1zquez Santos<\/strong> <br \/>Tel. (777) 310-3964<br \/>Cuernavaca, Mor.<\/p>\n<p>[themify_layout_part slug=\"siguenos-facebook\"]<\/p>\n<p>[themify_layout_part id=\"4771\"]<\/p>","_links":{"self":[{"href":"https:\/\/www.guiamedicamorelos.com\/wp-medicos\/wp-json\/wp\/v2\/pages\/4494","targetHints":{"allow":["GET"]}}],"collection":[{"href":"https:\/\/www.guiamedicamorelos.com\/wp-medicos\/wp-json\/wp\/v2\/pages"}],"about":[{"href":"https:\/\/www.guiamedicamorelos.com\/wp-medicos\/wp-json\/wp\/v2\/types\/page"}],"author":[{"embeddable":true,"href":"https:\/\/www.guiamedicamorelos.com\/wp-medicos\/wp-json\/wp\/v2\/users\/1"}],"replies":[{"embeddable":true,"href":"https:\/\/www.guiamedicamorelos.com\/wp-medicos\/wp-json\/wp\/v2\/comments?post=4494"}],"version-history":[{"count":25,"href":"https:\/\/www.guiamedicamorelos.com\/wp-medicos\/wp-json\/wp\/v2\/pages\/4494\/revisions"}],"predecessor-version":[{"id":9807,"href":"https:\/\/www.guiamedicamorelos.com\/wp-medicos\/wp-json\/wp\/v2\/pages\/4494\/revisions\/9807"}],"wp:attachment":[{"href":"https:\/\/www.guiamedicamorelos.com\/wp-medicos\/wp-json\/wp\/v2\/media?parent=4494"}],"curies":[{"name":"wp","href":"https:\/\/api.w.org\/{rel}","templated":true}]}}