{"id":4535,"date":"2015-08-07T11:47:32","date_gmt":"2015-08-07T17:47:32","guid":{"rendered":"http:\/\/www.guiamedicamorelos.com\/wp-medicos\/psicologos-en-cuernavaca-copy\/"},"modified":"2022-02-02T10:26:30","modified_gmt":"2022-02-02T16:26:30","slug":"fisioterapeutas-en-cuernavaca","status":"publish","type":"page","link":"https:\/\/www.guiamedicamorelos.com\/wp-medicos\/fisioterapeutas-en-cuernavaca\/","title":{"rendered":"Fisioterapeutas en Cuernavaca"},"content":{"rendered":"<!--themify_builder_content-->\n<div id=\"themify_builder_content-4535\" data-postid=\"4535\" class=\"themify_builder_content themify_builder_content-4535 themify_builder tf_clear\">\n                    <div  data-lazy=\"1\" class=\"module_row themify_builder_row tb_42eba6a tb_first tf_w\">\n                        <div class=\"row_inner gutter-narrow col_align_top tb_col_count_2 tf_box tf_rel\">\n                        <div  data-lazy=\"1\" class=\"module_column tb-column col3-2 tb_137f678 first\">\n                    <!-- module text -->\n<div  class=\"module module-text tb_9840ded   \" data-lazy=\"1\">\n        <div  class=\"tb_text_wrap\">\n        <div class=\"tb_layout_part_wrap tf_w\"><!--themify_builder_content-->\n    <div  class=\"themify_builder_content themify_builder_content-5987 themify_builder not_editable_builder in_the_loop\" data-postid=\"5987\">\n                        <div  data-lazy=\"1\" class=\"module_row themify_builder_row tb_tb72447 tf_w\">\n                        <div class=\"row_inner col_align_top tb_col_count_1 tf_box tf_rel\">\n                        <div  data-lazy=\"1\" class=\"module_column tb-column col-full  tb_urq0777 first\">\n                    <!-- module image -->\n<div  class=\"module module-image tb_z3pd710 image-center    auto_fullwidth tf_mw\" data-lazy=\"1\">\n        <div class=\"image-wrap tf_rel tf_mw\">\n            <a href=\"http:\/\/www.guiamedicamorelos.com\/torre-medica-cuernavaca\">\n                   <img loading=\"lazy\" decoding=\"async\" src=\"http:\/\/www.guiamedicamorelos.com\/wp-medicos\/wp-content\/uploads\/2017\/05\/banner-torremedicacuernavaca-02.jpg\" width=\"700\" height=\"100\" title=\"Fisioterapeutas en Cuernavaca\" alt=\"Fisioterapeutas en Cuernavaca\">        <\/a>\n    \n        <\/div>\n    <!-- \/image-wrap -->\n    \n        <\/div>\n<!-- \/module image -->        <\/div>\n                        <\/div>\n        <\/div>\n            <\/div>\n<!--\/themify_builder_content--><\/div>\n    <\/div>\n<\/div>\n<!-- \/module text --><!-- module text -->\n<div  class=\"module module-text tb_8707441  repeat \" data-lazy=\"1\">\n        <div  class=\"tb_text_wrap\">\n        <p>Fisoterapeutas en Cuernavaca<\/p>    <\/div>\n<\/div>\n<!-- \/module text --><!-- module text -->\n<div  class=\"module module-text tb_e530cff  repeat \" data-lazy=\"1\">\n        <div  class=\"tb_text_wrap\">\n        <p><img loading=\"lazy\" decoding=\"async\" class=\"alignnone size-full wp-image-4414\" src=\"https:\/\/www.guiamedicamorelos.com\/wp-medicos\/wp-content\/uploads\/2015\/08\/insercion-vip.png\" alt=\"\" width=\"133\" height=\"30\"><\/p>\n<p><span style=\"color: #434b6e; font-family: 'Ubuntu', sans-serif; font-size: 1.5em;\"><strong>T.F.\u00a0 Perla Ivonne Paz Arredondo<\/strong><\/span><br>FISOTERAPEUTA<br>C\u00e9dula Profesional: 10136943<\/p>\n<p>Fisioterapia, Medicina F\u00edsica y Rehabilitaci\u00f3n. Atenci\u00f3n mediante Electroterapia, T\u00e9cnicas Manuales, Ejercicio Terap\u00e9utico y Terapias con Parafina.<\/p>\n<p><img loading=\"lazy\" decoding=\"async\" class=\"alignnone wp-image-8980 size-full\" src=\"https:\/\/www.guiamedicamorelos.com\/wp-medicos\/wp-content\/uploads\/2019\/04\/perla-paz-fisoterapia-00.jpg\" alt=\"\" width=\"400\" height=\"275\" srcset=\"https:\/\/www.guiamedicamorelos.com\/wp-medicos\/wp-content\/uploads\/2019\/04\/perla-paz-fisoterapia-00.jpg 400w, https:\/\/www.guiamedicamorelos.com\/wp-medicos\/wp-content\/uploads\/2019\/04\/perla-paz-fisoterapia-00-300x206.jpg 300w\" sizes=\"auto, (max-width: 400px) 100vw, 400px\" \/><br><strong>Enfermedades y Lesiones: <\/strong>Esguinces, Desgarres, Contracturas, Codo de Tenista\/Golfista,\u00a0 Lesiones de Ligamentos, Lesiones Postoperatorias, Lesiones Musculares y Tendinosas, Lumbalgias, ciatalgias, Rehabilitaci\u00f3n de fracturas.<br><strong><br><\/strong>\n\t<!-- shortcode box --> <div class=\"shortcode tf_clearfix box lightgray \"><span class=\"shortcode themify-icon \"><i class=\"themify-icon-icon\" ><svg  class=\"tf_fa tf-ti-announcement\" aria-hidden=\"true\"><use href=\"#tf-ti-announcement\"><\/use><\/svg><\/i><\/span><br \/>10% de DESCUENTO en la Primera Consulta, si dices que lo viste en internet<\/div> <!-- \/shortcode box --><\/p>\n<p><b>CONSULTORIO<\/b><br>Priv. del Carmen No.9 <br>Col. Las Palmas<br>Cuernavaca, Mor.<\/p>\n<p><strong>CONSULTA PREVIA CITA<\/strong><br>Tel. (777) 290-0100<br>Tel. (777) 312-8776<\/p>\n<p><strong>URGENCIAS<\/strong><br>Cel. (777) 190-2728<br>Puede enviar WhatsApp <img loading=\"lazy\" decoding=\"async\" class=\"alignnone wp-image-5092\" src=\"https:\/\/www.guiamedicamorelos.com\/wp-medicos\/wp-content\/uploads\/2016\/07\/logo-whatsapp.png\" width=\"15\" height=\"14\"><\/p>\n<p>perl.pz28@gmail.com<\/p>    <\/div>\n<\/div>\n<!-- \/module text -->        <\/div>\n                    <div  data-lazy=\"1\" class=\"module_column tb-column col3-1 tb_188232f last\">\n                    <!-- module text -->\n<div  class=\"module module-text tb_a5d3a0b   \" data-lazy=\"1\">\n        <div  class=\"tb_text_wrap\">\n            <\/div>\n<\/div>\n<!-- \/module text --><!-- module text -->\n<div  class=\"module module-text tb_f99a228   \" data-lazy=\"1\">\n        <div  class=\"tb_text_wrap\">\n        <div class=\"tb_layout_part_wrap tf_w\"><!--themify_builder_content-->\n    <div  class=\"themify_builder_content themify_builder_content-4771 themify_builder not_editable_builder in_the_loop\" data-postid=\"4771\">\n                        <div  data-lazy=\"1\" class=\"module_row themify_builder_row tb_57360ad tf_w\">\n                        <div class=\"row_inner col_align_top tb_col_count_1 tf_box tf_rel\">\n                        <div  data-lazy=\"1\" class=\"module_column tb-column col-full tb_065d41e first\">\n                    <!-- module image -->\n<div  class=\"module module-image tb_ee06636 image-center   tf_mw\" data-lazy=\"1\">\n        <div class=\"image-wrap tf_rel tf_mw\">\n            <a href=\"https:\/\/www.guiamedicamorelos.com\/wp-medicos\/contacto\">\n                   <img loading=\"lazy\" decoding=\"async\" width=\"278\" height=\"111\" src=\"https:\/\/www.guiamedicamorelos.com\/wp-medicos\/wp-content\/uploads\/2015\/07\/anunciate-guiamedicamorelos.jpg\" class=\"wp-post-image wp-image-4347\" alt=\"Gu\u00eda Medica Morelos\" srcset=\"https:\/\/www.guiamedicamorelos.com\/wp-medicos\/wp-content\/uploads\/2015\/07\/anunciate-guiamedicamorelos.jpg 278w, https:\/\/www.guiamedicamorelos.com\/wp-medicos\/wp-content\/uploads\/2015\/07\/anunciate-guiamedicamorelos-375x150.jpg 375w, https:\/\/www.guiamedicamorelos.com\/wp-medicos\/wp-content\/uploads\/2015\/07\/anunciate-guiamedicamorelos-200x80.jpg 200w\" sizes=\"auto, (max-width: 278px) 100vw, 278px\" \/>        <\/a>\n    \n        <\/div>\n    <!-- \/image-wrap -->\n    \n        <\/div>\n<!-- \/module image -->        <\/div>\n                        <\/div>\n        <\/div>\n                        <div  data-lazy=\"1\" class=\"module_row themify_builder_row tb_g0w1509 tf_w\">\n                        <div class=\"row_inner col_align_top tb_col_count_1 tf_box tf_rel\">\n                        <div  data-lazy=\"1\" class=\"module_column tb-column col-full tb_7e8a530 first\">\n                            <\/div>\n                        <\/div>\n        <\/div>\n            <\/div>\n<!--\/themify_builder_content--><\/div>\n    <\/div>\n<\/div>\n<!-- \/module text -->        <\/div>\n                        <\/div>\n        <\/div>\n                        <div  data-lazy=\"1\" class=\"module_row themify_builder_row tb_32ce962 tf_w\">\n                        <div class=\"row_inner col_align_top tb_col_count_1 tf_box tf_rel\">\n                        <div  data-lazy=\"1\" class=\"module_column tb-column col-full tb_88476da first\">\n                    <!-- module text -->\n<div  class=\"module module-text tb_1ae88ed   \" data-lazy=\"1\">\n        <div  class=\"tb_text_wrap\">\n        <div class=\"tb_layout_part_wrap tf_w\"><!--themify_builder_content-->\n    <div  class=\"themify_builder_content themify_builder_content-4420 themify_builder not_editable_builder in_the_loop\" data-postid=\"4420\">\n                        <div  data-lazy=\"1\" class=\"module_row themify_builder_row tb_aa4f163 tf_w\">\n                        <div class=\"row_inner col_align_top tb_col_count_1 tf_box tf_rel\">\n                        <div  data-lazy=\"1\" class=\"module_column tb-column col-full tb_487b434 first\">\n                    <!-- module text -->\n<div  class=\"module module-text tb_3490387  repeat \" data-lazy=\"1\">\n        <div  class=\"tb_text_wrap\">\n        <p><strong>NOTA IMPORTANTE:<\/strong> El objetivo de Gu\u00eda M\u00e9dica Morelos, es meramente informativo y de uso publicitario, sin recomendar expl\u00edcitamente alg\u00fan servicio y\/o producto aqu\u00ed anunciado o listado.<\/p>    <\/div>\n<\/div>\n<!-- \/module text -->        <\/div>\n                        <\/div>\n        <\/div>\n            <\/div>\n<!--\/themify_builder_content--><\/div>\n    <\/div>\n<\/div>\n<!-- \/module text -->        <\/div>\n                        <\/div>\n        <\/div>\n        <\/div>\n<!--\/themify_builder_content-->","protected":false},"excerpt":{"rendered":"<p>Fisoterapeutas en Cuernavaca T.F.\u00a0 Perla Ivonne Paz ArredondoFISOTERAPEUTAC\u00e9dula Profesional: 10136943 Fisioterapia, Medicina F\u00edsica y Rehabilitaci\u00f3n. Atenci\u00f3n mediante Electroterapia, T\u00e9cnicas Manuales, Ejercicio Terap\u00e9utico y Terapias con Parafina. Enfermedades y Lesiones: Esguinces, Desgarres, Contracturas, Codo de Tenista\/Golfista,\u00a0 Lesiones de Ligamentos, Lesiones Postoperatorias, Lesiones Musculares y Tendinosas, Lumbalgias, ciatalgias, Rehabilitaci\u00f3n de fracturas. CONSULTORIOPriv. del Carmen No.9 Col. Las [&hellip;]<\/p>\n","protected":false},"author":1,"featured_media":0,"parent":0,"menu_order":0,"comment_status":"closed","ping_status":"closed","template":"","meta":{"_monsterinsights_skip_tracking":false,"_monsterinsights_sitenote_active":false,"_monsterinsights_sitenote_note":"","_monsterinsights_sitenote_category":0,"footnotes":""},"class_list":["post-4535","page","type-page","status-publish","hentry","has-post-title","has-post-date","has-post-category","has-post-tag","has-post-comment","has-post-author",""],"amp_enabled":true,"builder_content":"[themify_layout_part id=5987]\n<p>Fisoterapeutas en Cuernavaca<\/p>\n<p><img loading=\"lazy\" decoding=\"async\" src=\"https:\/\/www.guiamedicamorelos.com\/wp-medicos\/wp-content\/uploads\/2015\/08\/insercion-vip.png\" alt=\"\" width=\"133\" height=\"30\"><\/p> <p><strong>T.F.\u00a0 Perla Ivonne Paz Arredondo<\/strong><br>FISOTERAPEUTA<br>C\u00e9dula Profesional: 10136943<\/p> <p>Fisioterapia, Medicina F\u00edsica y Rehabilitaci\u00f3n. Atenci\u00f3n mediante Electroterapia, T\u00e9cnicas Manuales, Ejercicio Terap\u00e9utico y Terapias con Parafina.<\/p> <p><img loading=\"lazy\" decoding=\"async\" src=\"https:\/\/www.guiamedicamorelos.com\/wp-medicos\/wp-content\/uploads\/2019\/04\/perla-paz-fisoterapia-00.jpg\" alt=\"\" width=\"400\" height=\"275\" srcset=\"https:\/\/www.guiamedicamorelos.com\/wp-medicos\/wp-content\/uploads\/2019\/04\/perla-paz-fisoterapia-00.jpg 400w, https:\/\/www.guiamedicamorelos.com\/wp-medicos\/wp-content\/uploads\/2019\/04\/perla-paz-fisoterapia-00-300x206.jpg 300w\" sizes=\"auto, (max-width: 400px) 100vw, 400px\" \/><br><strong>Enfermedades y Lesiones: <\/strong>Esguinces, Desgarres, Contracturas, Codo de Tenista\/Golfista,\u00a0 Lesiones de Ligamentos, Lesiones Postoperatorias, Lesiones Musculares y Tendinosas, Lumbalgias, ciatalgias, Rehabilitaci\u00f3n de fracturas.<br><strong><br><\/strong>[themify_box icon=\"announcement\" color=\"lightgray\"]<br>10% de DESCUENTO en la Primera Consulta, si dices que lo viste en internet[\/themify_box]<\/p> <p><b>CONSULTORIO<\/b><br>Priv. del Carmen No.9 <br>Col. Las Palmas<br>Cuernavaca, Mor.<\/p> <p><strong>CONSULTA PREVIA CITA<\/strong><br>Tel. (777) 290-0100<br>Tel. (777) 312-8776<\/p> <p><strong>URGENCIAS<\/strong><br>Cel. (777) 190-2728<br>Puede enviar WhatsApp <img loading=\"lazy\" decoding=\"async\" src=\"https:\/\/www.guiamedicamorelos.com\/wp-medicos\/wp-content\/uploads\/2016\/07\/logo-whatsapp.png\" width=\"15\" height=\"14\"><\/p> <p>perl.pz28@gmail.com<\/p>\n<p>[themify_layout_part slug=\"siguenos-facebook\"]<\/p>\n<p>[themify_layout_part id=\"4771\"]<\/p>\n<p>[themify_layout_part id=4420]<\/p>","_links":{"self":[{"href":"https:\/\/www.guiamedicamorelos.com\/wp-medicos\/wp-json\/wp\/v2\/pages\/4535","targetHints":{"allow":["GET"]}}],"collection":[{"href":"https:\/\/www.guiamedicamorelos.com\/wp-medicos\/wp-json\/wp\/v2\/pages"}],"about":[{"href":"https:\/\/www.guiamedicamorelos.com\/wp-medicos\/wp-json\/wp\/v2\/types\/page"}],"author":[{"embeddable":true,"href":"https:\/\/www.guiamedicamorelos.com\/wp-medicos\/wp-json\/wp\/v2\/users\/1"}],"replies":[{"embeddable":true,"href":"https:\/\/www.guiamedicamorelos.com\/wp-medicos\/wp-json\/wp\/v2\/comments?post=4535"}],"version-history":[{"count":110,"href":"https:\/\/www.guiamedicamorelos.com\/wp-medicos\/wp-json\/wp\/v2\/pages\/4535\/revisions"}],"predecessor-version":[{"id":9709,"href":"https:\/\/www.guiamedicamorelos.com\/wp-medicos\/wp-json\/wp\/v2\/pages\/4535\/revisions\/9709"}],"wp:attachment":[{"href":"https:\/\/www.guiamedicamorelos.com\/wp-medicos\/wp-json\/wp\/v2\/media?parent=4535"}],"curies":[{"name":"wp","href":"https:\/\/api.w.org\/{rel}","templated":true}]}}