{"id":4539,"date":"2015-08-07T11:58:50","date_gmt":"2015-08-07T17:58:50","guid":{"rendered":"http:\/\/www.guiamedicamorelos.com\/wp-medicos\/fisioterapeutas-en-cuernavaca-copy\/"},"modified":"2023-01-27T18:20:17","modified_gmt":"2023-01-28T00:20:17","slug":"urologos-en-cuernavaca","status":"publish","type":"page","link":"https:\/\/www.guiamedicamorelos.com\/wp-medicos\/urologos-en-cuernavaca\/","title":{"rendered":"Ur\u00f3logos en Cuernavaca"},"content":{"rendered":"<!--themify_builder_content-->\n<div id=\"themify_builder_content-4539\" data-postid=\"4539\" class=\"themify_builder_content themify_builder_content-4539 themify_builder tf_clear\">\n                    <div  data-lazy=\"1\" class=\"module_row themify_builder_row tb_2decd0f tb_first tf_w\">\n                        <div class=\"row_inner gutter-narrow col_align_top tb_col_count_2 tf_box tf_rel\">\n                        <div  data-lazy=\"1\" class=\"module_column tb-column col3-2 tb_f3f1ba5 first\">\n                    <!-- module text -->\n<div  class=\"module module-text tb_d565159   \" data-lazy=\"1\">\n        <div  class=\"tb_text_wrap\">\n        <div class=\"tb_layout_part_wrap tf_w\"><!--themify_builder_content-->\n    <div  class=\"themify_builder_content themify_builder_content-5987 themify_builder not_editable_builder in_the_loop\" data-postid=\"5987\">\n                        <div  data-lazy=\"1\" class=\"module_row themify_builder_row tb_tb72447 tf_w\">\n                        <div class=\"row_inner col_align_top tb_col_count_1 tf_box tf_rel\">\n                        <div  data-lazy=\"1\" class=\"module_column tb-column col-full  tb_urq0777 first\">\n                    <!-- module image -->\n<div  class=\"module module-image tb_z3pd710 image-center    auto_fullwidth tf_mw\" data-lazy=\"1\">\n        <div class=\"image-wrap tf_rel tf_mw\">\n            <a href=\"http:\/\/www.guiamedicamorelos.com\/torre-medica-cuernavaca\">\n                   <img loading=\"lazy\" decoding=\"async\" src=\"http:\/\/www.guiamedicamorelos.com\/wp-medicos\/wp-content\/uploads\/2017\/05\/banner-torremedicacuernavaca-02.jpg\" width=\"700\" height=\"100\" title=\"Ur\u00f3logos en Cuernavaca\" alt=\"Ur\u00f3logos en Cuernavaca\">        <\/a>\n    \n        <\/div>\n    <!-- \/image-wrap -->\n    \n        <\/div>\n<!-- \/module image -->        <\/div>\n                        <\/div>\n        <\/div>\n            <\/div>\n<!--\/themify_builder_content--><\/div>\n\n    <\/div>\n<\/div>\n<!-- \/module text --><!-- module text -->\n<div  class=\"module module-text tb_708f18a   \" data-lazy=\"1\">\n        <div  class=\"tb_text_wrap\">\n        <p>Ur\u00f3logos\u00a0en Cuernavaca<\/p>    <\/div>\n<\/div>\n<!-- \/module text --><!-- module text -->\n<div  class=\"module module-text tb_3e17873  repeat \" data-lazy=\"1\">\n        <div  class=\"tb_text_wrap\">\n        <p><a href=\"https:\/\/www.guiamedicamorelos.com\/wp-medicos\/wp-content\/uploads\/2015\/08\/insercion-vip.png\"><img loading=\"lazy\" decoding=\"async\" class=\"alignnone size-full wp-image-4414\" src=\"https:\/\/www.guiamedicamorelos.com\/wp-medicos\/wp-content\/uploads\/2015\/08\/insercion-vip.png\" alt=\"\" width=\"133\" height=\"30\" \/><\/a><\/p>\n<p><span style=\"color: #434b6e; font-family: 'Ubuntu', sans-serif; font-size: 1.5em;\"><strong>Dr. V\u00edctor Morelos Ch\u00e1vez<\/strong><\/span><\/p>\n<p><em>Diagn\u00f3stico y tratamiento de enfermedades de la<br \/>pr\u00f3stata, c\u00e1lculos y tumores de las v\u00edas urinarias.<\/em><\/p>\n<p><img loading=\"lazy\" decoding=\"async\" class=\"alignnone wp-image-6906 size-full\" src=\"https:\/\/www.guiamedicamorelos.com\/wp-medicos\/wp-content\/uploads\/2017\/07\/urologo-victor-morelos-cuernavaca.jpg\" alt=\"\" width=\"300\" height=\"236\" \/><\/p>    <\/div>\n<\/div>\n<!-- \/module text --><!-- module tab -->\n<div  id=\"tb_2d1802c\" class=\"module ui module-tab tb_2d1802c tab-frame rounded glossy shadow light-blue \" data-lazy=\"1\">\n        <div class=\"tab-nav-current-active tf_hide\">\n\t\t<span class=\"tab_burger_icon_wrap\">\n\t        <span class=\"tab_burger_icon tf_rel\"><\/span>\n\t\t<\/span>\n        <span class=\"tb_activetab_title\">\n            <span class=\"tb_tab_title\">Cuernavaca<\/span>\n                    <\/span>\n    <\/div>\n    <ul class=\"tab-nav tf_clearfix tf_scrollbar\">\n                <li class=\"current\" aria-expanded=\"true\">\n            <a href=\"#tab-tb_2d1802c-0\">\n                <em><svg  class=\"tf_fa tf-far-hospital-o\" aria-hidden=\"true\"><use href=\"#tf-far-hospital-o\"><\/use><\/svg><\/em>                <span class=\"tb_tab_title\">Cuernavaca<\/span>                                            <\/a>\n        <\/li>\n                <li aria-expanded=\"false\">\n            <a href=\"#tab-tb_2d1802c-1\">\n                <em><svg  class=\"tf_fa tf-far-hospital-o\" aria-hidden=\"true\"><use href=\"#tf-far-hospital-o\"><\/use><\/svg><\/em>                <span class=\"tb_tab_title\">Cuautla<\/span>                                            <\/a>\n        <\/li>\n            <\/ul>\n            <div data-id=\"tab-tb_2d1802c-0\" class=\"tab-content tf_clear\" aria-hidden=\"false\">\n                            <div class=\"tb_text_wrap\">\n                    <p><strong>CONSULTORIO CUERNAVACA<\/strong><br \/>Privada del Carmen No.9<br \/>Col. Las Palmas, Chipitl\u00e1n.<br \/>Cuernavaca, Mor.<\/p>\n<p><strong>CONSULTAS PREVIA CITA<\/strong><br \/>Tels. (777) 2900-100 y (777) 312-8776<br \/>Ext. 1011 y 1012<\/p>\n<p><strong>URGENCIAS<\/strong><br \/>Cel. (777) 304-1976<br \/>Puede enviar whatsapp\u00a0<img loading=\"lazy\" decoding=\"async\" class=\"alignnone wp-image-5092\" src=\"https:\/\/www.guiamedicamorelos.com\/wp-medicos\/wp-content\/uploads\/2016\/07\/logo-whatsapp.png\" alt=\"\" width=\"15\" height=\"14\" \/><\/p>\n<a href=\"https:\/\/www.urologiaencuernavaca.com\" class=\"shortcode button    large\" style=\"background-color: #9a9fb9;color: #ffffff;\" target=\"_blank\">Ir a P\u00e1gina Web del Dr. V\u00edctor Morelos<\/a>                <\/div>\n                    <\/div>\n            <div data-id=\"tab-tb_2d1802c-1\" class=\"tab-content tf_clear\" aria-hidden=\"true\">\n                            <div class=\"tb_text_wrap\">\n                    <p><strong>CONSULTORIO CUAUTLA<\/strong><br \/>Av. Constituyentes No.156 3er Piso<br \/>Col Centro. Cuautla, Morelos<\/p>\n<p><strong>CONSULTAS PREVIA CITA<\/strong><br \/>Tel. (735) 158-2773<br \/>Puede enviar whatsapp<\/p>\n<p><strong>URGENCIAS<\/strong><br \/>Cel. (777) 304-1976<br \/>Puede enviar whatsapp\u00a0<img loading=\"lazy\" decoding=\"async\" class=\"alignnone wp-image-5092\" src=\"https:\/\/www.guiamedicamorelos.com\/wp-medicos\/wp-content\/uploads\/2016\/07\/logo-whatsapp.png\" alt=\"\" width=\"15\" height=\"14\" \/><\/p>\n<a href=\"http:\/\/www.urologiaencuernavaca.com\" class=\"shortcode button    large\" style=\"background-color: #9a9fb9;color: #ffffff;\" target=\"_blank\">Ir a P\u00e1gina Web del Dr. V\u00edctor Morelos<\/a>                <\/div>\n                    <\/div>\n    <\/div>\n<!-- \/module tab -->\n<!-- module accordion -->\n<div  class=\"module module-accordion tb_21ky358 \" data-behavior=\"toggle\" data-lazy=\"1\">\n    \n    <ul class=\"ui module-accordion  rounded shadow tb_default_color\">\n            <li>\n            <div class=\"accordion-title tf_rel\">\n                <a href=\"#acc-21ky358-0\" class=\"tb_title_accordion\" aria-controls=\"acc-21ky358-0-content\" aria-expanded=\"false\">\n                    <i class=\"accordion-icon\"><svg  class=\"tf_fa tf-fas-chevron-down\" aria-hidden=\"true\"><use href=\"#tf-fas-chevron-down\"><\/use><\/svg><\/i>                    <i class=\"accordion-active-icon tf_hide\"><svg  class=\"tf_fa tf-fas-chevron-up\" aria-hidden=\"true\"><use href=\"#tf-fas-chevron-up\"><\/use><\/svg><\/i>                    Formaci\u00f3n Dr. V\u00edctor Morelos Ch\u00e1vez                <\/a>\n            <\/div><!-- .accordion-title -->\n            <div id=\"acc-21ky358-0-content\" data-id=\"acc-21ky358-0\" aria-hidden=\"true\" class=\"accordion-content tf_hide tf_clearfix\">\n                                    <div class=\"tb_text_wrap\">\n                        <p><strong>Licenciatura: M\u00e9dico Cirujano<\/strong><br \/>Facultad de Estudios Superiores Iztacala, UNAM<br \/>Estado de M\u00e9xico<br \/>C\u00e9dula Profesional: 6207924<\/p>\n<p><strong>Especialidad: Urolog\u00eda<\/strong><br \/>Hospital General Centro M\u00e9dico Nacional \u201cLa Raza\u201d<br \/>Ciudad de M\u00e9xico<br \/>C\u00e9dula Especialidad: 9917358<\/p>                    <\/div>\n                            <\/div><!-- .accordion-content -->\n        <\/li>\n        <\/ul>\n\n<\/div><!-- \/module accordion --><!-- module text -->\n<div  class=\"module module-text tb_f22531c  repeat \" data-lazy=\"1\">\n        <div  class=\"tb_text_wrap\">\n        <p><a href=\"https:\/\/www.guiamedicamorelos.com\/wp-medicos\/wp-content\/uploads\/2015\/08\/insercion-vip.png\"><img loading=\"lazy\" decoding=\"async\" class=\"alignnone size-full wp-image-4414\" src=\"https:\/\/www.guiamedicamorelos.com\/wp-medicos\/wp-content\/uploads\/2015\/08\/insercion-vip.png\" alt=\"\" width=\"133\" height=\"30\"><\/a><\/p>\n<p><span style=\"color: #434b6e; font-family: 'Ubuntu', sans-serif; font-size: 1.5em;\"><strong>Dr. Sa\u00fal Fitz D\u00edaz<\/strong><\/span><\/p>\n<p><em>Especialista en enfermedades benignas y c\u00e1ncer<br>de ri\u00f1ones, v\u00edas urinarias y genitales masculinos.<\/em><\/p>\n<p><img loading=\"lazy\" decoding=\"async\" class=\"alignnone wp-image-7999 size-full\" src=\"https:\/\/www.guiamedicamorelos.com\/wp-medicos\/wp-content\/uploads\/2018\/06\/dr-saul-fitz-urologo-cirujano-cuernavaca-taxco.jpg\" alt=\"\" width=\"300\" height=\"235\"><br><span style=\"color: #4b89b1; font-family: 'Ubuntu', sans-serif; font-size: 1em;\"><strong><br><br><\/strong><\/span><\/p>    <\/div>\n<\/div>\n<!-- \/module text --><!-- module tab -->\n<div  id=\"tb_ae5e54e\" class=\"module ui module-tab tb_ae5e54e tab-frame  light-blue \" data-lazy=\"1\">\n        <div class=\"tab-nav-current-active tf_hide\">\n\t\t<span class=\"tab_burger_icon_wrap\">\n\t        <span class=\"tab_burger_icon tf_rel\"><\/span>\n\t\t<\/span>\n        <span class=\"tb_activetab_title\">\n            <span class=\"tb_tab_title\">Cuernavaca, Mor.<\/span>\n                    <\/span>\n    <\/div>\n    <ul class=\"tab-nav tf_clearfix tf_scrollbar\">\n                <li class=\"current\" aria-expanded=\"true\">\n            <a href=\"#tab-tb_ae5e54e-0\">\n                <em><svg  class=\"tf_fa tf-far-hospital-o\" aria-hidden=\"true\"><use href=\"#tf-far-hospital-o\"><\/use><\/svg><\/em>                <span class=\"tb_tab_title\">Cuernavaca, Mor.<\/span>                                            <\/a>\n        <\/li>\n                <li aria-expanded=\"false\">\n            <a href=\"#tab-tb_ae5e54e-1\">\n                <em><svg  class=\"tf_fa tf-far-hospital-o\" aria-hidden=\"true\"><use href=\"#tf-far-hospital-o\"><\/use><\/svg><\/em>                <span class=\"tb_tab_title\"> Taxco, Gro.<\/span>                                            <\/a>\n        <\/li>\n            <\/ul>\n            <div data-id=\"tab-tb_ae5e54e-0\" class=\"tab-content tf_clear\" aria-hidden=\"false\">\n                            <div class=\"tb_text_wrap\">\n                    <p><strong>CONSULTORIO CUERNAVACA<\/strong><br>Privada del Carmen No.9<br>Col. Las Palmas, Chipitl\u00e1n.<br>Cuernavaca, Mor.<\/p>\n<p><strong>CONSULTAS PREVIA CITA<\/strong><br>Tels. (777) 2900-100 y (777) 312-8776<br>Ext. 1011 y 1012<\/p>\n<p><strong>URGENCIAS<\/strong><br>Cel. (762) 623-8355<br>Puede enviar whatsapp\u00a0<img loading=\"lazy\" decoding=\"async\" class=\"alignnone wp-image-5092\" src=\"https:\/\/www.guiamedicamorelos.com\/wp-medicos\/wp-content\/uploads\/2016\/07\/logo-whatsapp.png\" alt=\"\" width=\"15\" height=\"14\"><\/p>\n<a href=\"https:\/\/www.urologodoctorfitz.com\/\" class=\"shortcode button    large\" style=\"background-color: #9a9fb9;color: #ffffff;\" target=\"_blank\">Ir a P\u00e1gina Web del Dr. Sa\u00fal Fitz D\u00edaz<\/a>                <\/div>\n                    <\/div>\n            <div data-id=\"tab-tb_ae5e54e-1\" class=\"tab-content tf_clear\" aria-hidden=\"true\">\n                            <div class=\"tb_text_wrap\">\n                    <p><strong>CONSULTORIO TAXCO<\/strong><br>Morelos 12, Col. San Miguel<br>Taxco de Alarc\u00f3n, Gro.<br>C.P. 40289<\/p>\n<p>CONSULTAS PREVIA CITA<br>Tel. (762) 622-3012<\/p>\n<p>URGENCIAS<br>Cel. (762) 623-8355<br>Puede enviar whatsapp<\/p>\n<a href=\"https:\/\/www.urologodoctorfitz.com\/\" class=\"shortcode button    large\" style=\"background-color: #9a9fb9;color: #ffffff;\" target=\"_blank\">Ir a P\u00e1gina Web del Dr. Sa\u00fal Fitz D\u00edaz<\/a>                <\/div>\n                    <\/div>\n    <\/div>\n<!-- \/module tab -->\n<!-- module accordion -->\n<div  class=\"module module-accordion tb_dkix838 \" data-behavior=\"toggle\" data-lazy=\"1\">\n    \n    <ul class=\"ui module-accordion  rounded shadow tb_default_color\">\n            <li>\n            <div class=\"accordion-title tf_rel\">\n                <a href=\"#acc-dkix838-0\" class=\"tb_title_accordion\" aria-controls=\"acc-dkix838-0-content\" aria-expanded=\"false\">\n                    <i class=\"accordion-icon\"><svg  class=\"tf_fa tf-fas-chevron-down\" aria-hidden=\"true\"><use href=\"#tf-fas-chevron-down\"><\/use><\/svg><\/i>                    <i class=\"accordion-active-icon tf_hide\"><svg  class=\"tf_fa tf-fas-chevron-up\" aria-hidden=\"true\"><use href=\"#tf-fas-chevron-up\"><\/use><\/svg><\/i>                    Formaci\u00f3n Dr. Sa\u00fal Fitz D\u00edaz                <\/a>\n            <\/div><!-- .accordion-title -->\n            <div id=\"acc-dkix838-0-content\" data-id=\"acc-dkix838-0\" aria-hidden=\"true\" class=\"accordion-content tf_hide tf_clearfix\">\n                                    <div class=\"tb_text_wrap\">\n                        <p><strong>Licenciatura: M\u00e9dico Cirujano<\/strong><br \/>Universidad Aut\u00f3noma de Guerrero<br \/>Unidad Acad\u00e9mica de Medicina<br \/>Acapulco, Gro.<br \/>C\u00e9dula Profesional: <span class=\" author-d-iz88z86z86za0dz67zz78zz78zz74zz68zjz80zz71z9iz90z95iyz85zz78z1xz122zz68zz71zfqbfje6rfr5z86zxfz76zz79zuz81zz68zz85z\">7923457<\/span>\u00a0<\/p>\n<p><b>Subespecialidad: Cirujano Ur\u00f3logo<\/b><br \/>Centro M\u00e9dico Nacional &#8220;Manuel \u00c1vila Camacho&#8221;<br \/>Hospital de Especialidades<br \/>Puebla, Pue.<br \/>C\u00e9dula Especialidad: <span class=\" author-d-iz88z86z86za0dz67zz78zz78zz74zz68zjz80zz71z9iz90z95iyz85zz78z1xz122zz68zz71zfqbfje6rfr5z86zxfz76zz79zuz81zz68zz85z\">11498536<\/span><\/p>\n<p><strong>Certificado por el Colegio Mexicano de Urolog\u00eda 1411<\/strong><\/p>                    <\/div>\n                            <\/div><!-- .accordion-content -->\n        <\/li>\n        <\/ul>\n\n<\/div><!-- \/module accordion -->        <\/div>\n                    <div  data-lazy=\"1\" class=\"module_column tb-column col3-1 tb_a0e679f last\">\n                    <!-- module text -->\n<div  class=\"module module-text tb_19cf442   \" data-lazy=\"1\">\n        <div  class=\"tb_text_wrap\">\n            <\/div>\n<\/div>\n<!-- \/module text --><!-- module text -->\n<div  class=\"module module-text tb_bce7840   \" data-lazy=\"1\">\n        <div  class=\"tb_text_wrap\">\n        <div class=\"tb_layout_part_wrap tf_w\"><!--themify_builder_content-->\n    <div  class=\"themify_builder_content themify_builder_content-4771 themify_builder not_editable_builder in_the_loop\" data-postid=\"4771\">\n                        <div  data-lazy=\"1\" class=\"module_row themify_builder_row tb_57360ad tf_w\">\n                        <div class=\"row_inner col_align_top tb_col_count_1 tf_box tf_rel\">\n                        <div  data-lazy=\"1\" class=\"module_column tb-column col-full tb_065d41e first\">\n                    <!-- module image -->\n<div  class=\"module module-image tb_ee06636 image-center   tf_mw\" data-lazy=\"1\">\n        <div class=\"image-wrap tf_rel tf_mw\">\n            <a href=\"https:\/\/www.guiamedicamorelos.com\/wp-medicos\/contacto\">\n                   <img loading=\"lazy\" decoding=\"async\" width=\"278\" height=\"111\" src=\"https:\/\/www.guiamedicamorelos.com\/wp-medicos\/wp-content\/uploads\/2015\/07\/anunciate-guiamedicamorelos.jpg\" class=\"wp-post-image wp-image-4347\" alt=\"Gu\u00eda Medica Morelos\" srcset=\"https:\/\/www.guiamedicamorelos.com\/wp-medicos\/wp-content\/uploads\/2015\/07\/anunciate-guiamedicamorelos.jpg 278w, https:\/\/www.guiamedicamorelos.com\/wp-medicos\/wp-content\/uploads\/2015\/07\/anunciate-guiamedicamorelos-375x150.jpg 375w, https:\/\/www.guiamedicamorelos.com\/wp-medicos\/wp-content\/uploads\/2015\/07\/anunciate-guiamedicamorelos-200x80.jpg 200w\" sizes=\"auto, (max-width: 278px) 100vw, 278px\" \/>        <\/a>\n    \n        <\/div>\n    <!-- \/image-wrap -->\n    \n        <\/div>\n<!-- \/module image -->        <\/div>\n                        <\/div>\n        <\/div>\n                        <div  data-lazy=\"1\" class=\"module_row themify_builder_row tb_g0w1509 tf_w\">\n                        <div class=\"row_inner col_align_top tb_col_count_1 tf_box tf_rel\">\n                        <div  data-lazy=\"1\" class=\"module_column tb-column col-full tb_7e8a530 first\">\n                            <\/div>\n                        <\/div>\n        <\/div>\n            <\/div>\n<!--\/themify_builder_content--><\/div>\n    <\/div>\n<\/div>\n<!-- \/module text -->        <\/div>\n                        <\/div>\n        <\/div>\n                        <div  data-lazy=\"1\" class=\"module_row themify_builder_row tb_3114dfb tf_w\">\n                        <div class=\"row_inner col_align_top tb_col_count_1 tf_box tf_rel\">\n                        <div  data-lazy=\"1\" class=\"module_column tb-column col-full tb_ed3d8e9 first\">\n                    <!-- module text -->\n<div  class=\"module module-text tb_834b79a  repeat \" data-lazy=\"1\">\n        <div  class=\"tb_text_wrap\">\n        <div class=\"tb_layout_part_wrap tf_w\"><!--themify_builder_content-->\n    <div  class=\"themify_builder_content themify_builder_content-4420 themify_builder not_editable_builder in_the_loop\" data-postid=\"4420\">\n                        <div  data-lazy=\"1\" class=\"module_row themify_builder_row tb_aa4f163 tf_w\">\n                        <div class=\"row_inner col_align_top tb_col_count_1 tf_box tf_rel\">\n                        <div  data-lazy=\"1\" class=\"module_column tb-column col-full tb_487b434 first\">\n                    <!-- module text -->\n<div  class=\"module module-text tb_3490387  repeat \" data-lazy=\"1\">\n        <div  class=\"tb_text_wrap\">\n        <p><strong>NOTA IMPORTANTE:<\/strong> El objetivo de Gu\u00eda M\u00e9dica Morelos, es meramente informativo y de uso publicitario, sin recomendar expl\u00edcitamente alg\u00fan servicio y\/o producto aqu\u00ed anunciado o listado.<\/p>    <\/div>\n<\/div>\n<!-- \/module text -->        <\/div>\n                        <\/div>\n        <\/div>\n            <\/div>\n<!--\/themify_builder_content--><\/div>\n    <\/div>\n<\/div>\n<!-- \/module text -->        <\/div>\n                        <\/div>\n        <\/div>\n        <\/div>\n<!--\/themify_builder_content-->","protected":false},"excerpt":{"rendered":"<p>Ur\u00f3logos\u00a0en Cuernavaca Dr. V\u00edctor Morelos Ch\u00e1vez Diagn\u00f3stico y tratamiento de enfermedades de lapr\u00f3stata, c\u00e1lculos y tumores de las v\u00edas urinarias. Cuernavaca CONSULTORIO CUERNAVACAPrivada del Carmen No.9Col. Las Palmas, Chipitl\u00e1n.Cuernavaca, Mor. CONSULTAS PREVIA CITATels. (777) 2900-100 y (777) 312-8776Ext. 1011 y 1012 URGENCIASCel. (777) 304-1976Puede enviar whatsapp\u00a0 Cuautla CONSULTORIO CUAUTLAAv. Constituyentes No.156 3er PisoCol Centro. Cuautla, [&hellip;]<\/p>\n","protected":false},"author":1,"featured_media":0,"parent":0,"menu_order":0,"comment_status":"closed","ping_status":"closed","template":"","meta":{"_monsterinsights_skip_tracking":false,"_monsterinsights_sitenote_active":false,"_monsterinsights_sitenote_note":"","_monsterinsights_sitenote_category":0,"footnotes":""},"class_list":["post-4539","page","type-page","status-publish","hentry","has-post-title","has-post-date","has-post-category","has-post-tag","has-post-comment","has-post-author",""],"amp_enabled":true,"builder_content":"<p>[themify_layout_part id=5987]<\/p>\n<p>Ur\u00f3logos\u00a0en Cuernavaca<\/p>\n<p><a href=\"https:\/\/www.guiamedicamorelos.com\/wp-medicos\/wp-content\/uploads\/2015\/08\/insercion-vip.png\"><img loading=\"lazy\" decoding=\"async\" src=\"https:\/\/www.guiamedicamorelos.com\/wp-medicos\/wp-content\/uploads\/2015\/08\/insercion-vip.png\" alt=\"\" width=\"133\" height=\"30\" \/><\/a><\/p> <p><strong>Dr. V\u00edctor Morelos Ch\u00e1vez<\/strong><\/p> <p><em>Diagn\u00f3stico y tratamiento de enfermedades de la<br \/>pr\u00f3stata, c\u00e1lculos y tumores de las v\u00edas urinarias.<\/em><\/p> <p><img loading=\"lazy\" decoding=\"async\" src=\"https:\/\/www.guiamedicamorelos.com\/wp-medicos\/wp-content\/uploads\/2017\/07\/urologo-victor-morelos-cuernavaca.jpg\" alt=\"\" width=\"300\" height=\"236\" \/><\/p>\n<ul><li><h4>Cuernavaca<\/h4><p><strong>CONSULTORIO CUERNAVACA<\/strong><br \/>Privada del Carmen No.9<br \/>Col. Las Palmas, Chipitl\u00e1n.<br \/>Cuernavaca, Mor.<\/p> <p><strong>CONSULTAS PREVIA CITA<\/strong><br \/>Tels. (777) 2900-100 y (777) 312-8776<br \/>Ext. 1011 y 1012<\/p> <p><strong>URGENCIAS<\/strong><br \/>Cel. (777) 304-1976<br \/>Puede enviar whatsapp\u00a0<img src=\"https:\/\/www.guiamedicamorelos.com\/wp-medicos\/wp-content\/uploads\/2016\/07\/logo-whatsapp.png\" alt=\"\" width=\"15\" height=\"14\" \/><\/p> <p>[themify_button style=\"large\" color=\"#9a9fb9\" link=\"https:\/\/www.urologiaencuernavaca.com\" target=\"_blank\" text=\"#ffffff\" ]Ir a P\u00e1gina Web del Dr. V\u00edctor Morelos[\/themify_button]<\/p><\/li><li><h4>Cuautla<\/h4><p><strong>CONSULTORIO CUAUTLA<\/strong><br \/>Av. Constituyentes No.156 3er Piso<br \/>Col Centro. Cuautla, Morelos<\/p> <p><strong>CONSULTAS PREVIA CITA<\/strong><br \/>Tel. (735) 158-2773<br \/>Puede enviar whatsapp<\/p> <p><strong>URGENCIAS<\/strong><br \/>Cel. (777) 304-1976<br \/>Puede enviar whatsapp\u00a0<img src=\"https:\/\/www.guiamedicamorelos.com\/wp-medicos\/wp-content\/uploads\/2016\/07\/logo-whatsapp.png\" alt=\"\" width=\"15\" height=\"14\" \/><\/p> <p>[themify_button style=\"large\" color=\"#9a9fb9\" link=\"http:\/\/www.urologiaencuernavaca.com\" target=\"_blank\" text=\"#ffffff\" ]Ir a P\u00e1gina Web del Dr. V\u00edctor Morelos[\/themify_button]<\/p><\/li><\/ul>\n<ul><li><h4>Formaci\u00f3n Dr. V\u00edctor Morelos Ch\u00e1vez<\/h4><p><strong>Licenciatura: M\u00e9dico Cirujano<\/strong><br \/>Facultad de Estudios Superiores Iztacala, UNAM<br \/>Estado de M\u00e9xico<br \/>C\u00e9dula Profesional: 6207924<\/p> <p><strong>Especialidad: Urolog\u00eda<\/strong><br \/>Hospital General Centro M\u00e9dico Nacional \u201cLa Raza\u201d<br \/>Ciudad de M\u00e9xico<br \/>C\u00e9dula Especialidad: 9917358<\/p><\/li><\/ul>\n<p><a href=\"https:\/\/www.guiamedicamorelos.com\/wp-medicos\/wp-content\/uploads\/2015\/08\/insercion-vip.png\"><img loading=\"lazy\" decoding=\"async\" src=\"https:\/\/www.guiamedicamorelos.com\/wp-medicos\/wp-content\/uploads\/2015\/08\/insercion-vip.png\" alt=\"\" width=\"133\" height=\"30\"><\/a><\/p> <p><strong>Dr. Sa\u00fal Fitz D\u00edaz<\/strong><\/p> <p><em>Especialista en enfermedades benignas y c\u00e1ncer<br>de ri\u00f1ones, v\u00edas urinarias y genitales masculinos.<\/em><\/p> <p><img loading=\"lazy\" decoding=\"async\" src=\"https:\/\/www.guiamedicamorelos.com\/wp-medicos\/wp-content\/uploads\/2018\/06\/dr-saul-fitz-urologo-cirujano-cuernavaca-taxco.jpg\" alt=\"\" width=\"300\" height=\"235\"><br><strong><br><br><\/strong><\/p>\n<ul><li><h4>Cuernavaca, Mor.<\/h4><p><strong>CONSULTORIO CUERNAVACA<\/strong><br>Privada del Carmen No.9<br>Col. Las Palmas, Chipitl\u00e1n.<br>Cuernavaca, Mor.<\/p> <p><strong>CONSULTAS PREVIA CITA<\/strong><br>Tels. (777) 2900-100 y (777) 312-8776<br>Ext. 1011 y 1012<\/p> <p><strong>URGENCIAS<\/strong><br>Cel. (762) 623-8355<br>Puede enviar whatsapp\u00a0<img src=\"https:\/\/www.guiamedicamorelos.com\/wp-medicos\/wp-content\/uploads\/2016\/07\/logo-whatsapp.png\" alt=\"\" width=\"15\" height=\"14\"><\/p> <p>[themify_button style=\"large\" color=\"#9a9fb9\" link=\"https:\/\/www.urologodoctorfitz.com\/\" target=\"_blank\" text=\"#ffffff\" ]Ir a P\u00e1gina Web del Dr. Sa\u00fal Fitz D\u00edaz[\/themify_button]<\/p><\/li><li><h4> Taxco, Gro.<\/h4><p><strong>CONSULTORIO TAXCO<\/strong><br>Morelos 12, Col. San Miguel<br>Taxco de Alarc\u00f3n, Gro.<br>C.P. 40289<\/p> <p>CONSULTAS PREVIA CITA<br>Tel. (762) 622-3012<\/p> <p>URGENCIAS<br>Cel. (762) 623-8355<br>Puede enviar whatsapp<\/p> <p>[themify_button style=\"large\" color=\"#9a9fb9\" link=\"https:\/\/www.urologodoctorfitz.com\/\" target=\"_blank\" text=\"#ffffff\" ]Ir a P\u00e1gina Web del Dr. Sa\u00fal Fitz D\u00edaz[\/themify_button]<\/p><\/li><\/ul>\n<ul><li><h4>Formaci\u00f3n Dr. Sa\u00fal Fitz D\u00edaz<\/h4><p><strong>Licenciatura: M\u00e9dico Cirujano<\/strong><br \/>Universidad Aut\u00f3noma de Guerrero<br \/>Unidad Acad\u00e9mica de Medicina<br \/>Acapulco, Gro.<br \/>C\u00e9dula Profesional: 7923457\u00a0<\/p> <p><b>Subespecialidad: Cirujano Ur\u00f3logo<\/b><br \/>Centro M\u00e9dico Nacional \"Manuel \u00c1vila Camacho\"<br \/>Hospital de Especialidades<br \/>Puebla, Pue.<br \/>C\u00e9dula Especialidad: 11498536<\/p> <p><strong>Certificado por el Colegio Mexicano de Urolog\u00eda 1411<\/strong><\/p><\/li><\/ul>\n<p>[themify_layout_part slug=\"siguenos-facebook\"]<\/p>\n<p>[themify_layout_part id=\"4771\"]<\/p>\n<p>[themify_layout_part id=4420]<\/p>","_links":{"self":[{"href":"https:\/\/www.guiamedicamorelos.com\/wp-medicos\/wp-json\/wp\/v2\/pages\/4539","targetHints":{"allow":["GET"]}}],"collection":[{"href":"https:\/\/www.guiamedicamorelos.com\/wp-medicos\/wp-json\/wp\/v2\/pages"}],"about":[{"href":"https:\/\/www.guiamedicamorelos.com\/wp-medicos\/wp-json\/wp\/v2\/types\/page"}],"author":[{"embeddable":true,"href":"https:\/\/www.guiamedicamorelos.com\/wp-medicos\/wp-json\/wp\/v2\/users\/1"}],"replies":[{"embeddable":true,"href":"https:\/\/www.guiamedicamorelos.com\/wp-medicos\/wp-json\/wp\/v2\/comments?post=4539"}],"version-history":[{"count":115,"href":"https:\/\/www.guiamedicamorelos.com\/wp-medicos\/wp-json\/wp\/v2\/pages\/4539\/revisions"}],"predecessor-version":[{"id":9779,"href":"https:\/\/www.guiamedicamorelos.com\/wp-medicos\/wp-json\/wp\/v2\/pages\/4539\/revisions\/9779"}],"wp:attachment":[{"href":"https:\/\/www.guiamedicamorelos.com\/wp-medicos\/wp-json\/wp\/v2\/media?parent=4539"}],"curies":[{"name":"wp","href":"https:\/\/api.w.org\/{rel}","templated":true}]}}