{"id":4551,"date":"2015-08-07T13:01:31","date_gmt":"2015-08-07T19:01:31","guid":{"rendered":"http:\/\/www.guiamedicamorelos.com\/wp-medicos\/acupunturitas-en-cuernavaca-copy\/"},"modified":"2019-10-09T16:44:53","modified_gmt":"2019-10-09T21:44:53","slug":"ongs-salud-morelos","status":"publish","type":"page","link":"https:\/\/www.guiamedicamorelos.com\/wp-medicos\/ongs-salud-morelos\/","title":{"rendered":"ONG&#8217;s salud"},"content":{"rendered":"<!--themify_builder_content-->\n<div id=\"themify_builder_content-4551\" data-postid=\"4551\" class=\"themify_builder_content themify_builder_content-4551 themify_builder tf_clear\">\n                    <div  data-lazy=\"1\" class=\"module_row themify_builder_row tb_mfx1652 tb_first tf_w\">\n                        <div class=\"row_inner gutter-narrow col_align_top tb_col_count_2 tf_box tf_rel\">\n                        <div  data-lazy=\"1\" class=\"module_column tb-column col3-2 tb_q38g661 first\">\n                    <!-- module text -->\n<div  class=\"module module-text tb_du1p663   \" data-lazy=\"1\">\n        <div  class=\"tb_text_wrap\">\n        <p>Asociaciones Civiles (ONGs) Salud<\/p>    <\/div>\n<\/div>\n<!-- \/module text --><!-- module text -->\n<div  class=\"module module-text tb_173m664  repeat \" data-lazy=\"1\">\n        <div  class=\"tb_text_wrap\">\n        <p><b>CENTRO DE REHABILITACI\u00d3N\u00a0ESPECIALIZADA EN MORELOS<\/b><br \/><em>Representante Ing. Jos\u00e9 A. Ch\u00e1vez Soto<\/em><\/p>\n<p><img class=\\\"size-full wp-image-4554 alignnone\\\" src=\\\"https:\/\/www.guiamedicamorelos.com\/wp-medicos\/wp-medicos\/wp-content\/uploads\/2015\/08\/ong-cric.jpg\\\" alt=\\\"ong-cric\\\" width=\\\"250\\\" height=\\\"179\\\" \/><br \/>Tipo de discapacidad que atiende: Auditiva, de lenguaje,<br \/>motriz o musculo esquel\u00e9tica, mental o\u00a0intelectual<\/p>\n<p>Servicios que proporciona: <br \/>Rehabilitaci\u00f3n f\u00edsica, educaci\u00f3n especial, orientaci\u00f3n psicol\u00f3gica, deportiva y recreativa<\/p>\n<p>Paseo Akumal No. 43 Col. Quintana Roo, \u00a0Cuernavaca, Mor. C.p. 62060<br \/>Tel (777) 312-5064 y 244-2753 \u00a0| \u00a0centroderehab@gmail.com<br \/><hr class=\"shortcode hr \"  \/><\/p>\n<p><strong><br \/>ASOC. EDUC. CULTURAL Y RECREATIVA PARA SORDOS DE MORELOS A.C.<\/strong><br \/><em>Representante: Elvira Chong S\u00e1nchez<\/em><\/p>\n<p><a href=\\\"https:\/\/www.guiamedicamorelos.com\/wp-medicos\/wp-medicos\/wp-content\/uploads\/2015\/08\/ong-sordera.jpg\\\"><img class=\\\"size-full wp-image-4555 alignnone\\\" src=\\\"https:\/\/www.guiamedicamorelos.com\/wp-medicos\/wp-medicos\/wp-content\/uploads\/2015\/08\/ong-sordera.jpg\\\" alt=\\\"ong-sordera\\\" width=\\\"250\\\" height=\\\"189\\\" \/><\/a><\/p>\n<p>Tipo de discapacidad que atiende: Auditiva, de lenguaje<\/p>\n<p>Servicios que proporciona: Coordinaci\u00f3n y representaci\u00f3n de asociaciones, atenci\u00f3n medica, rehabilitaci\u00f3n f\u00edsica, educaci\u00f3n especial, orientaci\u00f3n psicol\u00f3gica, capacitaci\u00f3n laboral, deportivos y recreativos, art\u00edsticos y culturales<\/p>\n<p>Nueva Alemania No. 45,Int B\u00a0Col. Lomas De Cortes \u00a0Cuernavaca, Mor.<br \/>Tel. (777) 3176-144 \u00a0 | \u00a0 \u00a0 <a href=\\\"https:\/\/www.facebook.com\/paraquemeescuchesmirame\\\" target=\\\"_blank\\\" rel=\\\"noopener\\\">\u00a0https:\/\/www.facebook.com\/paraquemeescuchesmirame<\/a><br \/><hr class=\"shortcode hr \"  \/><\/p>\n<p><strong><br \/>DEPORTISTAS ESPECIALES DEL ESTADO DE MORELOS A.C.<\/strong><br \/><em>Representante: Ricardo Palacios Curiel<\/em><\/p>\n<p>Tipo de discapacidad que atiende: Mental o intelectual, otra<\/p>\n<p>Servicios que proporciona: Coordinaci\u00f3n y representaci\u00f3n de asociaciones, <br \/>deportiva y recreativa, art\u00edstica y cultural.<\/p>\n<p>Ejido no.9, Col. Las Granjas del Ejido <br \/>Cuernavaca, Mor.<br \/>Tel. (777) 3154240<br \/><hr class=\"shortcode hr \"  \/><\/p>\n<p><strong><br \/>ASOCIACION NACIONAL DE REHABILITACION INTEGRAL A.C.<\/strong><br \/><em>Representante: Mar\u00eda Del Carmen Valdez Juli\u00e1n<\/em><\/p>\n<p>Tipo de discapacidad que atiende: Motriz o musculo esquel\u00e9tica<\/p>\n<p>Paseo Xel-ha No.5, Col. Quintana Roo<br \/>Cuernavaca, Mor.<br \/>Tel. (777) 314-0059<br \/><hr class=\"shortcode hr \"  \/><\/p>\n<p><strong><br \/>ASOCIACION PROPERSONAS CON PARALISIS CEREBRAL EDO.MORELOS<\/strong><br \/><em>Representante: Ilse Cruz Robles<\/em><\/p>\n<p>Tipo de Discapacidad que atiende: Motriz o musculo esquel\u00e9tica, mental o intelectual<br \/>Servicios que proporciona: Rehabilitaci\u00f3n f\u00edsica, educaci\u00f3n especial, deportiva y recreativa<\/p>\n<p>Luchadores S\/N (Entre Luciano rebolledo y Prolongaci\u00f3n Luchadores)<br \/>Jiutepec, Mor.<br \/>Tel. (777) 319-4191<\/p>    <\/div>\n<\/div>\n<!-- \/module text -->        <\/div>\n                    <div  data-lazy=\"1\" class=\"module_column tb-column col3-1 tb_zbup665 last\">\n                    <!-- module text -->\n<div  class=\"module module-text tb_qd36668   \" data-lazy=\"1\">\n        <div  class=\"tb_text_wrap\">\n            <\/div>\n<\/div>\n<!-- \/module text --><!-- module text -->\n<div  class=\"module module-text tb_0gcx670   \" data-lazy=\"1\">\n        <div  class=\"tb_text_wrap\">\n            <\/div>\n<\/div>\n<!-- \/module text --><!-- module plain text -->\n<div  class=\"module module-plain-text tb_7rc3671 \" data-lazy=\"1\">\n        <div class=\"tb_text_wrap\">\n    <script async src=\\\"\/\/pagead2.googlesyndication.com\/pagead\/js\/adsbygoogle.js\\\"><\/script>\n<!-- Una sola p\u00e1gina - 1 (para m\u00f3viles, www.guiamedicamorelos.com) -->\n<ins class=\\\"adsbygoogle\\\"\n     style=\\\"display:block\\\"\n     data-ad-client=\\\"ca-pub-1303760276415561\\\"\n     data-ad-slot=\\\"1341667737\\\"\n     data-ad-format=\\\"auto\\\"><\/ins>\n<script>\n(adsbygoogle = window.adsbygoogle || []).push({});\n<\/script>    <\/div>\n<\/div>\n<!-- \/module plain text -->        <\/div>\n                        <\/div>\n        <\/div>\n        <\/div>\n<!--\/themify_builder_content-->","protected":false},"excerpt":{"rendered":"<p>Asociaciones Civiles (ONGs) Salud CENTRO DE REHABILITACI\u00d3N\u00a0ESPECIALIZADA EN MORELOSRepresentante Ing. Jos\u00e9 A. Ch\u00e1vez Soto Tipo de discapacidad que atiende: Auditiva, de lenguaje,motriz o musculo esquel\u00e9tica, mental o\u00a0intelectual Servicios que proporciona: Rehabilitaci\u00f3n f\u00edsica, educaci\u00f3n especial, orientaci\u00f3n psicol\u00f3gica, deportiva y recreativa Paseo Akumal No. 43 Col. Quintana Roo, \u00a0Cuernavaca, Mor. C.p. 62060Tel (777) 312-5064 y 244-2753 \u00a0| [&hellip;]<\/p>\n","protected":false},"author":1,"featured_media":0,"parent":0,"menu_order":0,"comment_status":"closed","ping_status":"closed","template":"","meta":{"_monsterinsights_skip_tracking":false,"_monsterinsights_sitenote_active":false,"_monsterinsights_sitenote_note":"","_monsterinsights_sitenote_category":0,"footnotes":""},"class_list":["post-4551","page","type-page","status-publish","hentry","has-post-title","has-post-date","has-post-category","has-post-tag","has-post-comment","has-post-author",""],"amp_enabled":true,"builder_content":"<p>Asociaciones Civiles (ONGs) Salud<\/p>\n<p><b>CENTRO DE REHABILITACI\u00d3N\u00a0ESPECIALIZADA EN MORELOS<\/b><br \/><em>Representante Ing. Jos\u00e9 A. Ch\u00e1vez Soto<\/em><\/p> <p><img class=\\\"size-full wp-image-4554 alignnone\\\" src=\\\"https:\/\/www.guiamedicamorelos.com\/wp-medicos\/wp-medicos\/wp-content\/uploads\/2015\/08\/ong-cric.jpg\\\" alt=\\\"ong-cric\\\" width=\\\"250\\\" height=\\\"179\\\" \/><br \/>Tipo de discapacidad que atiende: Auditiva, de lenguaje,<br \/>motriz o musculo esquel\u00e9tica, mental o\u00a0intelectual<\/p> <p>Servicios que proporciona: <br \/>Rehabilitaci\u00f3n f\u00edsica, educaci\u00f3n especial, orientaci\u00f3n psicol\u00f3gica, deportiva y recreativa<\/p> <p>Paseo Akumal No. 43 Col. Quintana Roo, \u00a0Cuernavaca, Mor. C.p. 62060<br \/>Tel (777) 312-5064 y 244-2753 \u00a0| \u00a0centroderehab@gmail.com<br \/>[themify_hr color=\\\"light-gray\\\" width=\\\"100%\\\" border_width=\\\"1px\\\" ]<\/p> <p><strong><br \/>ASOC. EDUC. CULTURAL Y RECREATIVA PARA SORDOS DE MORELOS A.C.<\/strong><br \/><em>Representante: Elvira Chong S\u00e1nchez<\/em><\/p> <p><a href=\\\"https:\/\/www.guiamedicamorelos.com\/wp-medicos\/wp-medicos\/wp-content\/uploads\/2015\/08\/ong-sordera.jpg\\\"><img class=\\\"size-full wp-image-4555 alignnone\\\" src=\\\"https:\/\/www.guiamedicamorelos.com\/wp-medicos\/wp-medicos\/wp-content\/uploads\/2015\/08\/ong-sordera.jpg\\\" alt=\\\"ong-sordera\\\" width=\\\"250\\\" height=\\\"189\\\" \/><\/a><\/p> <p>Tipo de discapacidad que atiende: Auditiva, de lenguaje<\/p> <p>Servicios que proporciona: Coordinaci\u00f3n y representaci\u00f3n de asociaciones, atenci\u00f3n medica, rehabilitaci\u00f3n f\u00edsica, educaci\u00f3n especial, orientaci\u00f3n psicol\u00f3gica, capacitaci\u00f3n laboral, deportivos y recreativos, art\u00edsticos y culturales<\/p> <p>Nueva Alemania No. 45,Int B\u00a0Col. Lomas De Cortes \u00a0Cuernavaca, Mor.<br \/>Tel. (777) 3176-144 \u00a0 | \u00a0 \u00a0 <a href=\\\"https:\/\/www.facebook.com\/paraquemeescuchesmirame\\\" target=\\\"_blank\\\" rel=\\\"noopener\\\">\u00a0https:\/\/www.facebook.com\/paraquemeescuchesmirame<\/a><br \/>[themify_hr color=\\\"light-gray\\\" width=\\\"100%\\\" border_width=\\\"1px\\\" ]<\/p> <p><strong><br \/>DEPORTISTAS ESPECIALES DEL ESTADO DE MORELOS A.C.<\/strong><br \/><em>Representante: Ricardo Palacios Curiel<\/em><\/p> <p>Tipo de discapacidad que atiende: Mental o intelectual, otra<\/p> <p>Servicios que proporciona: Coordinaci\u00f3n y representaci\u00f3n de asociaciones, <br \/>deportiva y recreativa, art\u00edstica y cultural.<\/p> <p>Ejido no.9, Col. Las Granjas del Ejido <br \/>Cuernavaca, Mor.<br \/>Tel. (777) 3154240<br \/>[themify_hr color=\\\"light-gray\\\" width=\\\"100%\\\" border_width=\\\"1px\\\" ]<\/p> <p><strong><br \/>ASOCIACION NACIONAL DE REHABILITACION INTEGRAL A.C.<\/strong><br \/><em>Representante: Mar\u00eda Del Carmen Valdez Juli\u00e1n<\/em><\/p> <p>Tipo de discapacidad que atiende: Motriz o musculo esquel\u00e9tica<\/p> <p>Paseo Xel-ha No.5, Col. Quintana Roo<br \/>Cuernavaca, Mor.<br \/>Tel. (777) 314-0059<br \/>[themify_hr color=\\\"light-gray\\\" width=\\\"100%\\\" border_width=\\\"1px\\\" ]<\/p> <p><strong><br \/>ASOCIACION PROPERSONAS CON PARALISIS CEREBRAL EDO.MORELOS<\/strong><br \/><em>Representante: Ilse Cruz Robles<\/em><\/p> <p>Tipo de Discapacidad que atiende: Motriz o musculo esquel\u00e9tica, mental o intelectual<br \/>Servicios que proporciona: Rehabilitaci\u00f3n f\u00edsica, educaci\u00f3n especial, deportiva y recreativa<\/p> <p>Luchadores S\/N (Entre Luciano rebolledo y Prolongaci\u00f3n Luchadores)<br \/>Jiutepec, Mor.<br \/>Tel. (777) 319-4191<\/p>\n<p>[themify_layout_part slug=\\\"siguenos-facebook\\\"]<\/p>\n<p>[themify_layout_part id=\\\"4771\\\"]<\/p>\n<ins class=\\\"adsbygoogle\\\" style=\\\"display:block\\\" data-ad-client=\\\"ca-pub-1303760276415561\\\" data-ad-slot=\\\"1341667737\\\" data-ad-format=\\\"auto\\\"><\/ins>","_links":{"self":[{"href":"https:\/\/www.guiamedicamorelos.com\/wp-medicos\/wp-json\/wp\/v2\/pages\/4551","targetHints":{"allow":["GET"]}}],"collection":[{"href":"https:\/\/www.guiamedicamorelos.com\/wp-medicos\/wp-json\/wp\/v2\/pages"}],"about":[{"href":"https:\/\/www.guiamedicamorelos.com\/wp-medicos\/wp-json\/wp\/v2\/types\/page"}],"author":[{"embeddable":true,"href":"https:\/\/www.guiamedicamorelos.com\/wp-medicos\/wp-json\/wp\/v2\/users\/1"}],"replies":[{"embeddable":true,"href":"https:\/\/www.guiamedicamorelos.com\/wp-medicos\/wp-json\/wp\/v2\/comments?post=4551"}],"version-history":[{"count":12,"href":"https:\/\/www.guiamedicamorelos.com\/wp-medicos\/wp-json\/wp\/v2\/pages\/4551\/revisions"}],"predecessor-version":[{"id":9260,"href":"https:\/\/www.guiamedicamorelos.com\/wp-medicos\/wp-json\/wp\/v2\/pages\/4551\/revisions\/9260"}],"wp:attachment":[{"href":"https:\/\/www.guiamedicamorelos.com\/wp-medicos\/wp-json\/wp\/v2\/media?parent=4551"}],"curies":[{"name":"wp","href":"https:\/\/api.w.org\/{rel}","templated":true}]}}