{"id":4600,"date":"2015-09-07T16:49:10","date_gmt":"2015-09-07T22:49:10","guid":{"rendered":"http:\/\/www.guiamedicamorelos.com\/acupunturitas-en-cuernavaca-copy\/"},"modified":"2020-09-01T19:51:33","modified_gmt":"2020-09-02T00:51:33","slug":"medicina-alternativa-en-cuernavaca","status":"publish","type":"page","link":"https:\/\/www.guiamedicamorelos.com\/wp-medicos\/medicina-alternativa-en-cuernavaca\/","title":{"rendered":"Medicina Alternativa"},"content":{"rendered":"<!--themify_builder_content-->\n<div id=\"themify_builder_content-4600\" data-postid=\"4600\" class=\"themify_builder_content themify_builder_content-4600 themify_builder tf_clear\">\n                    <div  data-lazy=\"1\" class=\"module_row themify_builder_row tb_k4qh226 tb_first tf_w\">\n                        <div class=\"row_inner gutter-narrow col_align_top tb_col_count_2 tf_box tf_rel\">\n                        <div  data-lazy=\"1\" class=\"module_column tb-column col3-2 tb_p7a8332 first\">\n                    <!-- module plain text -->\n<div  class=\"module module-plain-text tb_th03342 \" data-lazy=\"1\">\n        <div class=\"tb_text_wrap\">\n    <div class=\"tb_layout_part_wrap tf_w\"><!--themify_builder_content-->\n    <div  class=\"themify_builder_content themify_builder_content-5987 themify_builder not_editable_builder in_the_loop\" data-postid=\"5987\">\n                        <div  data-lazy=\"1\" class=\"module_row themify_builder_row tb_tb72447 tf_w\">\n                        <div class=\"row_inner col_align_top tb_col_count_1 tf_box tf_rel\">\n                        <div  data-lazy=\"1\" class=\"module_column tb-column col-full  tb_urq0777 first\">\n                    <!-- module image -->\n<div  class=\"module module-image tb_z3pd710 image-center    auto_fullwidth tf_mw\" data-lazy=\"1\">\n        <div class=\"image-wrap tf_rel tf_mw\">\n            <a href=\"http:\/\/www.guiamedicamorelos.com\/torre-medica-cuernavaca\">\n                   <img loading=\"lazy\" decoding=\"async\" src=\"http:\/\/www.guiamedicamorelos.com\/wp-medicos\/wp-content\/uploads\/2017\/05\/banner-torremedicacuernavaca-02.jpg\" width=\"700\" height=\"100\" title=\"Medicina Alternativa\" alt=\"Medicina Alternativa\">        <\/a>\n    \n        <\/div>\n    <!-- \/image-wrap -->\n    \n        <\/div>\n<!-- \/module image -->        <\/div>\n                        <\/div>\n        <\/div>\n            <\/div>\n<!--\/themify_builder_content--><\/div>\n    <\/div>\n<\/div>\n<!-- \/module plain text --><!-- module text -->\n<div  class=\"module module-text tb_ed7t400   \" data-lazy=\"1\">\n        <div  class=\"tb_text_wrap\">\n        <p>Medicina Alternativa\u00a0en Cuernavaca<\/p>    <\/div>\n<\/div>\n<!-- \/module text --><!-- module text -->\n<div  class=\"module module-text tb_cv3m605  repeat \" data-lazy=\"1\">\n        <div  class=\"tb_text_wrap\">\n        <p><img loading=\"lazy\" decoding=\"async\" class=\"alignnone size-full wp-image-4414\" src=\"https:\/\/www.guiamedicamorelos.com\/wp-medicos\/wp-content\/uploads\/2015\/08\/insercion-vip.png\" alt=\"\" width=\"133\" height=\"30\" \/><\/p>\n<p><span style=\"color: #434b6e; font-family: 'Ubuntu', sans-serif; font-size: 1.5em;\"><strong>Dr. Roberto Valdivieso Bernal<\/strong><\/span><\/p>\n<p><strong>Hipnosis, Terapia de Regresiones y \u00a0de\u00a0<br \/><\/strong><strong>Restauraci\u00f3n Transpersonal a la Vida \u00d3ptima.<\/strong><\/p>\n<p><em>Maestr\u00eda y doctorado en Hipnosis Cl\u00ednica<\/em><br \/><em>por la Sociedad Internacional de Hipnosis<\/em><br \/><em>Cl\u00ednica de Barcelona, Espa\u00f1a.<\/em><strong><br \/><\/strong><br \/><img loading=\"lazy\" decoding=\"async\" class=\"alignnone size-full wp-image-6639\" src=\"https:\/\/www.guiamedicamorelos.com\/wp-medicos\/wp-content\/uploads\/2017\/05\/hipnosis-cuernavaca-dr-roberto.jpg\" alt=\"\" width=\"400\" height=\"225\" srcset=\"https:\/\/www.guiamedicamorelos.com\/wp-medicos\/wp-content\/uploads\/2017\/05\/hipnosis-cuernavaca-dr-roberto.jpg 400w, https:\/\/www.guiamedicamorelos.com\/wp-medicos\/wp-content\/uploads\/2017\/05\/hipnosis-cuernavaca-dr-roberto-300x168.jpg 300w\" sizes=\"auto, (max-width: 400px) 100vw, 400px\" \/><\/p>\n<p><strong>OBJETIVOS DE LA TERAPIA:<\/strong><br \/>Dar tratamiento a enfermedades incurables que es posible mejorar o curar mediante este tipo de terapias. Promover el uso de este tipo de terapias para mejorar el rendimiento acad\u00e9mico, deportivo.<\/p>\n<p>Quitar dolores cr\u00f3nicos sin medicamentos (inclusive bloquear o disminuir el dolor del c\u00e1ncer).<\/p>\n<p>Auxiliar en problemas del ni\u00f1o, del adolescente, el duelo, adicciones, empresas (crear mejores vendedores, dar conferencias de motivaci\u00f3n e inteligencia emocional).<\/p>\n<p><strong><br \/><\/strong><b>CONSULTORIO<\/b><br \/>Privada del Carmen No.9<br \/>Col. Las Palmas, Chipitl\u00e1n.<br \/>Cuernavaca, Mor.<\/p>\n<p><strong><br \/>CONSULTA PREVIA CITA<\/strong><br \/>Tel. (777) 2900-100<br \/>Tel. (777) 312-8776<\/p>\n<p><strong><br \/>URGENCIAS<\/strong><br \/>Cel. (777) 417-0012\u00a0<img loading=\"lazy\" decoding=\"async\" class=\"alignnone wp-image-5092\" src=\"https:\/\/www.guiamedicamorelos.com\/wp-medicos\/wp-content\/uploads\/2016\/07\/logo-whatsapp.png\" alt=\"\" width=\"15\" height=\"14\" \/><br \/>Puede enviar WhatsApp<\/p>\n<a href=\"https:\/\/www.hipnoterapeutaencuernavaca.com\" class=\"shortcode button    large\" style=\"background-color: #9a9fb9;color: #ffffff;\" target=\"_blank\">Ir a P\u00e1gina Web del Dr. Roberto Valdivieso<\/a>\n<hr class=\"shortcode hr light-gray\" style=\"width:100%;border-width:1px;\" \/>    <\/div>\n<\/div>\n<!-- \/module text -->        <\/div>\n                    <div  data-lazy=\"1\" class=\"module_column tb-column col3-1 tb_tka9320 last\">\n                    <!-- module text -->\n<div  class=\"module module-text tb_zjaj622   \" data-lazy=\"1\">\n        <div  class=\"tb_text_wrap\">\n            <\/div>\n<\/div>\n<!-- \/module text --><!-- module text -->\n<div  class=\"module module-text tb_xl21660   \" data-lazy=\"1\">\n        <div  class=\"tb_text_wrap\">\n        <div class=\"tb_layout_part_wrap tf_w\"><!--themify_builder_content-->\n    <div  class=\"themify_builder_content themify_builder_content-4771 themify_builder not_editable_builder in_the_loop\" data-postid=\"4771\">\n                        <div  data-lazy=\"1\" class=\"module_row themify_builder_row tb_57360ad tf_w\">\n                        <div class=\"row_inner col_align_top tb_col_count_1 tf_box tf_rel\">\n                        <div  data-lazy=\"1\" class=\"module_column tb-column col-full tb_065d41e first\">\n                    <!-- module image -->\n<div  class=\"module module-image tb_ee06636 image-center   tf_mw\" data-lazy=\"1\">\n        <div class=\"image-wrap tf_rel tf_mw\">\n            <a href=\"https:\/\/www.guiamedicamorelos.com\/wp-medicos\/contacto\">\n                   <img loading=\"lazy\" decoding=\"async\" width=\"278\" height=\"111\" src=\"https:\/\/www.guiamedicamorelos.com\/wp-medicos\/wp-content\/uploads\/2015\/07\/anunciate-guiamedicamorelos.jpg\" class=\"wp-post-image wp-image-4347\" alt=\"Gu\u00eda Medica Morelos\" srcset=\"https:\/\/www.guiamedicamorelos.com\/wp-medicos\/wp-content\/uploads\/2015\/07\/anunciate-guiamedicamorelos.jpg 278w, https:\/\/www.guiamedicamorelos.com\/wp-medicos\/wp-content\/uploads\/2015\/07\/anunciate-guiamedicamorelos-375x150.jpg 375w, https:\/\/www.guiamedicamorelos.com\/wp-medicos\/wp-content\/uploads\/2015\/07\/anunciate-guiamedicamorelos-200x80.jpg 200w\" sizes=\"auto, (max-width: 278px) 100vw, 278px\" \/>        <\/a>\n    \n        <\/div>\n    <!-- \/image-wrap -->\n    \n        <\/div>\n<!-- \/module image -->        <\/div>\n                        <\/div>\n        <\/div>\n                        <div  data-lazy=\"1\" class=\"module_row themify_builder_row tb_g0w1509 tf_w\">\n                        <div class=\"row_inner col_align_top tb_col_count_1 tf_box tf_rel\">\n                        <div  data-lazy=\"1\" class=\"module_column tb-column col-full tb_7e8a530 first\">\n                            <\/div>\n                        <\/div>\n        <\/div>\n            <\/div>\n<!--\/themify_builder_content--><\/div>\n    <\/div>\n<\/div>\n<!-- \/module text -->        <\/div>\n                        <\/div>\n        <\/div>\n                        <div  data-lazy=\"1\" class=\"module_row themify_builder_row tb_8vda300 tf_w\">\n                        <div class=\"row_inner col_align_top tb_col_count_1 tf_box tf_rel\">\n                        <div  data-lazy=\"1\" class=\"module_column tb-column col-full tb_xh7h603 first\">\n                    <!-- module text -->\n<div  class=\"module module-text tb_z8ep330   \" data-lazy=\"1\">\n        <div  class=\"tb_text_wrap\">\n        <div class=\"tb_layout_part_wrap tf_w\"><!--themify_builder_content-->\n    <div  class=\"themify_builder_content themify_builder_content-4420 themify_builder not_editable_builder in_the_loop\" data-postid=\"4420\">\n                        <div  data-lazy=\"1\" class=\"module_row themify_builder_row tb_aa4f163 tf_w\">\n                        <div class=\"row_inner col_align_top tb_col_count_1 tf_box tf_rel\">\n                        <div  data-lazy=\"1\" class=\"module_column tb-column col-full tb_487b434 first\">\n                    <!-- module text -->\n<div  class=\"module module-text tb_3490387  repeat \" data-lazy=\"1\">\n        <div  class=\"tb_text_wrap\">\n        <p><strong>NOTA IMPORTANTE:<\/strong> El objetivo de Gu\u00eda M\u00e9dica Morelos, es meramente informativo y de uso publicitario, sin recomendar expl\u00edcitamente alg\u00fan servicio y\/o producto aqu\u00ed anunciado o listado.<\/p>    <\/div>\n<\/div>\n<!-- \/module text -->        <\/div>\n                        <\/div>\n        <\/div>\n            <\/div>\n<!--\/themify_builder_content--><\/div>\n    <\/div>\n<\/div>\n<!-- \/module text -->        <\/div>\n                        <\/div>\n        <\/div>\n        <\/div>\n<!--\/themify_builder_content-->","protected":false},"excerpt":{"rendered":"<p>Medicina Alternativa\u00a0en Cuernavaca Dr. Roberto Valdivieso Bernal Hipnosis, Terapia de Regresiones y \u00a0de\u00a0Restauraci\u00f3n Transpersonal a la Vida \u00d3ptima. Maestr\u00eda y doctorado en Hipnosis Cl\u00ednicapor la Sociedad Internacional de HipnosisCl\u00ednica de Barcelona, Espa\u00f1a. OBJETIVOS DE LA TERAPIA:Dar tratamiento a enfermedades incurables que es posible mejorar o curar mediante este tipo de terapias. Promover el uso de [&hellip;]<\/p>\n","protected":false},"author":1,"featured_media":0,"parent":0,"menu_order":0,"comment_status":"closed","ping_status":"closed","template":"","meta":{"_monsterinsights_skip_tracking":false,"_monsterinsights_sitenote_active":false,"_monsterinsights_sitenote_note":"","_monsterinsights_sitenote_category":0,"footnotes":""},"class_list":["post-4600","page","type-page","status-publish","hentry","has-post-title","has-post-date","has-post-category","has-post-tag","has-post-comment","has-post-author",""],"amp_enabled":true,"builder_content":"[themify_layout_part id=\"5987\"]\n<p>Medicina Alternativa\u00a0en Cuernavaca<\/p>\n<p><img loading=\"lazy\" decoding=\"async\" src=\"https:\/\/www.guiamedicamorelos.com\/wp-medicos\/wp-content\/uploads\/2015\/08\/insercion-vip.png\" alt=\"\" width=\"133\" height=\"30\" \/><\/p> <p><strong>Dr. Roberto Valdivieso Bernal<\/strong><\/p> <p><strong>Hipnosis, Terapia de Regresiones y \u00a0de\u00a0<br \/><\/strong><strong>Restauraci\u00f3n Transpersonal a la Vida \u00d3ptima.<\/strong><\/p> <p><em>Maestr\u00eda y doctorado en Hipnosis Cl\u00ednica<\/em><br \/><em>por la Sociedad Internacional de Hipnosis<\/em><br \/><em>Cl\u00ednica de Barcelona, Espa\u00f1a.<\/em><strong><br \/><\/strong><br \/><img loading=\"lazy\" decoding=\"async\" src=\"https:\/\/www.guiamedicamorelos.com\/wp-medicos\/wp-content\/uploads\/2017\/05\/hipnosis-cuernavaca-dr-roberto.jpg\" alt=\"\" width=\"400\" height=\"225\" srcset=\"https:\/\/www.guiamedicamorelos.com\/wp-medicos\/wp-content\/uploads\/2017\/05\/hipnosis-cuernavaca-dr-roberto.jpg 400w, https:\/\/www.guiamedicamorelos.com\/wp-medicos\/wp-content\/uploads\/2017\/05\/hipnosis-cuernavaca-dr-roberto-300x168.jpg 300w\" sizes=\"auto, (max-width: 400px) 100vw, 400px\" \/><\/p> <p><strong>OBJETIVOS DE LA TERAPIA:<\/strong><br \/>Dar tratamiento a enfermedades incurables que es posible mejorar o curar mediante este tipo de terapias. Promover el uso de este tipo de terapias para mejorar el rendimiento acad\u00e9mico, deportivo.<\/p> <p>Quitar dolores cr\u00f3nicos sin medicamentos (inclusive bloquear o disminuir el dolor del c\u00e1ncer).<\/p> <p>Auxiliar en problemas del ni\u00f1o, del adolescente, el duelo, adicciones, empresas (crear mejores vendedores, dar conferencias de motivaci\u00f3n e inteligencia emocional).<\/p> <p><strong><br \/><\/strong><b>CONSULTORIO<\/b><br \/>Privada del Carmen No.9<br \/>Col. Las Palmas, Chipitl\u00e1n.<br \/>Cuernavaca, Mor.<\/p> <p><strong><br \/>CONSULTA PREVIA CITA<\/strong><br \/>Tel. (777) 2900-100<br \/>Tel. (777) 312-8776<\/p> <p><strong><br \/>URGENCIAS<\/strong><br \/>Cel. (777) 417-0012\u00a0<img loading=\"lazy\" decoding=\"async\" src=\"https:\/\/www.guiamedicamorelos.com\/wp-medicos\/wp-content\/uploads\/2016\/07\/logo-whatsapp.png\" alt=\"\" width=\"15\" height=\"14\" \/><br \/>Puede enviar WhatsApp<\/p> <p>[themify_button style=\"large\" color=\"#9a9fb9\" link=\"https:\/\/www.hipnoterapeutaencuernavaca.com\" target=\"_blank\" text=\"#ffffff\" ]Ir a P\u00e1gina Web del Dr. Roberto Valdivieso[\/themify_button]<\/p> <p>[themify_hr color=\"light-gray\" width=\"100%\" border_width=\"1px\" ]<\/p>\n<p>[themify_layout_part slug=\"siguenos-facebook\"]<\/p>\n<p>[themify_layout_part id=\"4771\"]<\/p>\n<p>[themify_layout_part id=4420]<\/p>","_links":{"self":[{"href":"https:\/\/www.guiamedicamorelos.com\/wp-medicos\/wp-json\/wp\/v2\/pages\/4600","targetHints":{"allow":["GET"]}}],"collection":[{"href":"https:\/\/www.guiamedicamorelos.com\/wp-medicos\/wp-json\/wp\/v2\/pages"}],"about":[{"href":"https:\/\/www.guiamedicamorelos.com\/wp-medicos\/wp-json\/wp\/v2\/types\/page"}],"author":[{"embeddable":true,"href":"https:\/\/www.guiamedicamorelos.com\/wp-medicos\/wp-json\/wp\/v2\/users\/1"}],"replies":[{"embeddable":true,"href":"https:\/\/www.guiamedicamorelos.com\/wp-medicos\/wp-json\/wp\/v2\/comments?post=4600"}],"version-history":[{"count":29,"href":"https:\/\/www.guiamedicamorelos.com\/wp-medicos\/wp-json\/wp\/v2\/pages\/4600\/revisions"}],"predecessor-version":[{"id":9509,"href":"https:\/\/www.guiamedicamorelos.com\/wp-medicos\/wp-json\/wp\/v2\/pages\/4600\/revisions\/9509"}],"wp:attachment":[{"href":"https:\/\/www.guiamedicamorelos.com\/wp-medicos\/wp-json\/wp\/v2\/media?parent=4600"}],"curies":[{"name":"wp","href":"https:\/\/api.w.org\/{rel}","templated":true}]}}