{"id":4640,"date":"2015-10-16T13:46:43","date_gmt":"2015-10-16T18:46:43","guid":{"rendered":"http:\/\/www.guiamedicamorelos.com\/dentista-en-cuernavaca-dr-limonchi-copy\/"},"modified":"2023-01-31T13:55:49","modified_gmt":"2023-01-31T19:55:49","slug":"clinica-especialidades-podologicas-y-podiatricas-de-morelos","status":"publish","type":"page","link":"https:\/\/www.guiamedicamorelos.com\/wp-medicos\/clinica-especialidades-podologicas-y-podiatricas-de-morelos\/","title":{"rendered":"Cl\u00ednica de Especialidades Podol\u00f3gicas y  Podi\u00e1tricas de Morelos"},"content":{"rendered":"<!--themify_builder_content-->\n<div id=\"themify_builder_content-4640\" data-postid=\"4640\" class=\"themify_builder_content themify_builder_content-4640 themify_builder tf_clear\">\n                    <div  data-lazy=\"1\" class=\"module_row themify_builder_row tb_462c8d7 tb_first tf_w\">\n                        <div class=\"row_inner col_align_top gutter-narrow tb_col_count_2 tf_box tf_rel\">\n                        <div  data-lazy=\"1\" class=\"module_column tb-column col3-2 tb_71a051e first\">\n                    <!-- module image -->\n<div  class=\"module module-image tb_95b8686 image-top rounded drop-shadow  tf_mw\" data-lazy=\"1\">\n        <div class=\"image-wrap tf_rel tf_mw\">\n            <img loading=\"lazy\" decoding=\"async\" width=\"400\" height=\"158\" src=\"https:\/\/www.guiamedicamorelos.com\/wp-medicos\/wp-content\/uploads\/2023\/01\/logo-podologo-julio-castro-cuernavaca.jpg\" class=\"wp-post-image wp-image-9781\" title=\"logo-podologo-julio-castro-cuernavaca\" alt=\"logo-podologo-julio-castro-cuernavaca\" srcset=\"https:\/\/www.guiamedicamorelos.com\/wp-medicos\/wp-content\/uploads\/2023\/01\/logo-podologo-julio-castro-cuernavaca.jpg 400w, https:\/\/www.guiamedicamorelos.com\/wp-medicos\/wp-content\/uploads\/2023\/01\/logo-podologo-julio-castro-cuernavaca-300x119.jpg 300w\" sizes=\"auto, (max-width: 400px) 100vw, 400px\" \/>    \n        <\/div>\n    <!-- \/image-wrap -->\n    \n        <\/div>\n<!-- \/module image --><!-- module text -->\n<div  class=\"module module-text tb_e8bfbeb  repeat \" data-lazy=\"1\">\n        <div  class=\"tb_text_wrap\">\n        <p><span style=\"color: #434b6e; font-family: 'Numas', sans-serif; font-size: 1.3em;\"><strong>Cl\u00ednica de Especialidades Podol\u00f3gicas<br \/>y \u00a0Podi\u00e1tricas de Morelos<br \/><\/strong><\/span><br \/>PODOLOGIA Y BIOMECANICA<br \/><em><span style=\"color: #757576; font-family: 'Numas', sans-serif; font-size: 1em;\"><strong>Para cada problema de los pies una soluci\u00f3n<\/strong><\/span><\/em><\/p>    <\/div>\n<\/div>\n<!-- \/module text --><!-- module text -->\n<div  class=\"module module-text tb_8d8e062  repeat \" data-lazy=\"1\">\n        <div  class=\"tb_text_wrap\">\n        <p><strong>Servicios y Tratamientos:<\/strong><\/p>\n<ul>\n<li>Podolog\u00eda Integral<\/li>\n<li>Trastornos en u\u00f1as<\/li>\n<li>Onicomicosis<\/li>\n<li>Dermatomicosis<\/li>\n<li>Ortopedia Especializada<\/li>\n<li>Diagn\u00f3stico y tratamiento:<br \/>Pie plano problema de postura, cansancio, dolor de rodillas, dolor de espalda.<\/li>\n<li>Matrisectomia: eliminaci\u00f3n de la u\u00f1a encarnada recurrente<\/li>\n<li>U\u00f1a encarnada sin dolor<\/li>\n<li>Facitis plantar<\/li>\n<li>Juanetes<\/li>\n<li>Problemas de circulaci\u00f3n: Ulceras Varicosas<\/li>\n<li>Heridas complicadas<\/li>\n<li>Podolog\u00eda Deportiva<\/li>\n<li>Estudio Biomec\u00e1nico (An\u00e1lisis de la Pisada)<\/li>\n<\/ul>    <\/div>\n<\/div>\n<!-- \/module text -->        <\/div>\n                    <div  data-lazy=\"1\" class=\"module_column tb-column col3-1 tb_fdce6da last\">\n                    <!-- module text -->\n<div  class=\"module module-text tb_cf334a9  repeat  wow\" data-tf-animation=\"rubberBand\" data-tf-animation_delay=\"1\" data-tf-animation_repeat=\"2\" data-lazy=\"1\">\n        <div  class=\"tb_text_wrap\">\n        <p style=\"text-align: center;\"><strong>English Spoken!<\/strong><\/p>    <\/div>\n<\/div>\n<!-- \/module text --><!-- module image -->\n<div  class=\"module module-image tb_c5a3095 image-overlay   tf_mw\" data-lazy=\"1\">\n        <div class=\"image-wrap tf_rel tf_mw\">\n            <img loading=\"lazy\" decoding=\"async\" src=\"https:\/\/www.guiamedicamorelos.com\/wp-medicos\/wp-content\/uploads\/2015\/10\/pies-sanos-clinica-podologia-cuernavaca-300x277.jpg\" width=\"300\" height=\"277\" class=\"wp-post-image wp-image-4645\" title=\"pies-sanos-clinica-podologia-cuernavaca\" alt=\"pies-sanos-clinica-podologia-cuernavaca\" srcset=\"https:\/\/www.guiamedicamorelos.com\/wp-medicos\/wp-content\/uploads\/2015\/10\/pies-sanos-clinica-podologia-cuernavaca-300x277.jpg 300w, https:\/\/www.guiamedicamorelos.com\/wp-medicos\/wp-content\/uploads\/2015\/10\/pies-sanos-clinica-podologia-cuernavaca-978x905.jpg 978w, https:\/\/www.guiamedicamorelos.com\/wp-medicos\/wp-content\/uploads\/2015\/10\/pies-sanos-clinica-podologia-cuernavaca.jpg 380w\" sizes=\"auto, (max-width: 300px) 100vw, 300px\" \/>    \n    \n        <div class=\"image-content\">\n                        <div class=\"image-caption tb_text_wrap\">\n            <strong>Atenci\u00f3n especial a pacientes <\/br>diab\u00e9ticos y geri\u00e1tricos. <\/strong>        <\/div>\n        <!-- \/image-caption -->\n            <\/div>\n    <!-- \/image-content -->\n                <\/div>\n        <!-- \/image-wrap -->\n    <\/div>\n<!-- \/module image --><!-- module image -->\n<div  class=\"module module-image tb_436f9e2 image-overlay   tf_mw\" data-lazy=\"1\">\n        <div class=\"image-wrap tf_rel tf_mw\">\n            <img loading=\"lazy\" decoding=\"async\" src=\"https:\/\/www.guiamedicamorelos.com\/wp-medicos\/wp-content\/uploads\/2015\/10\/pies-sanos-clinica-podologia-cuernavaca-02-1024x683-300x200.jpg\" width=\"300\" height=\"200\" class=\"wp-post-image wp-image-4646\" title=\"Pod\u00f3logo en Cuernavaca Morelos\" alt=\"Usamos material 100% est\u00e9ril\" srcset=\"https:\/\/www.guiamedicamorelos.com\/wp-medicos\/wp-content\/uploads\/2015\/10\/pies-sanos-clinica-podologia-cuernavaca-02-1024x683-300x200.jpg 300w, https:\/\/www.guiamedicamorelos.com\/wp-medicos\/wp-content\/uploads\/2015\/10\/pies-sanos-clinica-podologia-cuernavaca-02-1024x683.jpg 1024w\" sizes=\"auto, (max-width: 300px) 100vw, 300px\" \/>    \n    \n        <div class=\"image-content\">\n                        <div class=\"image-caption tb_text_wrap\">\n            <strong>Usamos material 100% est\u00e9ril<\/strong>        <\/div>\n        <!-- \/image-caption -->\n            <\/div>\n    <!-- \/image-content -->\n                <\/div>\n        <!-- \/image-wrap -->\n    <\/div>\n<!-- \/module image --><!-- module text -->\n<div  class=\"module module-text tb_bb80586  repeat \" data-lazy=\"1\">\n        <div  class=\"tb_text_wrap\">\n        <p>La <strong>Cl\u00ednica Podol\u00f3gica de Cuernavaca<\/strong> es una empresa privada con la filosof\u00eda de brindar un honesto servicio a todos nuestros pacientes con el compromiso de dar la mejor soluci\u00f3n a sus molestias con m\u00e1s de 35 a\u00f1os de experiencia.<\/p>    <\/div>\n<\/div>\n<!-- \/module text -->        <\/div>\n                        <\/div>\n        <\/div>\n                        <div  data-lazy=\"1\" class=\"module_row themify_builder_row tb_y0x6942 tf_w\">\n                        <div class=\"row_inner col_align_top tb_col_count_1 tf_box tf_rel\">\n                        <div  data-lazy=\"1\" class=\"module_column tb-column col-full tb_7344943 first\">\n                    <!-- module text -->\n<div  class=\"module module-text tb_h8gn67   \" data-lazy=\"1\">\n        <div  class=\"tb_text_wrap\">\n        <p style=\"text-align: center;\"><strong>\u00a1TENEMOS UNA CL\u00cdNICA CERCA DE TI!<\/strong><\/p>    <\/div>\n<\/div>\n<!-- \/module text -->        <\/div>\n                        <\/div>\n        <\/div>\n                        <div  data-lazy=\"1\" class=\"module_row themify_builder_row tb_lfda468 tf_w\">\n                        <div class=\"row_inner col_align_top col_auto_height tb_col_count_2 tf_box tf_rel\">\n                        <div  data-lazy=\"1\" class=\"module_column tb-column col4-2 tb_un45468 first\">\n                    <!-- module text -->\n<div  class=\"module module-text tb_wrmr673   \" data-lazy=\"1\">\n        <div  class=\"tb_text_wrap\">\n        <p><strong>Zona Centro<\/strong><br>Blvd. Benito Ju\u00e1rez No.204-A <br>Col. Centro<br>Tel. (777) 312-7945<br>Cuernavaca, Mor.<\/p>    <\/div>\n<\/div>\n<!-- \/module text --><!-- module plain text -->\n<div  class=\"module module-plain-text tb_mixq460 \" data-lazy=\"1\">\n        <div class=\"tb_text_wrap\">\n    <iframe src=\"https:\/\/www.google.com\/maps\/embed?pb=!1m18!1m12!1m3!1d3774.252906273371!2d-99.23585628583362!3d18.92019656176954!2m3!1f0!2f0!3f0!3m2!1i1024!2i768!4f13.1!3m3!1m2!1s0x85cddfad371a2cad%3A0xbf48bcbc0e1dac67!2sBlvd.%20Lic.%20Benito%20Ju%C3%A1rez%20204%2C%20Cuernavaca%20Centro%2C%20Centro%2C%2062000%20Cuernavaca%2C%20Mor.!5e0!3m2!1ses-419!2smx!4v1675193738643!5m2!1ses-419!2smx\" width=\"100%\" height=\"350\" style=\"border:0;\" allowfullscreen=\"\" loading=\"lazy\" referrerpolicy=\"no-referrer-when-downgrade\"><\/iframe>    <\/div>\n<\/div>\n<!-- \/module plain text -->        <\/div>\n                    <div  data-lazy=\"1\" class=\"module_column tb-column col4-2 tb_onom432 last\">\n                    <!-- module text -->\n<div  class=\"module module-text tb_v4zn263   \" data-lazy=\"1\">\n        <div  class=\"tb_text_wrap\">\n        <p><strong>Zona Norte<\/strong><br>Av. Vicente Guerrero No. 598<br>Col. Prados de Cuernavaca<br>(Frente a la CFE)<br>Tel. (777) 313-5910 y (777) 311-0974<br>Cuernavaca, Mor.<\/p>    <\/div>\n<\/div>\n<!-- \/module text --><!-- module plain text -->\n<div  class=\"module module-plain-text tb_rp2l683 \" data-lazy=\"1\">\n        <div class=\"tb_text_wrap\">\n    <iframe src=\"https:\/\/www.google.com\/maps\/embed?pb=!1m18!1m12!1m3!1d3773.625229156934!2d-99.23423718466583!3d18.947975625877884!2m3!1f0!2f0!3f0!3m2!1i1024!2i768!4f13.1!3m3!1m2!1s0x85cddfd237c5377b%3A0xf7a2499359d6ab29!2sAv%20Vicente%20Guerrero%20598%2C%20zona%201%2C%20Prados%20de%20Cuernavaca%2C%2062239%20Cuernavaca%2C%20Mor.!5e0!3m2!1ses-419!2smx!4v1675193627898!5m2!1ses-419!2smx\" width=\"100%\" height=\"350\" style=\"border:0;\" allowfullscreen=\"\" loading=\"lazy\" referrerpolicy=\"no-referrer-when-downgrade\"><\/iframe>    <\/div>\n<\/div>\n<!-- \/module plain text -->        <\/div>\n                        <\/div>\n        <\/div>\n                        <div  data-lazy=\"1\" class=\"module_row themify_builder_row tb_jrgd199 tf_w\">\n                        <div class=\"row_inner col_align_middle tb_col_count_2 tf_box tf_rel\">\n                        <div  data-lazy=\"1\" class=\"module_column tb-column col4-2 tb_87dr199 first\">\n                    <!-- module text -->\n<div  class=\"module module-text tb_itht199   \" data-lazy=\"1\">\n        <div  class=\"tb_text_wrap\">\n        <p><strong>Horarios de Atenci\u00f3n<br><\/strong><br>Lunes a Viernes <br>9:00 a 14:00 hrs y de 16:00 a 18:30 hrs<\/p>\n<p>S\u00e1bados<br>10:00 a 14:00 hrs<\/p>    <\/div>\n<\/div>\n<!-- \/module text -->        <\/div>\n                    <div  data-lazy=\"1\" class=\"module_column tb-column col4-2 tb_xztu199 last\">\n                    <!-- module text -->\n<div  class=\"module module-text tb_xkje199  repeat \" data-lazy=\"1\">\n        <div  class=\"tb_text_wrap\">\n        <p><strong>Atenci\u00f3n Especial:<\/strong><br><br>Lic. Julio Castro Robles<br>T\u00e9cnico Profesional en Podolog\u00eda.<br>Facultad: Instituto Podologico Toluca A.C.<br>Toluca de Lerdo, Edo. de M\u00e9xico<br>C\u00e9dula Prof. 13991718<\/p>    <\/div>\n<\/div>\n<!-- \/module text -->        <\/div>\n                        <\/div>\n        <\/div>\n        <\/div>\n<!--\/themify_builder_content-->","protected":false},"excerpt":{"rendered":"<p>Cl\u00ednica de Especialidades Podol\u00f3gicasy \u00a0Podi\u00e1tricas de MorelosPODOLOGIA Y BIOMECANICAPara cada problema de los pies una soluci\u00f3n Servicios y Tratamientos: Podolog\u00eda Integral Trastornos en u\u00f1as Onicomicosis Dermatomicosis Ortopedia Especializada Diagn\u00f3stico y tratamiento:Pie plano problema de postura, cansancio, dolor de rodillas, dolor de espalda. Matrisectomia: eliminaci\u00f3n de la u\u00f1a encarnada recurrente U\u00f1a encarnada sin dolor Facitis plantar [&hellip;]<\/p>\n","protected":false},"author":1,"featured_media":0,"parent":0,"menu_order":0,"comment_status":"closed","ping_status":"closed","template":"","meta":{"_monsterinsights_skip_tracking":false,"_monsterinsights_sitenote_active":false,"_monsterinsights_sitenote_note":"","_monsterinsights_sitenote_category":0,"footnotes":""},"class_list":["post-4640","page","type-page","status-publish","hentry","has-post-title","has-post-date","has-post-category","has-post-tag","has-post-comment","has-post-author",""],"amp_enabled":true,"builder_content":"<img src=\"https:\/\/www.guiamedicamorelos.com\/wp-medicos\/wp-content\/uploads\/2023\/01\/logo-podologo-julio-castro-cuernavaca.jpg\" title=\"logo-podologo-julio-castro-cuernavaca\" alt=\"logo-podologo-julio-castro-cuernavaca\" srcset=\"https:\/\/www.guiamedicamorelos.com\/wp-medicos\/wp-content\/uploads\/2023\/01\/logo-podologo-julio-castro-cuernavaca.jpg 400w, https:\/\/www.guiamedicamorelos.com\/wp-medicos\/wp-content\/uploads\/2023\/01\/logo-podologo-julio-castro-cuernavaca-300x119.jpg 300w\" sizes=\"(max-width: 400px) 100vw, 400px\" \/>\n<p><strong>Cl\u00ednica de Especialidades Podol\u00f3gicas<br \/>y \u00a0Podi\u00e1tricas de Morelos<br \/><\/strong><br \/>PODOLOGIA Y BIOMECANICA<br \/><em><strong>Para cada problema de los pies una soluci\u00f3n<\/strong><\/em><\/p>\n<p><strong>Servicios y Tratamientos:<\/strong><\/p> <ul> <li>Podolog\u00eda Integral<\/li> <li>Trastornos en u\u00f1as<\/li> <li>Onicomicosis<\/li> <li>Dermatomicosis<\/li> <li>Ortopedia Especializada<\/li> <li>Diagn\u00f3stico y tratamiento:<br \/>Pie plano problema de postura, cansancio, dolor de rodillas, dolor de espalda.<\/li> <li>Matrisectomia: eliminaci\u00f3n de la u\u00f1a encarnada recurrente<\/li> <li>U\u00f1a encarnada sin dolor<\/li> <li>Facitis plantar<\/li> <li>Juanetes<\/li> <li>Problemas de circulaci\u00f3n: Ulceras Varicosas<\/li> <li>Heridas complicadas<\/li> <li>Podolog\u00eda Deportiva<\/li> <li>Estudio Biomec\u00e1nico (An\u00e1lisis de la Pisada)<\/li> <\/ul>\n<p style=\"text-align: center;\"><strong>English Spoken!<\/strong><\/p>\n<img src=\"https:\/\/www.guiamedicamorelos.com\/wp-medicos\/wp-content\/uploads\/2015\/10\/pies-sanos-clinica-podologia-cuernavaca-300x277.jpg\" width=\"300\" height=\"277\" title=\"pies-sanos-clinica-podologia-cuernavaca\" alt=\"pies-sanos-clinica-podologia-cuernavaca\" srcset=\"https:\/\/www.guiamedicamorelos.com\/wp-medicos\/wp-content\/uploads\/2015\/10\/pies-sanos-clinica-podologia-cuernavaca-300x277.jpg 300w, https:\/\/www.guiamedicamorelos.com\/wp-medicos\/wp-content\/uploads\/2015\/10\/pies-sanos-clinica-podologia-cuernavaca-978x905.jpg 978w, https:\/\/www.guiamedicamorelos.com\/wp-medicos\/wp-content\/uploads\/2015\/10\/pies-sanos-clinica-podologia-cuernavaca.jpg 380w\" sizes=\"(max-width: 300px) 100vw, 300px\" \/> <strong>Atenci\u00f3n especial a pacientes <\/br>diab\u00e9ticos y geri\u00e1tricos. <\/strong>\n<img src=\"https:\/\/www.guiamedicamorelos.com\/wp-medicos\/wp-content\/uploads\/2015\/10\/pies-sanos-clinica-podologia-cuernavaca-02-1024x683-300x200.jpg\" width=\"300\" height=\"200\" title=\"Pod\u00f3logo en Cuernavaca Morelos\" alt=\"Usamos material 100% est\u00e9ril\" srcset=\"https:\/\/www.guiamedicamorelos.com\/wp-medicos\/wp-content\/uploads\/2015\/10\/pies-sanos-clinica-podologia-cuernavaca-02-1024x683-300x200.jpg 300w, https:\/\/www.guiamedicamorelos.com\/wp-medicos\/wp-content\/uploads\/2015\/10\/pies-sanos-clinica-podologia-cuernavaca-02-1024x683.jpg 1024w\" sizes=\"(max-width: 300px) 100vw, 300px\" \/> <strong>Usamos material 100% est\u00e9ril<\/strong>\n<p>La <strong>Cl\u00ednica Podol\u00f3gica de Cuernavaca<\/strong> es una empresa privada con la filosof\u00eda de brindar un honesto servicio a todos nuestros pacientes con el compromiso de dar la mejor soluci\u00f3n a sus molestias con m\u00e1s de 35 a\u00f1os de experiencia.<\/p>\n<p style=\"text-align: center;\"><strong>\u00a1TENEMOS UNA CL\u00cdNICA CERCA DE TI!<\/strong><\/p>\n<p><strong>Zona Centro<\/strong><br>Blvd. Benito Ju\u00e1rez No.204-A <br>Col. Centro<br>Tel. (777) 312-7945<br>Cuernavaca, Mor.<\/p>\n<iframe src=\"https:\/\/www.google.com\/maps\/embed?pb=!1m18!1m12!1m3!1d3774.252906273371!2d-99.23585628583362!3d18.92019656176954!2m3!1f0!2f0!3f0!3m2!1i1024!2i768!4f13.1!3m3!1m2!1s0x85cddfad371a2cad%3A0xbf48bcbc0e1dac67!2sBlvd.%20Lic.%20Benito%20Ju%C3%A1rez%20204%2C%20Cuernavaca%20Centro%2C%20Centro%2C%2062000%20Cuernavaca%2C%20Mor.!5e0!3m2!1ses-419!2smx!4v1675193738643!5m2!1ses-419!2smx\" width=\"100%\" height=\"350\" style=\"border:0;\" allowfullscreen=\"\" loading=\"lazy\" referrerpolicy=\"no-referrer-when-downgrade\"><\/iframe>\n<p><strong>Zona Norte<\/strong><br>Av. Vicente Guerrero No. 598<br>Col. Prados de Cuernavaca<br>(Frente a la CFE)<br>Tel. (777) 313-5910 y (777) 311-0974<br>Cuernavaca, Mor.<\/p>\n<iframe src=\"https:\/\/www.google.com\/maps\/embed?pb=!1m18!1m12!1m3!1d3773.625229156934!2d-99.23423718466583!3d18.947975625877884!2m3!1f0!2f0!3f0!3m2!1i1024!2i768!4f13.1!3m3!1m2!1s0x85cddfd237c5377b%3A0xf7a2499359d6ab29!2sAv%20Vicente%20Guerrero%20598%2C%20zona%201%2C%20Prados%20de%20Cuernavaca%2C%2062239%20Cuernavaca%2C%20Mor.!5e0!3m2!1ses-419!2smx!4v1675193627898!5m2!1ses-419!2smx\" width=\"100%\" height=\"350\" style=\"border:0;\" allowfullscreen=\"\" loading=\"lazy\" referrerpolicy=\"no-referrer-when-downgrade\"><\/iframe>\n<p><strong>Horarios de Atenci\u00f3n<br><\/strong><br>Lunes a Viernes <br>9:00 a 14:00 hrs y de 16:00 a 18:30 hrs<\/p> <p>S\u00e1bados<br>10:00 a 14:00 hrs<\/p>\n<p><strong>Atenci\u00f3n Especial:<\/strong><br><br>Lic. Julio Castro Robles<br>T\u00e9cnico Profesional en Podolog\u00eda.<br>Facultad: Instituto Podologico Toluca A.C.<br>Toluca de Lerdo, Edo. de M\u00e9xico<br>C\u00e9dula Prof. 13991718<\/p>","_links":{"self":[{"href":"https:\/\/www.guiamedicamorelos.com\/wp-medicos\/wp-json\/wp\/v2\/pages\/4640","targetHints":{"allow":["GET"]}}],"collection":[{"href":"https:\/\/www.guiamedicamorelos.com\/wp-medicos\/wp-json\/wp\/v2\/pages"}],"about":[{"href":"https:\/\/www.guiamedicamorelos.com\/wp-medicos\/wp-json\/wp\/v2\/types\/page"}],"author":[{"embeddable":true,"href":"https:\/\/www.guiamedicamorelos.com\/wp-medicos\/wp-json\/wp\/v2\/users\/1"}],"replies":[{"embeddable":true,"href":"https:\/\/www.guiamedicamorelos.com\/wp-medicos\/wp-json\/wp\/v2\/comments?post=4640"}],"version-history":[{"count":49,"href":"https:\/\/www.guiamedicamorelos.com\/wp-medicos\/wp-json\/wp\/v2\/pages\/4640\/revisions"}],"predecessor-version":[{"id":9797,"href":"https:\/\/www.guiamedicamorelos.com\/wp-medicos\/wp-json\/wp\/v2\/pages\/4640\/revisions\/9797"}],"wp:attachment":[{"href":"https:\/\/www.guiamedicamorelos.com\/wp-medicos\/wp-json\/wp\/v2\/media?parent=4640"}],"curies":[{"name":"wp","href":"https:\/\/api.w.org\/{rel}","templated":true}]}}