{"id":4839,"date":"2016-03-17T13:08:48","date_gmt":"2016-03-17T19:08:48","guid":{"rendered":"http:\/\/www.guiamedicamorelos.com\/neurocirujanos-en-cuernavaca-copy\/"},"modified":"2019-04-09T18:26:40","modified_gmt":"2019-04-09T23:26:40","slug":"cirujanos-de-columna-vertebral-cuernavaca","status":"publish","type":"page","link":"https:\/\/www.guiamedicamorelos.com\/wp-medicos\/cirujanos-de-columna-vertebral-cuernavaca\/","title":{"rendered":"Cirujanos de Columna Vertebral en Cuernavaca"},"content":{"rendered":"<!--themify_builder_content-->\n<div id=\"themify_builder_content-4839\" data-postid=\"4839\" class=\"themify_builder_content themify_builder_content-4839 themify_builder tf_clear\">\n                    <div  data-lazy=\"1\" class=\"module_row themify_builder_row tb_2ee1670 tb_first tf_w\">\n                        <div class=\"row_inner gutter-narrow col_align_top tb_col_count_2 tf_box tf_rel\">\n                        <div  data-lazy=\"1\" class=\"module_column tb-column col3-2 tb_dca375d first\">\n                    <!-- module text -->\n<div  class=\"module module-text tb_c09ec80   \" data-lazy=\"1\">\n        <div  class=\"tb_text_wrap\">\n        <div class=\"tb_layout_part_wrap tf_w\"><!--themify_builder_content-->\n    <div  class=\"themify_builder_content themify_builder_content-5987 themify_builder not_editable_builder in_the_loop\" data-postid=\"5987\">\n                        <div  data-lazy=\"1\" class=\"module_row themify_builder_row tb_tb72447 tf_w\">\n                        <div class=\"row_inner col_align_top tb_col_count_1 tf_box tf_rel\">\n                        <div  data-lazy=\"1\" class=\"module_column tb-column col-full  tb_urq0777 first\">\n                    <!-- module image -->\n<div  class=\"module module-image tb_z3pd710 image-center    auto_fullwidth tf_mw\" data-lazy=\"1\">\n        <div class=\"image-wrap tf_rel tf_mw\">\n            <a href=\"http:\/\/www.guiamedicamorelos.com\/torre-medica-cuernavaca\">\n                   <img loading=\"lazy\" decoding=\"async\" src=\"http:\/\/www.guiamedicamorelos.com\/wp-medicos\/wp-content\/uploads\/2017\/05\/banner-torremedicacuernavaca-02.jpg\" width=\"700\" height=\"100\" title=\"Cirujanos de Columna Vertebral en Cuernavaca\" alt=\"Cirujanos de Columna Vertebral en Cuernavaca\">        <\/a>\n    \n        <\/div>\n    <!-- \/image-wrap -->\n    \n        <\/div>\n<!-- \/module image -->        <\/div>\n                        <\/div>\n        <\/div>\n            <\/div>\n<!--\/themify_builder_content--><\/div>\n    <\/div>\n<\/div>\n<!-- \/module text --><!-- module text -->\n<div  class=\"module module-text tb_2f3e406   \" data-lazy=\"1\">\n        <div  class=\"tb_text_wrap\">\n        <p>Cirujanos de Columna Vertebral en Cuernavaca<\/p>    <\/div>\n<\/div>\n<!-- \/module text --><!-- module text -->\n<div  class=\"module module-text tb_1c344be  repeat \" data-lazy=\"1\">\n        <div  class=\"tb_text_wrap\">\n        <p><img class=\\\"alignnone wp-image-4414 size-full\\\" src=\\\"https:\/\/www.guiamedicamorelos.com\/wp-medicos\/wp-medicos\/wp-content\/uploads\/2015\/08\/insercion-vip.png\\\" alt=\\\"insercion vip\\\" width=\\\"133\\\" height=\\\"30\\\" \/><\/p>\n<p><span style=\\\"color: #434b6e; font-family: \\'Ubuntu\\', sans-serif; font-size: 1.5em;\\\"><strong>Dr. Juan Manuel Quiroz Cabrera<\/strong><\/span><br \/>CIRUG\u00cdA\u00a0DE COLUMNA<br \/>M\u00e9dico Militar<strong><em><br \/><\/em><\/strong><br \/>Neurocirujano Especialista en Traumatismo<br \/>Craneoencef\u00e1lico y Traumatismo de Columna.<strong><br \/><\/strong><\/p>\n<p><img class=\\\"alignnone wp-image-4849 size-medium\\\" src=\\\"https:\/\/www.guiamedicamorelos.com\/wp-medicos\/wp-medicos\/wp-content\/uploads\/2016\/03\/cirugia-de-columna-juanmanuelquiroz-cuernavaca-300x205.jpg\\\" alt=\\\"\\\" width=\\\"300\\\" height=\\\"205\\\" \/><\/p>\n<p><strong>\u00a0<\/strong><\/p>\n<p><strong>CENTRO CORPORATIVO MORELOS<\/strong><br \/>Teopanzolco 408 Desp-1<br \/>Col. Reforma<br \/>(Enfrente de Librer\u00eda Gandhi)<br \/>Cuernavaca, Mor.<\/p>\n<p><strong>CONSULTA PREVIA CITA<\/strong><br \/>Tel. (777) 317-7132<\/p>\n<p><strong>URGENCIAS<br \/><\/strong>Cel. (55) 366-00478<br \/>Puede enviar WhatsApp<img class=\\\"alignnone wp-image-5092\\\" src=\\\"https:\/\/www.guiamedicamorelos.com\/wp-medicos\/wp-medicos\/wp-content\/uploads\/2016\/07\/logo-whatsapp.png\\\" alt=\\\"\\\" width=\\\"15\\\" height=\\\"14\\\" \/><\/p>\n<p><strong>PRECIO ESPECIAL CONSULTA<\/strong><br \/>$800 MXN<br \/>Di que lo viste en Internet<\/p>\n<a href=\"#\" class=\"shortcode button    \">Ir a P\u00e1gina Web del Dr. Juan Antonio Quiroz<\/a>    <\/div>\n<\/div>\n<!-- \/module text -->        <\/div>\n                    <div  data-lazy=\"1\" class=\"module_column tb-column col3-1 tb_0cc8dc7 last\">\n                    <!-- module text -->\n<div  class=\"module module-text tb_8ee8473   \" data-lazy=\"1\">\n        <div  class=\"tb_text_wrap\">\n            <\/div>\n<\/div>\n<!-- \/module text --><!-- module text -->\n<div  class=\"module module-text tb_9414982   \" data-lazy=\"1\">\n        <div  class=\"tb_text_wrap\">\n            <\/div>\n<\/div>\n<!-- \/module text -->        <\/div>\n                        <\/div>\n        <\/div>\n                        <div  data-lazy=\"1\" class=\"module_row themify_builder_row tb_1e073d0 tf_w\">\n                        <div class=\"row_inner col_align_top tb_col_count_1 tf_box tf_rel\">\n                        <div  data-lazy=\"1\" class=\"module_column tb-column col-full tb_9aff890 first\">\n                    <!-- module text -->\n<div  class=\"module module-text tb_3490387  repeat \" data-lazy=\"1\">\n        <div  class=\"tb_text_wrap\">\n        <p><strong>NOTA IMPORTANTE:<\/strong> El objetivo de Gu\u00eda M\u00e9dica Morelos, es meramente informativo y de uso publicitario, sin recomendar expl\u00edcitamente alg\u00fan servicio y\/o producto aqu\u00ed anunciado o listado.<\/p>    <\/div>\n<\/div>\n<!-- \/module text -->        <\/div>\n                        <\/div>\n        <\/div>\n        <\/div>\n<!--\/themify_builder_content-->","protected":false},"excerpt":{"rendered":"<p>Cirujanos de Columna Vertebral en Cuernavaca Dr. Juan Manuel Quiroz CabreraCIRUG\u00cdA\u00a0DE COLUMNAM\u00e9dico MilitarNeurocirujano Especialista en TraumatismoCraneoencef\u00e1lico y Traumatismo de Columna. \u00a0 CENTRO CORPORATIVO MORELOSTeopanzolco 408 Desp-1Col. Reforma(Enfrente de Librer\u00eda Gandhi)Cuernavaca, Mor. CONSULTA PREVIA CITATel. (777) 317-7132 URGENCIASCel. (55) 366-00478Puede enviar WhatsApp PRECIO ESPECIAL CONSULTA$800 MXNDi que lo viste en Internet NOTA IMPORTANTE: El objetivo de [&hellip;]<\/p>\n","protected":false},"author":1,"featured_media":0,"parent":0,"menu_order":0,"comment_status":"closed","ping_status":"closed","template":"","meta":{"_monsterinsights_skip_tracking":false,"_monsterinsights_sitenote_active":false,"_monsterinsights_sitenote_note":"","_monsterinsights_sitenote_category":0,"footnotes":""},"class_list":["post-4839","page","type-page","status-publish","hentry","has-post-title","has-post-date","has-post-category","has-post-tag","has-post-comment","has-post-author",""],"amp_enabled":true,"builder_content":"[themify_layout_part id=5987]\n<p>Cirujanos de Columna Vertebral en Cuernavaca<\/p>\n<p><img class=\\\"alignnone wp-image-4414 size-full\\\" src=\\\"https:\/\/www.guiamedicamorelos.com\/wp-medicos\/wp-medicos\/wp-content\/uploads\/2015\/08\/insercion-vip.png\\\" alt=\\\"insercion vip\\\" width=\\\"133\\\" height=\\\"30\\\" \/><\/p> <p><strong>Dr. Juan Manuel Quiroz Cabrera<\/strong><br \/>CIRUG\u00cdA\u00a0DE COLUMNA<br \/>M\u00e9dico Militar<strong><em><br \/><\/em><\/strong><br \/>Neurocirujano Especialista en Traumatismo<br \/>Craneoencef\u00e1lico y Traumatismo de Columna.<strong><br \/><\/strong><\/p> <p><img class=\\\"alignnone wp-image-4849 size-medium\\\" src=\\\"https:\/\/www.guiamedicamorelos.com\/wp-medicos\/wp-medicos\/wp-content\/uploads\/2016\/03\/cirugia-de-columna-juanmanuelquiroz-cuernavaca-300x205.jpg\\\" alt=\\\"\\\" width=\\\"300\\\" height=\\\"205\\\" \/><\/p> <p><strong>\u00a0<\/strong><\/p> <p><strong>CENTRO CORPORATIVO MORELOS<\/strong><br \/>Teopanzolco 408 Desp-1<br \/>Col. Reforma<br \/>(Enfrente de Librer\u00eda Gandhi)<br \/>Cuernavaca, Mor.<\/p> <p><strong>CONSULTA PREVIA CITA<\/strong><br \/>Tel. (777) 317-7132<\/p> <p><strong>URGENCIAS<br \/><\/strong>Cel. (55) 366-00478<br \/>Puede enviar WhatsApp<img class=\\\"alignnone wp-image-5092\\\" src=\\\"https:\/\/www.guiamedicamorelos.com\/wp-medicos\/wp-medicos\/wp-content\/uploads\/2016\/07\/logo-whatsapp.png\\\" alt=\\\"\\\" width=\\\"15\\\" height=\\\"14\\\" \/><\/p> <p><strong>PRECIO ESPECIAL CONSULTA<\/strong><br \/>$800 MXN<br \/>Di que lo viste en Internet<\/p> <p>[themify_button style=\\\"large\\\" color=\\\"#9a9fb9\\\" link=\\\"https:\/\/www.neurocirujanoencuernavaca.com\\\" target=\\\"_blank\\\" text=\\\"#ffffff\\\" ]Ir a P\u00e1gina Web del Dr. Juan Antonio Quiroz[\/themify_button]<\/p>\n<p>[themify_layout_part slug=\\\"siguenos-facebook\\\"]<\/p>\n<p>[themify_layout_part id=\\\"4771\\\"]<\/p>\n<p><strong>NOTA IMPORTANTE:<\/strong> El objetivo de Gu\u00eda M\u00e9dica Morelos, es meramente informativo y de uso publicitario, sin recomendar expl\u00edcitamente alg\u00fan servicio y\/o producto aqu\u00ed anunciado o listado.<\/p>","_links":{"self":[{"href":"https:\/\/www.guiamedicamorelos.com\/wp-medicos\/wp-json\/wp\/v2\/pages\/4839","targetHints":{"allow":["GET"]}}],"collection":[{"href":"https:\/\/www.guiamedicamorelos.com\/wp-medicos\/wp-json\/wp\/v2\/pages"}],"about":[{"href":"https:\/\/www.guiamedicamorelos.com\/wp-medicos\/wp-json\/wp\/v2\/types\/page"}],"author":[{"embeddable":true,"href":"https:\/\/www.guiamedicamorelos.com\/wp-medicos\/wp-json\/wp\/v2\/users\/1"}],"replies":[{"embeddable":true,"href":"https:\/\/www.guiamedicamorelos.com\/wp-medicos\/wp-json\/wp\/v2\/comments?post=4839"}],"version-history":[{"count":16,"href":"https:\/\/www.guiamedicamorelos.com\/wp-medicos\/wp-json\/wp\/v2\/pages\/4839\/revisions"}],"predecessor-version":[{"id":8945,"href":"https:\/\/www.guiamedicamorelos.com\/wp-medicos\/wp-json\/wp\/v2\/pages\/4839\/revisions\/8945"}],"wp:attachment":[{"href":"https:\/\/www.guiamedicamorelos.com\/wp-medicos\/wp-json\/wp\/v2\/media?parent=4839"}],"curies":[{"name":"wp","href":"https:\/\/api.w.org\/{rel}","templated":true}]}}