{"id":4878,"date":"2016-04-01T16:28:51","date_gmt":"2016-04-01T22:28:51","guid":{"rendered":"http:\/\/www.guiamedicamorelos.com\/neurocirugia-y-cirugia-de-columna-dr-juan-manuel-quiroz-copy\/"},"modified":"2020-09-01T20:05:07","modified_gmt":"2020-09-02T01:05:07","slug":"psiquiatra-sandra-camacho-talavera","status":"publish","type":"page","link":"https:\/\/www.guiamedicamorelos.com\/wp-medicos\/psiquiatra-sandra-camacho-talavera\/","title":{"rendered":"Psiquiatra Sandra Camacho Talavera"},"content":{"rendered":"<!--themify_builder_content-->\n<div id=\"themify_builder_content-4878\" data-postid=\"4878\" class=\"themify_builder_content themify_builder_content-4878 themify_builder tf_clear\">\n                    <div  data-lazy=\"1\" class=\"module_row themify_builder_row tb_c6a770c tb_first tf_w\">\n                        <div class=\"row_inner col_align_top tb_col_count_2 tf_box tf_rel\">\n                        <div  data-lazy=\"1\" class=\"module_column tb-column col4-2 tb_16c958a first\">\n                    <!-- module text -->\n<div  class=\"module module-text tb_323e02a  repeat \" data-lazy=\"1\">\n        <div  class=\"tb_text_wrap\">\n        <p><span style=\"color: #434b6e; font-family: 'Ubuntu', sans-serif; font-size: 1.5em;\"><strong>Dra. Sandra Camacho Talavera<\/strong><\/span><br \/>M\u00c9DICO CIRUJANO Y PARTERO<br \/>ESPECIALIDAD PSIQUIATR\u00cdA INFANTIL, ADOLESCENTES Y ADULTO<\/p>    <\/div>\n<\/div>\n<!-- \/module text --><!-- module image -->\n<div  class=\"module module-image tb_cf1f496 image-top rounded  tf_mw wow\" data-tf-animation=\"swing\" data-lazy=\"1\">\n        <div class=\"image-wrap tf_rel tf_mw\">\n            <img loading=\"lazy\" decoding=\"async\" width=\"300\" height=\"252\" src=\"https:\/\/www.guiamedicamorelos.com\/wp-medicos\/wp-content\/uploads\/2016\/06\/psiquiatra-sandra-camacho-cuernavaca-02.jpg\" class=\"wp-post-image wp-image-5007\" alt=\"Psiquiatras en Cuernavaca. PSIQUIATR\u00cdA INFANTIL, ADOLESCENTES Y ADULTOS\">    \n        <\/div>\n    <!-- \/image-wrap -->\n    \n        <\/div>\n<!-- \/module image --><!-- module text -->\n<div  class=\"module module-text tb_v9vz840  repeat \" data-lazy=\"1\">\n        <div  class=\"tb_text_wrap\">\n        <p><span class=\"shortcode themify-icon \"><i class=\"themify-icon-icon\" style=\"color: #fffff;\"><svg  class=\"tf_fa tf-fas-arrow-circle-right\" aria-hidden=\"true\"><use href=\"#tf-fas-arrow-circle-right\"><\/use><\/svg><\/i><\/span><strong>ENFERMEDADES:<br \/><\/strong><\/p>\n<ul style=\"list-style-type: square;\">\n<li>Trastornos de conducta infantil y adolescentes<\/li>\n<li>Trastornos de ansiedad: Ansiedad de separaci\u00f3n, ataques de p\u00e1nico,agorafobia, estr\u00e9s post-traum\u00e1tico<\/li>\n<li>Depresi\u00f3n<\/li>\n<li>Psicosis: Esquizofrenia, bipolar<\/li>\n<li>Trastornos de la Conducta Alimentaria: Anorexia y Bulimia<\/li>\n<li>Trastorno Obsesivo Compulsivo<\/li>\n<li>Trastorno Bipolar<\/li>\n<li>Trastorno por D\u00e9ficit de Atenci\u00f3n e Hiperactividad<\/li>\n<li>Insomnio y trastornos del sue\u00f1o<\/li>\n<\/ul>    <\/div>\n<\/div>\n<!-- \/module text --><!-- module text -->\n<div  class=\"module module-text tb_ci3n840  repeat \" data-lazy=\"1\">\n        <div  class=\"tb_text_wrap\">\n        <p><span class=\"shortcode themify-icon \"><i class=\"themify-icon-icon\" style=\"color: #fffff;\"><svg  class=\"tf_fa tf-fas-arrow-circle-right\" aria-hidden=\"true\"><use href=\"#tf-fas-arrow-circle-right\"><\/use><\/svg><\/i><\/span><strong>FORMACI\u00d3N:<\/strong><\/p>\n<p><strong>Psiq. Sandra Camacho<\/strong><\/p>\n<div><strong><span class=\" author-d-iz88z86z86za0dz67zz78zz78zz74zz68zjz80zz71z9iz90z95iyz85zz78z1xz122zz68zz71zfqbfje6rfr5z86zxfz76zz79zuz81zz68zz85z\">M\u00e9dico Cirujano y Partero\u00a0<\/span><\/strong><\/div>\n<div><span class=\" author-d-iz88z86z86za0dz67zz78zz78zz74zz68zjz80zz71z9iz90z95iyz85zz78z1xz122zz68zz71zfqbfje6rfr5z86zxfz76zz79zuz81zz68zz85z\">Facultad de Medicina Dr. Ignacio Ch\u00e1vez<\/span><\/div>\n<div><span class=\" author-d-iz88z86z86za0dz67zz78zz78zz74zz68zjz80zz71z9iz90z95iyz85zz78z1xz122zz68zz71zfqbfje6rfr5z86zxfz76zz79zuz81zz68zz85z\">Universidad Michoacana de San Nicol\u00e1s de Hidalgo<\/span><\/div>\n<div><span class=\" author-d-iz88z86z86za0dz67zz78zz78zz74zz68zjz80zz71z9iz90z95iyz85zz78z1xz122zz68zz71zfqbfje6rfr5z86zxfz76zz79zuz81zz68zz85z\">Morelia, Michoac\u00e1n.<\/span><\/div>\n<div><span class=\" author-d-iz88z86z86za0dz67zz78zz78zz74zz68zjz80zz71z9iz90z95iyz85zz78z1xz122zz68zz71zfqbfje6rfr5z86zxfz76zz79zuz81zz68zz85z\">Ced. Prof. 1311161<\/span><\/div>\n<div>\u00a0<\/div>\n<div><strong><span class=\" author-d-iz88z86z86za0dz67zz78zz78zz74zz68zjz80zz71z9iz90z95iyz85zz78z1xz122zz68zz71zfqbfje6rfr5z86zxfz76zz79zuz81zz68zz85z\">Especialidad en Psiquiatr\u00eda infantil y de la Adolescencia<\/span><\/strong><\/div>\n<div><span class=\" author-d-iz88z86z86za0dz67zz78zz78zz74zz68zjz80zz71z9iz90z95iyz85zz78z1xz122zz68zz71zfqbfje6rfr5z86zxfz76zz79zuz81zz68zz85z\">Hospital Psiqui\u00e1trico Infantil Dr. Juan N. Navarro de la SSA<\/span><\/div>\n<div><span class=\" author-d-iz88z86z86za0dz67zz78zz78zz74zz68zjz80zz71z9iz90z95iyz85zz78z1xz122zz68zz71zfqbfje6rfr5z86zxfz76zz79zuz81zz68zz85z\">Ciudad de M\u00e9xico.<\/span><\/div>\n<div><span class=\" author-d-iz88z86z86za0dz67zz78zz78zz74zz68zjz80zz71z9iz90z95iyz85zz78z1xz122zz68zz71zfqbfje6rfr5z86zxfz76zz79zuz81zz68zz85z\">Ced. Especialidad: 344388<\/span><\/div>    <\/div>\n<\/div>\n<!-- \/module text -->        <\/div>\n                    <div  data-lazy=\"1\" class=\"module_column tb-column col4-2 tb_4d3698d last\">\n                    <!-- module image -->\n<div  class=\"module module-image tb_dc8120b image-center rounded  tf_mw\" data-lazy=\"1\">\n        <div class=\"image-wrap tf_rel tf_mw\">\n            <img loading=\"lazy\" decoding=\"async\" src=\"https:\/\/www.guiamedicamorelos.com\/wp-medicos\/wp-content\/uploads\/2016\/04\/psiquiatra-sandra-camacho-cuernavaca-01-270x216.jpg\" width=\"270\" height=\"216\" class=\"wp-post-image wp-image-4882\" alt=\"Las enfermedades mentales afectan a gran cantidad de personas. En t\u00e9rminos estad\u00edsticos, se habla de que un tercio de la poblaci\u00f3n sufrir\u00e1n alg\u00fan tipo de desorden mental durante su vida.\" srcset=\"https:\/\/www.guiamedicamorelos.com\/wp-medicos\/wp-content\/uploads\/2016\/04\/psiquiatra-sandra-camacho-cuernavaca-01-270x216.jpg 270w, https:\/\/www.guiamedicamorelos.com\/wp-medicos\/wp-content\/uploads\/2016\/04\/psiquiatra-sandra-camacho-cuernavaca-01-300x240.jpg 300w, https:\/\/www.guiamedicamorelos.com\/wp-medicos\/wp-content\/uploads\/2016\/04\/psiquiatra-sandra-camacho-cuernavaca-01.jpg 320w\" sizes=\"auto, (max-width: 270px) 100vw, 270px\" \/>    \n        <\/div>\n    <!-- \/image-wrap -->\n    \n        <div class=\"image-content\">\n                        <div class=\"image-caption tb_text_wrap\">\n            Las enfermedades mentales afectan a gran cantidad de personas. En t\u00e9rminos estad\u00edsticos, se habla de que un tercio de la poblaci\u00f3n sufrir\u00e1n alg\u00fan tipo de desorden mental durante su vida.         <\/div>\n        <!-- \/image-caption -->\n            <\/div>\n    <!-- \/image-content -->\n        <\/div>\n<!-- \/module image --><!-- module image -->\n<div  class=\"module module-image tb_c5996fd image-card-layout rounded  tf_mw\" data-lazy=\"1\">\n        <div class=\"image-wrap tf_rel tf_mw\">\n            <img loading=\"lazy\" decoding=\"async\" src=\"https:\/\/www.guiamedicamorelos.com\/wp-medicos\/wp-content\/uploads\/2016\/04\/psiquiatra-sandra-camacho-cuernavaca-03-300x225.jpe\" width=\"300\" height=\"225\" class=\"wp-post-image wp-image-4884\" alt=\"En una familia es muy f\u00e1cil encontrar el eje de toda una din\u00e1mica familiar problem\u00e1tica en uno de sus miembros quien suele corresponder a la figura m\u00e1s sensible y susceptible: EL NI\u00d1O.\" srcset=\"https:\/\/www.guiamedicamorelos.com\/wp-medicos\/wp-content\/uploads\/2016\/04\/psiquiatra-sandra-camacho-cuernavaca-03-300x225.jpe 300w, https:\/\/www.guiamedicamorelos.com\/wp-medicos\/wp-content\/uploads\/2016\/04\/psiquiatra-sandra-camacho-cuernavaca-03.jpe 400w\" sizes=\"auto, (max-width: 300px) 100vw, 300px\" \/>    \n        <\/div>\n    <!-- \/image-wrap -->\n    \n        <div class=\"image-content\">\n                        <div class=\"image-caption tb_text_wrap\">\n            En una familia es muy f\u00e1cil encontrar el eje de toda una din\u00e1mica familiar problem\u00e1tica en uno de sus miembros quien suele corresponder a la figura m\u00e1s sensible y susceptible: EL NI\u00d1O.        <\/div>\n        <!-- \/image-caption -->\n            <\/div>\n    <!-- \/image-content -->\n        <\/div>\n<!-- \/module image --><!-- module text -->\n<div  class=\"module module-text tb_5e40018  repeat \" data-lazy=\"1\">\n        <div  class=\"tb_text_wrap\">\n        <p>Tratamiento a enfermedades f\u00edsicas cr\u00f3nicas y sin diagn\u00f3stico preciso.<br \/>(Somatizaci\u00f3n)<\/p>    <\/div>\n<\/div>\n<!-- \/module text -->        <\/div>\n                        <\/div>\n        <\/div>\n                        <div  data-lazy=\"1\" class=\"module_row themify_builder_row tb_31a25df tf_w\">\n                        <div class=\"row_inner col_align_top tb_col_count_2 tf_box tf_rel\">\n                        <div  data-lazy=\"1\" class=\"module_column tb-column col4-1 tb_f496d1c first\">\n                    <!-- module text -->\n<div  class=\"module module-text tb_c87f5cb  repeat \" data-lazy=\"1\">\n        <div  class=\"tb_text_wrap\">\n        <p><b>CONSULTORIO <\/b><\/p>\n<p><strong>Psiq. Sandra Camacho<\/strong><br \/>Teopanzolco 408<br \/>2do Piso &#8211; Consultorio 201<br \/>Col. Reforma<br \/>(Enfrente de Librer\u00eda Gandhi)<br \/>Cuernavaca, Mor.<\/p>\n<p><b><br \/>CONSULTA PREVIA CITA<\/b><br \/>Cel. \u00a0(777) 135-3092<\/p>    <\/div>\n<\/div>\n<!-- \/module text -->        <\/div>\n                    <div  data-lazy=\"1\" class=\"module_column tb-column col4-3 tb_50b798c last\">\n                    <!-- module text -->\n<div  class=\"module module-text tb_1513371  repeat \" data-lazy=\"1\">\n        <div  class=\"tb_text_wrap\">\n        <p><iframe loading=\"lazy\" style=\"border: 0;\" src=\"https:\/\/www.google.com\/maps\/embed?pb=!1m18!1m12!1m3!1d3773.825997886843!2d-99.2253786851009!3d18.939094487166557!2m3!1f0!2f0!3f0!3m2!1i1024!2i768!4f13.1!3m3!1m2!1s0x0%3A0x2bf70341a9146a73!2sDra.+Sandra+Camacho+Talavera!5e0!3m2!1ses-419!2s!4v1461952295115\" width=\"100%\" height=\"300\" frameborder=\"0\" allowfullscreen=\"allowfullscreen\"><\/iframe><\/p>\n    <\/div>\n<\/div>\n<!-- \/module text -->        <\/div>\n                        <\/div>\n        <\/div>\n        <\/div>\n<!--\/themify_builder_content-->","protected":false},"excerpt":{"rendered":"<p>Dra. Sandra Camacho TalaveraM\u00c9DICO CIRUJANO Y PARTEROESPECIALIDAD PSIQUIATR\u00cdA INFANTIL, ADOLESCENTES Y ADULTO ENFERMEDADES: Trastornos de conducta infantil y adolescentes Trastornos de ansiedad: Ansiedad de separaci\u00f3n, ataques de p\u00e1nico,agorafobia, estr\u00e9s post-traum\u00e1tico Depresi\u00f3n Psicosis: Esquizofrenia, bipolar Trastornos de la Conducta Alimentaria: Anorexia y Bulimia Trastorno Obsesivo Compulsivo Trastorno Bipolar Trastorno por D\u00e9ficit de Atenci\u00f3n e Hiperactividad Insomnio [&hellip;]<\/p>\n","protected":false},"author":1,"featured_media":0,"parent":0,"menu_order":0,"comment_status":"closed","ping_status":"closed","template":"","meta":{"_monsterinsights_skip_tracking":false,"_monsterinsights_sitenote_active":false,"_monsterinsights_sitenote_note":"","_monsterinsights_sitenote_category":0,"footnotes":""},"class_list":["post-4878","page","type-page","status-publish","hentry","has-post-title","has-post-date","has-post-category","has-post-tag","has-post-comment","has-post-author",""],"amp_enabled":true,"builder_content":"<p><strong>Dra. Sandra Camacho Talavera<\/strong><br \/>M\u00c9DICO CIRUJANO Y PARTERO<br \/>ESPECIALIDAD PSIQUIATR\u00cdA INFANTIL, ADOLESCENTES Y ADULTO<\/p>\n<img src=\"https:\/\/www.guiamedicamorelos.com\/wp-medicos\/wp-content\/uploads\/2016\/06\/psiquiatra-sandra-camacho-cuernavaca-02.jpg\" alt=\"Psiquiatras en Cuernavaca. PSIQUIATR\u00cdA INFANTIL, ADOLESCENTES Y ADULTOS\">\n<p>[themify_icon icon=\"fa-arrow-circle-right\" icon_color=\"#fffff\" ]<strong>ENFERMEDADES:<br \/><\/strong><\/p> <ul style=\"list-style-type: square;\"> <li>Trastornos de conducta infantil y adolescentes<\/li> <li>Trastornos de ansiedad: Ansiedad de separaci\u00f3n, ataques de p\u00e1nico,agorafobia, estr\u00e9s post-traum\u00e1tico<\/li> <li>Depresi\u00f3n<\/li> <li>Psicosis: Esquizofrenia, bipolar<\/li> <li>Trastornos de la Conducta Alimentaria: Anorexia y Bulimia<\/li> <li>Trastorno Obsesivo Compulsivo<\/li> <li>Trastorno Bipolar<\/li> <li>Trastorno por D\u00e9ficit de Atenci\u00f3n e Hiperactividad<\/li> <li>Insomnio y trastornos del sue\u00f1o<\/li> <\/ul>\n<p>[themify_icon icon=\"fa-arrow-circle-right\" icon_color=\"#fffff\" ]<strong>FORMACI\u00d3N:<\/strong><\/p> <p><strong>Psiq. Sandra Camacho<\/strong><\/p> <strong>M\u00e9dico Cirujano y Partero\u00a0<\/strong> Facultad de Medicina Dr. Ignacio Ch\u00e1vez Universidad Michoacana de San Nicol\u00e1s de Hidalgo Morelia, Michoac\u00e1n. Ced. Prof. 1311161 \u00a0 <strong>Especialidad en Psiquiatr\u00eda infantil y de la Adolescencia<\/strong> Hospital Psiqui\u00e1trico Infantil Dr. Juan N. Navarro de la SSA Ciudad de M\u00e9xico. Ced. Especialidad: 344388\n<img src=\"https:\/\/www.guiamedicamorelos.com\/wp-medicos\/wp-content\/uploads\/2016\/04\/psiquiatra-sandra-camacho-cuernavaca-01-270x216.jpg\" width=\"270\" height=\"216\" alt=\"Las enfermedades mentales afectan a gran cantidad de personas. En t\u00e9rminos estad\u00edsticos, se habla de que un tercio de la poblaci\u00f3n sufrir\u00e1n alg\u00fan tipo de desorden mental durante su vida.\" srcset=\"https:\/\/www.guiamedicamorelos.com\/wp-medicos\/wp-content\/uploads\/2016\/04\/psiquiatra-sandra-camacho-cuernavaca-01-270x216.jpg 270w, https:\/\/www.guiamedicamorelos.com\/wp-medicos\/wp-content\/uploads\/2016\/04\/psiquiatra-sandra-camacho-cuernavaca-01-300x240.jpg 300w, https:\/\/www.guiamedicamorelos.com\/wp-medicos\/wp-content\/uploads\/2016\/04\/psiquiatra-sandra-camacho-cuernavaca-01.jpg 320w\" sizes=\"(max-width: 270px) 100vw, 270px\" \/> Las enfermedades mentales afectan a gran cantidad de personas. En t\u00e9rminos estad\u00edsticos, se habla de que un tercio de la poblaci\u00f3n sufrir\u00e1n alg\u00fan tipo de desorden mental durante su vida.\n<img src=\"https:\/\/www.guiamedicamorelos.com\/wp-medicos\/wp-content\/uploads\/2016\/04\/psiquiatra-sandra-camacho-cuernavaca-03-300x225.jpe\" width=\"300\" height=\"225\" alt=\"En una familia es muy f\u00e1cil encontrar el eje de toda una din\u00e1mica familiar problem\u00e1tica en uno de sus miembros quien suele corresponder a la figura m\u00e1s sensible y susceptible: EL NI\u00d1O.\" srcset=\"https:\/\/www.guiamedicamorelos.com\/wp-medicos\/wp-content\/uploads\/2016\/04\/psiquiatra-sandra-camacho-cuernavaca-03-300x225.jpe 300w, https:\/\/www.guiamedicamorelos.com\/wp-medicos\/wp-content\/uploads\/2016\/04\/psiquiatra-sandra-camacho-cuernavaca-03.jpe 400w\" sizes=\"(max-width: 300px) 100vw, 300px\" \/> En una familia es muy f\u00e1cil encontrar el eje de toda una din\u00e1mica familiar problem\u00e1tica en uno de sus miembros quien suele corresponder a la figura m\u00e1s sensible y susceptible: EL NI\u00d1O.\n<p>Tratamiento a enfermedades f\u00edsicas cr\u00f3nicas y sin diagn\u00f3stico preciso.<br \/>(Somatizaci\u00f3n)<\/p>\n<p><b>CONSULTORIO <\/b><\/p> <p><strong>Psiq. Sandra Camacho<\/strong><br \/>Teopanzolco 408<br \/>2do Piso - Consultorio 201<br \/>Col. Reforma<br \/>(Enfrente de Librer\u00eda Gandhi)<br \/>Cuernavaca, Mor.<\/p> <p><b><br \/>CONSULTA PREVIA CITA<\/b><br \/>Cel. \u00a0(777) 135-3092<\/p>\n<p><iframe loading=\"lazy\" style=\"border: 0;\" src=\"https:\/\/www.google.com\/maps\/embed?pb=!1m18!1m12!1m3!1d3773.825997886843!2d-99.2253786851009!3d18.939094487166557!2m3!1f0!2f0!3f0!3m2!1i1024!2i768!4f13.1!3m3!1m2!1s0x0%3A0x2bf70341a9146a73!2sDra.+Sandra+Camacho+Talavera!5e0!3m2!1ses-419!2s!4v1461952295115\" width=\"100%\" height=\"300\" frameborder=\"0\" allowfullscreen=\"allowfullscreen\"><\/iframe><\/p>","_links":{"self":[{"href":"https:\/\/www.guiamedicamorelos.com\/wp-medicos\/wp-json\/wp\/v2\/pages\/4878","targetHints":{"allow":["GET"]}}],"collection":[{"href":"https:\/\/www.guiamedicamorelos.com\/wp-medicos\/wp-json\/wp\/v2\/pages"}],"about":[{"href":"https:\/\/www.guiamedicamorelos.com\/wp-medicos\/wp-json\/wp\/v2\/types\/page"}],"author":[{"embeddable":true,"href":"https:\/\/www.guiamedicamorelos.com\/wp-medicos\/wp-json\/wp\/v2\/users\/1"}],"replies":[{"embeddable":true,"href":"https:\/\/www.guiamedicamorelos.com\/wp-medicos\/wp-json\/wp\/v2\/comments?post=4878"}],"version-history":[{"count":47,"href":"https:\/\/www.guiamedicamorelos.com\/wp-medicos\/wp-json\/wp\/v2\/pages\/4878\/revisions"}],"predecessor-version":[{"id":9521,"href":"https:\/\/www.guiamedicamorelos.com\/wp-medicos\/wp-json\/wp\/v2\/pages\/4878\/revisions\/9521"}],"wp:attachment":[{"href":"https:\/\/www.guiamedicamorelos.com\/wp-medicos\/wp-json\/wp\/v2\/media?parent=4878"}],"curies":[{"name":"wp","href":"https:\/\/api.w.org\/{rel}","templated":true}]}}