{"id":6602,"date":"2017-04-27T14:27:59","date_gmt":"2017-04-27T19:27:59","guid":{"rendered":"http:\/\/www.guiamedicamorelos.com\/alergologos-en-cuernavaca-copy\/"},"modified":"2022-01-04T11:20:46","modified_gmt":"2022-01-04T17:20:46","slug":"cirujanos-generales-en-cuernavaca","status":"publish","type":"page","link":"https:\/\/www.guiamedicamorelos.com\/wp-medicos\/cirujanos-generales-en-cuernavaca\/","title":{"rendered":"Cirujanos Generales en Cuernavaca"},"content":{"rendered":"<p><\/p>\n<!--themify_builder_content-->\n<div id=\"themify_builder_content-6602\" data-postid=\"6602\" class=\"themify_builder_content themify_builder_content-6602 themify_builder tf_clear\">\n                    <div  data-lazy=\"1\" class=\"module_row themify_builder_row tb_16da9f1 tb_first tf_w\">\n                        <div class=\"row_inner gutter-narrow col_align_top tb_col_count_2 tf_box tf_rel\">\n                        <div  data-lazy=\"1\" class=\"module_column tb-column col3-2 tb_f37f1f2 first\">\n                    <!-- module text -->\n<div  class=\"module module-text tb_49c57c0   \" data-lazy=\"1\">\n        <div  class=\"tb_text_wrap\">\n        <div class=\"tb_layout_part_wrap tf_w\"><!--themify_builder_content-->\n    <div  class=\"themify_builder_content themify_builder_content-5987 themify_builder not_editable_builder in_the_loop\" data-postid=\"5987\">\n                        <div  data-lazy=\"1\" class=\"module_row themify_builder_row tb_tb72447 tf_w\">\n                        <div class=\"row_inner col_align_top tb_col_count_1 tf_box tf_rel\">\n                        <div  data-lazy=\"1\" class=\"module_column tb-column col-full  tb_urq0777 first\">\n                    <!-- module image -->\n<div  class=\"module module-image tb_z3pd710 image-center    auto_fullwidth tf_mw\" data-lazy=\"1\">\n        <div class=\"image-wrap tf_rel tf_mw\">\n            <a href=\"http:\/\/www.guiamedicamorelos.com\/torre-medica-cuernavaca\">\n                   <img loading=\"lazy\" decoding=\"async\" src=\"http:\/\/www.guiamedicamorelos.com\/wp-medicos\/wp-content\/uploads\/2017\/05\/banner-torremedicacuernavaca-02.jpg\" width=\"700\" height=\"100\" title=\"Cirujanos Generales en Cuernavaca\" alt=\"Cirujanos Generales en Cuernavaca\">        <\/a>\n    \n        <\/div>\n    <!-- \/image-wrap -->\n    \n        <\/div>\n<!-- \/module image -->        <\/div>\n                        <\/div>\n        <\/div>\n            <\/div>\n<!--\/themify_builder_content--><\/div>\n    <\/div>\n<\/div>\n<!-- \/module text --><!-- module text -->\n<div  class=\"module module-text tb_83fc1c7   \" data-lazy=\"1\">\n        <div  class=\"tb_text_wrap\">\n        <p>Cirujanos Generales en Cuernavaca<\/p>    <\/div>\n<\/div>\n<!-- \/module text --><!-- module text -->\n<div  class=\"module module-text tb_8nsc252  repeat \" data-lazy=\"1\">\n        <div  class=\"tb_text_wrap\">\n        <p><img loading=\"lazy\" decoding=\"async\" class=\"alignnone wp-image-4414\" src=\"https:\/\/www.guiamedicamorelos.com\/wp-medicos\/wp-content\/uploads\/2015\/08\/insercion-vip.png\" alt=\"insercion vip\" width=\"111\" height=\"25\"><\/p>\n<p><span style=\"color: #434b6e; font-family: 'Ubuntu', sans-serif; font-size: 1.5em;\"><strong>Dr. Efra\u00edn Vargas Tapia<br><\/strong><\/span>M\u00c9DICO CIRUJANO GASTROINTESTINAL<br>M\u00e9dico Militar<\/p>\n<p><em>Recertificado por el Consejo Mexicano de Cirug\u00eda General<\/em><\/p>\n<p>Cirug\u00eda General Gastroenterol\u00f3gica,\u00a0 Cirug\u00eda Laparosc\u00f3pica (de m\u00ednima invasi\u00f3n), Urgencias M\u00e9dico Quir\u00fargicas. Enfermedades del colon y recto.<em><br><\/em><\/p>\n<p><img loading=\"lazy\" decoding=\"async\" class=\"alignnone wp-image-4717\" src=\"https:\/\/www.guiamedicamorelos.com\/wp-medicos\/wp-content\/uploads\/2015\/08\/gatroenterologo-cuernavaca-efrain-vargas-00.jpg\" alt=\"gastroenterologo en cuernavaca efrain vargas\" width=\"509\" height=\"199\"><\/p>\n<p><b><br>CONSULTORIO<\/b><br>Calle Cuauht\u00e9moc No. 203<br>Consultorio 105 (1er. Piso)<br>Col. Del Empleado<br>Cuernavaca, Mor.<\/p>\n<p><strong>CONSULTA PREVIA CITA<br><\/strong>Tel\u00e9fonos: (777) 102-2568 y 311-9717<\/p>\n<p><strong>HORARIO<\/strong><br>Lunes a Viernes: 9:00-20:00 hrs.<br>S\u00e1bados:\u00a09:00-14:00 hrs.<br><strong><br>URGENCIAS<\/strong>:<br>Cel. ( 777) 191-6382<br>Puede enviar WhatsApp <img loading=\"lazy\" decoding=\"async\" class=\"alignnone wp-image-5092\" src=\"https:\/\/www.guiamedicamorelos.com\/wp-medicos\/wp-content\/uploads\/2016\/07\/logo-whatsapp.png\" alt=\"\" width=\"15\" height=\"14\"><\/p>\n<p><a href=\"https:\/\/www.gastroenterologoefrainvargas.com\" class=\"shortcode button    large\" style=\"background-color: #006693;color: #ffffff;\" target=\"_blank\">Ir a P\u00e1gina Web del Dr. Efra\u00edn Vargas Tapia<\/a><hr class=\"shortcode hr light-gray\" style=\"width:100%;border-width:1px;\" \/><br><br><\/p>    <\/div>\n<\/div>\n<!-- \/module text --><!-- module text -->\n<div  class=\"module module-text tb_30e4308  repeat \" data-lazy=\"1\">\n        <div  class=\"tb_text_wrap\">\n        <p><a href=\"https:\/\/www.guiamedicamorelos.com\/wp-medicos\/wp-content\/uploads\/2015\/08\/insercion-vip.png\"><img loading=\"lazy\" decoding=\"async\" class=\"alignnone size-full wp-image-4414\" src=\"https:\/\/www.guiamedicamorelos.com\/wp-medicos\/wp-content\/uploads\/2015\/08\/insercion-vip.png\" alt=\"\" width=\"133\" height=\"30\" \/><br \/><\/a><br \/><span style=\"color: #434b6e; font-family: 'Ubuntu', sans-serif; font-size: 1.5em;\"><strong>Dr. Julio Cesar Rosiles Dom\u00ednguez<br \/><\/strong><\/span>M\u00c9DICO CIRUJANO GASTROINTESTINAL Y COLOPROCT\u00d3LOGO<br \/>M\u00e9dico Militar<\/p>\n<p><em>Certificado por el Consejo Mexicano de Cirug\u00eda General<\/em><\/p>\n<p>Tratamiento M\u00e9dico y Quir\u00fargico para Padecimientos de \u00c1rea Digestiva, Colon, Recto y Ano.<em><br \/><\/em><\/p>\n<p><img loading=\"lazy\" decoding=\"async\" src=\"https:\/\/www.guiamedicamorelos.com\/wp-medicos\/wp-content\/uploads\/2021\/04\/00-dr-julio-cesar-rosiles-coloproctologo-y-cirujanogastrico-300x283.jpg\" alt=\"\" width=\"300\" height=\"283\" class=\"alignnone size-medium wp-image-9654\" srcset=\"https:\/\/www.guiamedicamorelos.com\/wp-medicos\/wp-content\/uploads\/2021\/04\/00-dr-julio-cesar-rosiles-coloproctologo-y-cirujanogastrico-300x283.jpg 300w, https:\/\/www.guiamedicamorelos.com\/wp-medicos\/wp-content\/uploads\/2021\/04\/00-dr-julio-cesar-rosiles-coloproctologo-y-cirujanogastrico.jpg 500w\" sizes=\"auto, (max-width: 300px) 100vw, 300px\" \/><\/p>\n<p><b>CONSULTORIO<\/b><br \/><span>Privada del Carmen No. 9<\/span><br \/><span>Piso 2, Consultorio 202<\/span><br \/><span>Col. Las Palmas<\/span><br \/><span>Cuernavaca, Mor.<\/span><\/p>\n<p><strong>CITAS<\/strong><br \/><span>Tel. 777 290 0100<\/span><br \/><span>Ext. 2010<\/span><\/p>\n<p><b>Licenciatura: M\u00e9dico<\/b><strong><span>\u00a0<\/span>Cirujano Militar<br \/><\/strong>Escuela M\u00e9dico Militar<br \/>Ciudad de M\u00e9xico<br \/>C\u00e9dula Profesional: 5805401<\/p>\n<p><strong>Especialidad:<span>\u00a0<\/span><\/strong><strong>Cirug\u00eda General<\/strong><br \/>Escuela Militar de Graduados de Sanidad<br \/>Ciudad de M\u00e9xico<br \/>C\u00e9dula Especialidad: 10114321<\/p>\n<p><strong>Especialidad: Coloproctolog\u00eda<\/strong><br \/>Escuela Militar de Graduados de Sanidad<br \/>Ciudad de M\u00e9xico<br \/>C\u00e9dula Especialidad: en tr\u00e1mite<\/p>    <\/div>\n<\/div>\n<!-- \/module text --><!-- module text -->\n<div  class=\"module module-text tb_xtu6828  repeat \" data-lazy=\"1\">\n        <div  class=\"tb_text_wrap\">\n        <a href=\"https:\/\/www.drjuliocesarrosilesdominguez.com\/\" class=\"shortcode button    large\" style=\"background-color: #006693;color: #ffffff;\" target=\"_blank\">Ir a P\u00e1gina Web del Dr. Julio C\u00e9sar Roslies Dom\u00ednguez<\/a>\n    <\/div>\n<\/div>\n<!-- \/module text -->        <\/div>\n                    <div  data-lazy=\"1\" class=\"module_column tb-column col3-1 tb_5766552 last\">\n                    <!-- module text -->\n<div  class=\"module module-text tb_c773134   \" data-lazy=\"1\">\n        <div  class=\"tb_text_wrap\">\n            <\/div>\n<\/div>\n<!-- \/module text --><!-- module text -->\n<div  class=\"module module-text tb_76c157c   \" data-lazy=\"1\">\n        <div  class=\"tb_text_wrap\">\n        <div class=\"tb_layout_part_wrap tf_w\"><!--themify_builder_content-->\n    <div  class=\"themify_builder_content themify_builder_content-4771 themify_builder not_editable_builder in_the_loop\" data-postid=\"4771\">\n                        <div  data-lazy=\"1\" class=\"module_row themify_builder_row tb_57360ad tf_w\">\n                        <div class=\"row_inner col_align_top tb_col_count_1 tf_box tf_rel\">\n                        <div  data-lazy=\"1\" class=\"module_column tb-column col-full tb_065d41e first\">\n                    <!-- module image -->\n<div  class=\"module module-image tb_ee06636 image-center   tf_mw\" data-lazy=\"1\">\n        <div class=\"image-wrap tf_rel tf_mw\">\n            <a href=\"https:\/\/www.guiamedicamorelos.com\/wp-medicos\/contacto\">\n                   <img loading=\"lazy\" decoding=\"async\" width=\"278\" height=\"111\" src=\"https:\/\/www.guiamedicamorelos.com\/wp-medicos\/wp-content\/uploads\/2015\/07\/anunciate-guiamedicamorelos.jpg\" class=\"wp-post-image wp-image-4347\" alt=\"Gu\u00eda Medica Morelos\" srcset=\"https:\/\/www.guiamedicamorelos.com\/wp-medicos\/wp-content\/uploads\/2015\/07\/anunciate-guiamedicamorelos.jpg 278w, https:\/\/www.guiamedicamorelos.com\/wp-medicos\/wp-content\/uploads\/2015\/07\/anunciate-guiamedicamorelos-375x150.jpg 375w, https:\/\/www.guiamedicamorelos.com\/wp-medicos\/wp-content\/uploads\/2015\/07\/anunciate-guiamedicamorelos-200x80.jpg 200w\" sizes=\"auto, (max-width: 278px) 100vw, 278px\" \/>        <\/a>\n    \n        <\/div>\n    <!-- \/image-wrap -->\n    \n        <\/div>\n<!-- \/module image -->        <\/div>\n                        <\/div>\n        <\/div>\n                        <div  data-lazy=\"1\" class=\"module_row themify_builder_row tb_g0w1509 tf_w\">\n                        <div class=\"row_inner col_align_top tb_col_count_1 tf_box tf_rel\">\n                        <div  data-lazy=\"1\" class=\"module_column tb-column col-full tb_7e8a530 first\">\n                            <\/div>\n                        <\/div>\n        <\/div>\n            <\/div>\n<!--\/themify_builder_content--><\/div>\n    <\/div>\n<\/div>\n<!-- \/module text -->        <\/div>\n                        <\/div>\n        <\/div>\n                        <div  data-lazy=\"1\" class=\"module_row themify_builder_row tb_dd023f0 tf_w\">\n                        <div class=\"row_inner col_align_top tb_col_count_1 tf_box tf_rel\">\n                        <div  data-lazy=\"1\" class=\"module_column tb-column col-full tb_a175b82 first\">\n                    <!-- module text -->\n<div  class=\"module module-text tb_3490387  repeat \" data-lazy=\"1\">\n        <div  class=\"tb_text_wrap\">\n        <p><strong>NOTA IMPORTANTE:<\/strong> El objetivo de Gu\u00eda M\u00e9dica Morelos, es meramente informativo y de uso publicitario, sin recomendar expl\u00edcitamente alg\u00fan servicio y\/o producto aqu\u00ed anunciado o listado.<\/p>    <\/div>\n<\/div>\n<!-- \/module text -->        <\/div>\n                        <\/div>\n        <\/div>\n        <\/div>\n<!--\/themify_builder_content-->\n\n<p><\/p>","protected":false},"excerpt":{"rendered":"<p>Cirujanos Generales en Cuernavaca Dr. Efra\u00edn Vargas TapiaM\u00c9DICO CIRUJANO GASTROINTESTINALM\u00e9dico Militar Recertificado por el Consejo Mexicano de Cirug\u00eda General Cirug\u00eda General Gastroenterol\u00f3gica,\u00a0 Cirug\u00eda Laparosc\u00f3pica (de m\u00ednima invasi\u00f3n), Urgencias M\u00e9dico Quir\u00fargicas. Enfermedades del colon y recto. CONSULTORIOCalle Cuauht\u00e9moc No. 203Consultorio 105 (1er. Piso)Col. Del EmpleadoCuernavaca, Mor. CONSULTA PREVIA CITATel\u00e9fonos: (777) 102-2568 y 311-9717 HORARIOLunes a Viernes: [&hellip;]<\/p>\n","protected":false},"author":1,"featured_media":0,"parent":0,"menu_order":0,"comment_status":"open","ping_status":"open","template":"","meta":{"_monsterinsights_skip_tracking":false,"_monsterinsights_sitenote_active":false,"_monsterinsights_sitenote_note":"","_monsterinsights_sitenote_category":0,"footnotes":""},"class_list":["post-6602","page","type-page","status-publish","hentry","has-post-title","has-post-date","has-post-category","has-post-tag","has-post-comment","has-post-author",""],"amp_enabled":true,"builder_content":"[themify_layout_part id=\"5987\"]\n<p>Cirujanos Generales en Cuernavaca<\/p>\n<p><img loading=\"lazy\" decoding=\"async\" src=\"https:\/\/www.guiamedicamorelos.com\/wp-medicos\/wp-content\/uploads\/2015\/08\/insercion-vip.png\" alt=\"insercion vip\" width=\"111\" height=\"25\"><\/p> <p><strong>Dr. Efra\u00edn Vargas Tapia<br><\/strong>M\u00c9DICO CIRUJANO GASTROINTESTINAL<br>M\u00e9dico Militar<\/p> <p><em>Recertificado por el Consejo Mexicano de Cirug\u00eda General<\/em><\/p> <p>Cirug\u00eda General Gastroenterol\u00f3gica,\u00a0 Cirug\u00eda Laparosc\u00f3pica (de m\u00ednima invasi\u00f3n), Urgencias M\u00e9dico Quir\u00fargicas. Enfermedades del colon y recto.<em><br><\/em><\/p> <p><img loading=\"lazy\" decoding=\"async\" src=\"https:\/\/www.guiamedicamorelos.com\/wp-medicos\/wp-content\/uploads\/2015\/08\/gatroenterologo-cuernavaca-efrain-vargas-00.jpg\" alt=\"gastroenterologo en cuernavaca efrain vargas\" width=\"509\" height=\"199\"><\/p> <p><b><br>CONSULTORIO<\/b><br>Calle Cuauht\u00e9moc No. 203<br>Consultorio 105 (1er. Piso)<br>Col. Del Empleado<br>Cuernavaca, Mor.<\/p> <p><strong>CONSULTA PREVIA CITA<br><\/strong>Tel\u00e9fonos: (777) 102-2568 y 311-9717<\/p> <p><strong>HORARIO<\/strong><br>Lunes a Viernes: 9:00-20:00 hrs.<br>S\u00e1bados:\u00a09:00-14:00 hrs.<br><strong><br>URGENCIAS<\/strong>:<br>Cel. ( 777) 191-6382<br>Puede enviar WhatsApp <img loading=\"lazy\" decoding=\"async\" src=\"https:\/\/www.guiamedicamorelos.com\/wp-medicos\/wp-content\/uploads\/2016\/07\/logo-whatsapp.png\" alt=\"\" width=\"15\" height=\"14\"><\/p> <p>[themify_button style=\"large\" color=\"#006693\" link=\"https:\/\/www.gastroenterologoefrainvargas.com\" target=\"_blank\" text=\"#ffffff\" ]Ir a P\u00e1gina Web del Dr. Efra\u00edn Vargas Tapia[\/themify_button][themify_hr color=\"light-gray\" width=\"100%\" border_width=\"1px\" ]<br><br><\/p>\n<p><a href=\"https:\/\/www.guiamedicamorelos.com\/wp-medicos\/wp-content\/uploads\/2015\/08\/insercion-vip.png\"><img loading=\"lazy\" decoding=\"async\" src=\"https:\/\/www.guiamedicamorelos.com\/wp-medicos\/wp-content\/uploads\/2015\/08\/insercion-vip.png\" alt=\"\" width=\"133\" height=\"30\" \/><br \/><\/a><br \/><strong>Dr. Julio Cesar Rosiles Dom\u00ednguez<br \/><\/strong>M\u00c9DICO CIRUJANO GASTROINTESTINAL Y COLOPROCT\u00d3LOGO<br \/>M\u00e9dico Militar<\/p> <p><em>Certificado por el Consejo Mexicano de Cirug\u00eda General<\/em><\/p> <p>Tratamiento M\u00e9dico y Quir\u00fargico para Padecimientos de \u00c1rea Digestiva, Colon, Recto y Ano.<em><br \/><\/em><\/p> <p><img loading=\"lazy\" decoding=\"async\" src=\"https:\/\/www.guiamedicamorelos.com\/wp-medicos\/wp-content\/uploads\/2021\/04\/00-dr-julio-cesar-rosiles-coloproctologo-y-cirujanogastrico-300x283.jpg\" alt=\"\" width=\"300\" height=\"283\" srcset=\"https:\/\/www.guiamedicamorelos.com\/wp-medicos\/wp-content\/uploads\/2021\/04\/00-dr-julio-cesar-rosiles-coloproctologo-y-cirujanogastrico-300x283.jpg 300w, https:\/\/www.guiamedicamorelos.com\/wp-medicos\/wp-content\/uploads\/2021\/04\/00-dr-julio-cesar-rosiles-coloproctologo-y-cirujanogastrico.jpg 500w\" sizes=\"auto, (max-width: 300px) 100vw, 300px\" \/><\/p> <p><b>CONSULTORIO<\/b><br \/>Privada del Carmen No. 9<br \/>Piso 2, Consultorio 202<br \/>Col. Las Palmas<br \/>Cuernavaca, Mor.<\/p> <p><strong>CITAS<\/strong><br \/>Tel. 777 290 0100<br \/>Ext. 2010<\/p> <p><b>Licenciatura: M\u00e9dico<\/b><strong>\u00a0Cirujano Militar<br \/><\/strong>Escuela M\u00e9dico Militar<br \/>Ciudad de M\u00e9xico<br \/>C\u00e9dula Profesional: 5805401<\/p> <p><strong>Especialidad:\u00a0<\/strong><strong>Cirug\u00eda General<\/strong><br \/>Escuela Militar de Graduados de Sanidad<br \/>Ciudad de M\u00e9xico<br \/>C\u00e9dula Especialidad: 10114321<\/p> <p><strong>Especialidad: Coloproctolog\u00eda<\/strong><br \/>Escuela Militar de Graduados de Sanidad<br \/>Ciudad de M\u00e9xico<br \/>C\u00e9dula Especialidad: en tr\u00e1mite<\/p>\n<p>[themify_button style=\"large\" color=\"#006693\" link=\"https:\/\/www.drjuliocesarrosilesdominguez.com\/\" target=\"_blank\" text=\"#ffffff\" ]Ir a P\u00e1gina Web del Dr. Julio C\u00e9sar Roslies Dom\u00ednguez[\/themify_button]<\/p>\n<p>[themify_layout_part slug=\"siguenos-facebook\"]<\/p>\n<p>[themify_layout_part id=\"4771\"]<\/p>\n<p><strong>NOTA IMPORTANTE:<\/strong> El objetivo de Gu\u00eda M\u00e9dica Morelos, es meramente informativo y de uso publicitario, sin recomendar expl\u00edcitamente alg\u00fan servicio y\/o producto aqu\u00ed anunciado o listado.<\/p>","_links":{"self":[{"href":"https:\/\/www.guiamedicamorelos.com\/wp-medicos\/wp-json\/wp\/v2\/pages\/6602","targetHints":{"allow":["GET"]}}],"collection":[{"href":"https:\/\/www.guiamedicamorelos.com\/wp-medicos\/wp-json\/wp\/v2\/pages"}],"about":[{"href":"https:\/\/www.guiamedicamorelos.com\/wp-medicos\/wp-json\/wp\/v2\/types\/page"}],"author":[{"embeddable":true,"href":"https:\/\/www.guiamedicamorelos.com\/wp-medicos\/wp-json\/wp\/v2\/users\/1"}],"replies":[{"embeddable":true,"href":"https:\/\/www.guiamedicamorelos.com\/wp-medicos\/wp-json\/wp\/v2\/comments?post=6602"}],"version-history":[{"count":80,"href":"https:\/\/www.guiamedicamorelos.com\/wp-medicos\/wp-json\/wp\/v2\/pages\/6602\/revisions"}],"predecessor-version":[{"id":9702,"href":"https:\/\/www.guiamedicamorelos.com\/wp-medicos\/wp-json\/wp\/v2\/pages\/6602\/revisions\/9702"}],"wp:attachment":[{"href":"https:\/\/www.guiamedicamorelos.com\/wp-medicos\/wp-json\/wp\/v2\/media?parent=6602"}],"curies":[{"name":"wp","href":"https:\/\/api.w.org\/{rel}","templated":true}]}}